{"id":121359,"date":"2023-12-04T20:10:38","date_gmt":"2023-12-04T20:10:38","guid":{"rendered":"https:\/\/cobmex.com\/custom-knitwear-solutions\/"},"modified":"2023-12-22T16:27:46","modified_gmt":"2023-12-22T16:27:46","slug":"personalizado","status":"publish","type":"page","link":"https:\/\/cobmex.com\/es\/personalizado\/","title":{"rendered":"Personalizado"},"content":{"rendered":"<div class=\"wpb-content-wrapper\"><p>[vc_section full_width=&#8221;stretch_row&#8221; css=&#8221;.vc_custom_1701967066571{padding-top: 60px !important;padding-bottom: 60px !important;background: #c04733 url(https:\/\/cobmex.com\/wp-content\/uploads\/2023\/12\/cobmex-product.jpg?id=121146) !important;background-position: center !important;background-repeat: no-repeat !important;background-size: cover !important;}&#8221;][vc_row][vc_column][vc_custom_heading text=&#8221;Prendas de punto personalizadas&#8221; font_container=&#8221;tag:h1|font_size:35px|text_align:left|color:%23ffffff|line_height:40px&#8221; use_theme_fonts=&#8221;yes&#8221; css=&#8221;.vc_custom_1703258045389{padding-bottom: 30px !important;}&#8221;]<div id=\"ultimate-heading-582969e249b5eb8e3\" class=\"uvc-heading ult-adjust-bottom-margin ultimate-heading-582969e249b5eb8e3 uvc-1795  uvc-heading-default-font-sizes\" data-hspacer=\"no_spacer\"  data-halign=\"left\" style=\"text-align:left\"><div class=\"uvc-heading-spacer no_spacer\" style=\"top\"><\/div><div class=\"uvc-sub-heading ult-responsive\"  data-ultimate-target='.uvc-heading.ultimate-heading-582969e249b5eb8e3 .uvc-sub-heading '  data-responsive-json-new='{\"font-size\":\"\",\"line-height\":\"\"}'  style=\"font-weight:normal;\"><span style=\"font-size: 20px; color: white;\">COBMEX\u00ae se especializa en dise\u00f1ar prendas de punto a medida para cumplir con los requisitos espec\u00edficos de su programa de uniformes personalizados. Nuestros 25 a\u00f1os de experiencia en confecci\u00f3n de su\u00e9teres de uniforme y un equipo de especialistas expertos en tejidos de punto, dan a nuestros clientes la confianza de que podemos llevar su visi\u00f3n a la vida. COBMEX\u00ae tiene la confianza de marcas globales de todos los sectores y suministra su\u00e9teres funcionales que se adaptan a las necesidades \u00fanicas de cada cliente.<\/span><\/div><\/div>[\/vc_column][\/vc_row][\/vc_section][vc_section][vc_row gap=&#8221;30&#8243; equal_height=&#8221;yes&#8221; content_placement=&#8221;middle&#8221;][vc_column width=&#8221;8\/12&#8243; css=&#8221;.vc_custom_1703171823460{margin-left: 40px !important;}&#8221;][vc_custom_heading text=&#8221;De la fibra al producto final&#8221; use_theme_fonts=&#8221;yes&#8221; css=&#8221;.vc_custom_1703258090005{padding-bottom: 30px !important;}&#8221;][vc_column_text css=&#8221;.vc_custom_1703258100598{margin-bottom: 25px !important;}&#8221;]Fabricar su\u00e9teres personalizados nos permite tener un control excepcional sobre el proceso de dise\u00f1o.[\/vc_column_text][vc_column_text css=&#8221;.vc_custom_1703258111251{margin-bottom: 25px !important;}&#8221;]La base de nuestra estrategia es nuestro equipo de expertos en tejidos que seleccionan estrat\u00e9gicamente materias primas que se alinean con los requisitos \u00fanicos de cada proyecto. Nos centramos en cada detalle espec\u00edfico, considerando las actividades diarias del usuario final para dise\u00f1ar uniformes que no solo tienen una est\u00e9tica impecable, sino tambi\u00e9n una funcionalidad intachable.[\/vc_column_text][\/vc_column][vc_column width=&#8221;4\/12&#8243;][vc_single_image image=&#8221;121162&#8243; img_size=&#8221;300&#215;400&#8243;][\/vc_column][\/vc_row][\/vc_section][vc_section][vc_row][vc_column width=&#8221;1\/12&#8243;][\/vc_column][vc_column width=&#8221;10\/12&#8243;][vc_custom_heading text=&#8221;Nuestra gran prioridad, el usuario final&#8221; font_container=&#8221;tag:h2|text_align:center&#8221; use_theme_fonts=&#8221;yes&#8221; css=&#8221;.vc_custom_1703258128910{padding-bottom: 10px !important;}&#8221;][vc_column_text css=&#8221;.vc_custom_1703258143515{margin-bottom: 25px !important;}&#8221; el_class=&#8221;text-centered&#8221;]El pilar de todos nuestros programas personalizados es el usuario final. Nuestros su\u00e9teres tejidos personalizados no solo est\u00e1n dise\u00f1ados por su estilo, sino tambi\u00e9n para maximizar funcionalidad y comodidad. Priorizamos las necesidades, las preferencias y la comodidad de su cliente por encima de todo.[\/vc_column_text][vc_column_text css=&#8221;.vc_custom_1703258157027{margin-bottom: 25px !important;}&#8221; el_class=&#8221;text-centered&#8221;]Al centrar nuestros procesos de creaci\u00f3n y desarrollo en las personas que van a llevar nuestros su\u00e9teres, nos aseguramos de que cada prenda sea un a\u00f1adido perfecto a su programa de uniformes personalizados.[\/vc_column_text][\/vc_column][vc_column width=&#8221;1\/12&#8243;][\/vc_column][\/vc_row][vc_row][vc_column width=&#8221;1\/2&#8243;][vc_single_image image=&#8221;121178&#8243; img_size=&#8221;full&#8221;][\/vc_column][vc_column width=&#8221;1\/2&#8243;][vc_single_image image=&#8221;121181&#8243; img_size=&#8221;full&#8221;][\/vc_column][\/vc_row][\/vc_section][vc_section css=&#8221;.vc_custom_1701722973868{padding-top: 40px !important;}&#8221;][vc_row][vc_column][vc_custom_heading text=&#8221;Expertos en tejidos al alcance de su mano&#8221; font_container=&#8221;tag:h2|text_align:center&#8221; use_theme_fonts=&#8221;yes&#8221; css=&#8221;.vc_custom_1703258178924{padding-bottom: 10px !important;}&#8221;][\/vc_column][\/vc_row][\/vc_section][vc_section full_width=&#8221;stretch_row&#8221; css=&#8221;.vc_custom_1701967230000{background-image: url(https:\/\/cobmex.com\/wp-content\/uploads\/2023\/11\/COBMEX_240723-45050-Product_4-.jpg?id=121066) !important;background-position: center !important;background-repeat: no-repeat !important;background-size: cover !important;}&#8221;][vc_row][vc_column][vc_empty_space height=&#8221;490&#8243;][\/vc_column][\/vc_row][\/vc_section][vc_section css=&#8221;.vc_custom_1701727493107{padding-top: 20px !important;}&#8221;][vc_row][vc_column width=&#8221;1\/12&#8243;][\/vc_column][vc_column width=&#8221;10\/12&#8243;][vc_column_text css=&#8221;.vc_custom_1703258194846{margin-bottom: 25px !important;}&#8221; el_class=&#8221;text-centered&#8221;]Nuestro equipo de grandes especialistas en tejidos trabaja en estrecha colaboraci\u00f3n con nuestros clientes para confeccionar los mejores su\u00e9teres de uniforme personalizados. Al combinar dise\u00f1o y creatividad con t\u00e9cnicas de fabricaci\u00f3n avanzadas, creamos su\u00e9teres que combinan a la perfecci\u00f3n estilo y rendimiento. Esto es lo que llamamos Beautifully Technical\u2122.[\/vc_column_text][vc_column_text css=&#8221;.vc_custom_1703258208148{margin-bottom: 35px !important;}&#8221; el_class=&#8221;text-centered&#8221;]Programe una llamada para hablar de sus necesidades en su\u00e9teres tejidos personalizados con nuestro equipo experimentado.[\/vc_column_text]<div class=\" ubtn-ctn-center \"><a class=\"ubtn-link ult-adjust-bottom-margin ubtn-center ubtn-normal \" href=\"#schedule-a-call\" ><button type=\"button\" id=\"ubtn-9919\"  class=\"ubtn ult-adjust-bottom-margin ult-responsive ubtn-normal ubtn-fade-bg  none  ubtn-center   tooltip-69e249b5eb92d\"  data-hover=\"#ffffff\" data-border-color=\"\" data-bg=\"#f04e23\" data-hover-bg=\"#dd3333\" data-border-hover=\"\" data-shadow-hover=\"\" data-shadow-click=\"none\" data-shadow=\"\" data-shd-shadow=\"\"  data-ultimate-target='#ubtn-9919'  data-responsive-json-new='{\"font-size\":\"desktop:16px;\",\"line-height\":\"desktop:25px;\"}'  style=\"font-weight:normal;border:none;background: #f04e23;color: #ffffff;\"><span class=\"ubtn-hover\" style=\"background-color:#dd3333\"><\/span><span class=\"ubtn-data ubtn-text \" >Programar una llamada<\/span><\/button><\/a><\/div>[\/vc_column][vc_column width=&#8221;1\/12&#8243;][\/vc_column][\/vc_row][\/vc_section][vc_section css=&#8221;.vc_custom_1701725051984{padding-top: 60px !important;}&#8221;][vc_row][vc_column][vc_custom_heading text=&#8221;Realizamos su visi\u00f3n&#8221; font_container=&#8221;tag:h2|text_align:center&#8221; use_theme_fonts=&#8221;yes&#8221;][\/vc_column][\/vc_row][vc_row gap=&#8221;35&#8243; el_class=&#8221;bring-vision-to-life&#8221;][vc_column width=&#8221;1\/2&#8243; el_class=&#8221;vision-col-1&#8243;][vc_single_image image=&#8221;121201&#8243; img_size=&#8221;full&#8221; css=&#8221;.vc_custom_1701968209054{margin-bottom: 30px !important;}&#8221;][vc_column_text css=&#8221;.vc_custom_1703258294010{margin-bottom: 25px !important;}&#8221;]<\/p>\n<p style=\"text-align: right;\">Trabajaremos como su socio dedicado y nos tomaremos el tiempo para comprender su visi\u00f3n y sus necesidades.<\/p>\n<p style=\"text-align: right;\">Estamos aqu\u00ed para guiarle y apoyarle a lo largo de todo el proceso de dise\u00f1o. Nuestro servicio va mucho m\u00e1s all\u00e1 de confeccionar su\u00e9teres: es nuestra identidad, y superar sus expectativas nos hace avanzar.<\/p>\n<p>[\/vc_column_text][\/vc_column][vc_column width=&#8221;1\/2&#8243; el_class=&#8221;vision-col-2&#8243;][vc_column_text css=&#8221;.vc_custom_1703258267897{margin-bottom: 25px !important;}&#8221;]Con m\u00e1s de 25 a\u00f1os de experiencia a nuestras espaldas, en COBMEX\u00ae comprendemos la complejidad de la fabricaci\u00f3n de prendas de punto. Nuestros amplios conocimientos y la experiencia de nuestro equipo nos permiten proporcionar opciones de entrega flexibles, plazos r\u00e1pidos, y calidad y servicio constantes.[\/vc_column_text][vc_single_image image=&#8221;121204&#8243; img_size=&#8221;full&#8221;][\/vc_column][\/vc_row][\/vc_section][vc_section css=&#8221;.vc_custom_1701725767211{padding-top: 50px !important;}&#8221;][vc_row][vc_column][vc_custom_heading text=&#8221;Las posibilidades son inacabables;<br \/>\nsus necesidades, precisas&#8221; font_container=&#8221;tag:h2|text_align:center&#8221; use_theme_fonts=&#8221;yes&#8221; css=&#8221;.vc_custom_1703258315697{padding-bottom: 10px !important;}&#8221;][\/vc_column][\/vc_row][vc_row][vc_column width=&#8221;1\/3&#8243;][vc_single_image image=&#8221;121223&#8243; img_size=&#8221;full&#8221;][\/vc_column][vc_column width=&#8221;1\/3&#8243;][vc_single_image image=&#8221;121220&#8243; img_size=&#8221;full&#8221;][\/vc_column][vc_column width=&#8221;1\/3&#8243;][vc_single_image image=&#8221;121226&#8243; img_size=&#8221;full&#8221;][\/vc_column][\/vc_row][vc_row el_id=&#8221;schedule-a-call&#8221;][vc_column][vc_column_text css=&#8221;.vc_custom_1703258330962{margin-bottom: 25px !important;}&#8221; el_class=&#8221;text-centered&#8221;]Cont\u00e1ctenos y nuestro atento equipo le responder\u00e1 para hablar de sus necesidades en su\u00e9teres de uniforme personalizados. [\/vc_column_text][\/vc_column][\/vc_row][vc_row][vc_column width=&#8221;2\/12&#8243;][\/vc_column][vc_column width=&#8221;8\/12&#8243;][vc_raw_html css=&#8221;.vc_custom_1703258582697{padding-right: 20px !important;padding-left: 20px !important;}&#8221;]JTVCcXVmb3JtJTIwaWQlM0QlMjIyNSUyMiUyMG5hbWUlM0QlMjJDdXN0b20lMjBLbml0d2VhciUyMFNvbHV0aW9ucyUyMC0lMjBFUyUyMiU1RA==[\/vc_raw_html][\/vc_column][vc_column width=&#8221;2\/12&#8243;][\/vc_column][\/vc_row][\/vc_section][vc_section][vc_row][vc_column width=&#8221;1\/12&#8243;][\/vc_column][vc_column width=&#8221;10\/12&#8243;][vc_custom_heading text=&#8221;SABER M\u00c1S SOBRE COBMEX\u00ae&#8221; font_container=&#8221;tag:h2|text_align:center&#8221; use_theme_fonts=&#8221;yes&#8221; css=&#8221;.vc_custom_1703258477241{padding-bottom: 10px !important;}&#8221;][\/vc_column][vc_column width=&#8221;1\/12&#8243;][\/vc_column][\/vc_row][vc_row][vc_column width=&#8221;1\/4&#8243;][\/vc_column][vc_column width=&#8221;1\/4&#8243;][vc_single_image image=&#8221;119906&#8243; img_size=&#8221;full&#8221; alignment=&#8221;center&#8221; onclick=&#8221;custom_link&#8221; css=&#8221;.vc_custom_1703171653879{margin-bottom: 25px !important;}&#8221; link=&#8221;https:\/\/cobmex.com\/the-cobmex-quality-control-process\/&#8221;][vc_custom_heading text=&#8221;Proceso de control de calidad&#8221; font_container=&#8221;tag:div|text_align:center&#8221; use_theme_fonts=&#8221;yes&#8221; link=&#8221;url:https%3A%2F%2Fcobmex.com%2Fthe-cobmex-quality-control-process%2F&#8221; css=&#8221;.vc_custom_1703258490661{margin-bottom: 40px !important;}&#8221;][\/vc_column][vc_column width=&#8221;1\/4&#8243;][vc_single_image image=&#8221;121350&#8243; img_size=&#8221;full&#8221; alignment=&#8221;center&#8221; onclick=&#8221;custom_link&#8221; css=&#8221;.vc_custom_1703172111814{margin-bottom: 25px !important;}&#8221; link=&#8221;https:\/\/cobmex.com\/cobmex-client-care-central-to-your-needs-core-to-our-values\/&#8221;][vc_custom_heading text=&#8221;Atenci\u00f3n al cliente&#8221; font_container=&#8221;tag:div|text_align:center&#8221; use_theme_fonts=&#8221;yes&#8221; link=&#8221;url:https%3A%2F%2Fcobmex.com%2Fcobmex-client-care-central-to-your-needs-core-to-our-values%2F&#8221; css=&#8221;.vc_custom_1703258503143{margin-bottom: 40px !important;}&#8221;][\/vc_column][vc_column width=&#8221;1\/4&#8243;][\/vc_column][\/vc_row][\/vc_section]<\/p>\n<\/div>","protected":false},"excerpt":{"rendered":"<p>[vc_section full_width=&#8221;stretch_row&#8221; css=&#8221;.vc_custom_1701967066571{padding-top: 60px !important;padding-bottom: 60px !important;background: #c04733 url(https:\/\/cobmex.com\/wp-content\/uploads\/2023\/12\/cobmex-product.jpg?id=121146) !important;background-position: center !important;background-repeat: no-repeat !important;background-size: cover !important;}&#8221;][vc_row][vc_column][vc_custom_heading text=&#8221;Prendas de punto personalizadas&#8221; font_container=&#8221;tag:h1|font_size:35px|text_align:left|color:%23ffffff|line_height:40px&#8221; use_theme_fonts=&#8221;yes&#8221; css=&#8221;.vc_custom_1703258045389{padding-bottom: 30px !important;}&#8221;][\/vc_column][\/vc_row][\/vc_section][vc_section][vc_row gap=&#8221;30&#8243; equal_height=&#8221;yes&#8221; content_placement=&#8221;middle&#8221;][vc_column width=&#8221;8\/12&#8243; css=&#8221;.vc_custom_1703171823460{margin-left: 40px !important;}&#8221;][vc_custom_heading text=&#8221;De la fibra al producto final&#8221; use_theme_fonts=&#8221;yes&#8221; css=&#8221;.vc_custom_1703258090005{padding-bottom: 30px !important;}&#8221;][vc_column_text css=&#8221;.vc_custom_1703258100598{margin-bottom: 25px !important;}&#8221;]Fabricar su\u00e9teres personalizados nos permite tener un control excepcional sobre el&hellip;<\/p>\n","protected":false},"author":5,"featured_media":0,"parent":0,"menu_order":0,"comment_status":"closed","ping_status":"closed","template":"","meta":{"content-type":"","inline_featured_image":false,"_metasync_otto_title":"","_metasync_otto_description":"","_metasync_otto_keywords":"","_metasync_otto_og_title":"","_metasync_otto_og_description":"","_metasync_otto_twitter_title":"","_metasync_otto_twitter_description":"","rank_math_title":"","rank_math_description":"","_yoast_wpseo_title":"","_yoast_wpseo_metadesc":"","_aioseo_title":null,"_aioseo_description":null,"_metasync_seo_title":"","_metasync_seo_desc":"","_metasync_otto_disabled":"","footnotes":""},"class_list":["post-121359","page","type-page","status-publish","hentry","description-off"],"_links":{"self":[{"href":"https:\/\/cobmex.com\/es\/wp-json\/wp\/v2\/pages\/121359","targetHints":{"allow":["GET"]}}],"collection":[{"href":"https:\/\/cobmex.com\/es\/wp-json\/wp\/v2\/pages"}],"about":[{"href":"https:\/\/cobmex.com\/es\/wp-json\/wp\/v2\/types\/page"}],"author":[{"embeddable":true,"href":"https:\/\/cobmex.com\/es\/wp-json\/wp\/v2\/users\/5"}],"replies":[{"embeddable":true,"href":"https:\/\/cobmex.com\/es\/wp-json\/wp\/v2\/comments?post=121359"}],"version-history":[{"count":0,"href":"https:\/\/cobmex.com\/es\/wp-json\/wp\/v2\/pages\/121359\/revisions"}],"wp:attachment":[{"href":"https:\/\/cobmex.com\/es\/wp-json\/wp\/v2\/media?parent=121359"}],"curies":[{"name":"wp","href":"https:\/\/api.w.org\/{rel}","templated":true}]}}