{"id":121682,"date":"2024-02-29T21:26:17","date_gmt":"2024-02-29T21:26:17","guid":{"rendered":"https:\/\/cobmex.com\/?page_id=121682"},"modified":"2025-08-12T17:05:02","modified_gmt":"2025-08-12T17:05:02","slug":"hagase-distribuidor","status":"publish","type":"page","link":"https:\/\/cobmex.com\/es\/hagase-distribuidor\/","title":{"rendered":"H\u00e1gase distribuidor"},"content":{"rendered":"<div class=\"wpb-content-wrapper\"><p>[vc_row full_width=&#8221;stretch_row&#8221; bg_type=&#8221;image&#8221; parallax_style=&#8221;vcpb-default&#8221; bg_image_new=&#8221;id^121525|url^https:\/\/cobmex.com\/wp-content\/uploads\/2024\/02\/distributordesign-v8_02.jpg|caption^null|alt^null|title^distributordesign v8_02|description^null&#8221; bg_image_repeat=&#8221;no-repeat&#8221; bg_image_posiiton=&#8221;100% 40%&#8221; css=&#8221;.vc_custom_1708426314282{margin-top: 0px !important;margin-bottom: 0px !important;padding-top: 0px !important;padding-bottom: 0px !important;}&#8221;][vc_column][vc_row_inner css=&#8221;.vc_custom_1708425420796{padding-top: 0px !important;padding-bottom: 0px !important;}&#8221;][vc_column_inner width=&#8221;5\/6&#8243; css=&#8221;.vc_custom_1708425438814{margin-top: 0px !important;margin-bottom: 0px !important;padding-top: 0px !important;padding-bottom: 0px !important;}&#8221;]<div class=\"ult-spacer spacer-69fa0037d94ed\" data-id=\"69fa0037d94ed\" data-height=\"55\" data-height-mobile=\"35\" data-height-tab=\"45\" data-height-tab-portrait=\"45\" data-height-mobile-landscape=\"35\" style=\"clear:both;display:block;\"><\/div>[vc_custom_heading text=&#8221;H\u00e1gase distribuidor&#8221; font_container=&#8221;tag:h2|font_size:30px|text_align:left|color:%23ffffff|line_height:2.2rem&#8221; use_theme_fonts=&#8221;yes&#8221;]<div class=\"ult-spacer spacer-69fa0037d9526\" data-id=\"69fa0037d9526\" data-height=\"30\" data-height-mobile=\"30\" data-height-tab=\"30\" data-height-tab-portrait=\"\" data-height-mobile-landscape=\"\" style=\"clear:both;display:block;\"><\/div>[vc_column_text el_class=&#8221;distributor-description&#8221;]<span style=\"color: #ffffff;\">Con m\u00e1s de 25 a\u00f1os de conocimientos en la fabricaci\u00f3n de jers\u00e9is para uniformes de alta calidad para los mercados corporativo y de seguridad p\u00fablica, nos enorgullecemos de ofrecer prendas tejidas t\u00e9cnicas a los distribuidores m\u00e1s importantes de Am\u00e9rica del Norte, Reino Unido y Europa.<\/span>[\/vc_column_text]<div class=\"ult-spacer spacer-69fa0037d9548\" data-id=\"69fa0037d9548\" data-height=\"75\" data-height-mobile=\"25\" data-height-tab=\"65\" data-height-tab-portrait=\"65\" data-height-mobile-landscape=\"25\" style=\"clear:both;display:block;\"><\/div>[\/vc_column_inner][vc_column_inner width=&#8221;1\/6&#8243;][\/vc_column_inner][\/vc_row_inner][\/vc_column][\/vc_row][vc_row full_width=&#8221;stretch_row&#8221; bg_type=&#8221;image&#8221; parallax_style=&#8221;vcpb-default&#8221; bg_image_new=&#8221;id^121532|url^https:\/\/cobmex.com\/wp-content\/uploads\/2024\/02\/distributordesign-v8_04.jpg|caption^null|alt^null|title^distributordesign v8_04|description^null&#8221; bg_image_repeat=&#8221;no-repeat&#8221; css=&#8221;.vc_custom_1708729445482{margin-top: 0px !important;margin-bottom: 0px !important;padding-top: 140px !important;padding-bottom: 140px !important;}&#8221; el_class=&#8221;controlled-space&#8221; el_id=&#8221;bd-section-2&#8243;][vc_column css=&#8221;.vc_custom_1708426861470{padding-top: 0px !important;}&#8221;][vc_row_inner css=&#8221;.vc_custom_1709239594850{margin-top: 0px !important;margin-right: 90px !important;margin-bottom: 0px !important;margin-left: 90px !important;padding-top: 50px !important;padding-right: 30px !important;padding-bottom: 50px !important;padding-left: 30px !important;background-color: rgba(255,255,255,0.8) !important;*background-color: rgb(255,255,255) !important;}&#8221; el_class=&#8221;bd-cta-section&#8221;][vc_column_inner css=&#8221;.vc_custom_1708729420153{padding-top: 0px !important;}&#8221;][vc_custom_heading text=&#8221;Los distribuidores de COBMEX\u00ae son socios de COBMEX\u00ae&#8221; font_container=&#8221;tag:h2|font_size:40px|text_align:center|line_height:2.2rem&#8221; use_theme_fonts=&#8221;yes&#8221; css=&#8221;.vc_custom_1708425665008{margin-bottom: 30px !important;}&#8221;][vc_column_text]<\/p>\n<p style=\"text-align: center;\">COBMEX\u00ae se distingue al priorizar una comunicaci\u00f3n abierta y al proporcionar asistencia personalizada para as\u00ed establecerse como el proveedor de jers\u00e9is de preferencia y fiable en la industria de la indumentaria profesional.<\/p>\n<p style=\"text-align: center;\">Nuestra estrategia se centra en la colaboraci\u00f3n, para establecer relaciones duraderas y alcanzar el \u00e9xito mutuo. Con colaboraciones que datan de hace m\u00e1s de 20 a\u00f1os, COBMEX\u00ae reconoce a sus clientes como socios de pleno derecho, vende solo a distribuidores y nunca directamente al usuario final.<\/p>\n<p>[\/vc_column_text][vc_btn title=&#8221;Hablemos&#8221; style=&#8221;custom&#8221; custom_background=&#8221;#f04e23&#8243; custom_text=&#8221;#ffffff&#8221; shape=&#8221;square&#8221; align=&#8221;center&#8221; css=&#8221;.vc_custom_1708425504408{padding-right: 10px !important;padding-left: 10px !important;}&#8221; el_class=&#8221;orange-button&#8221; link=&#8221;url:%23lets_talk|&#8221;][\/vc_column_inner][\/vc_row_inner][\/vc_column][\/vc_row][vc_row css=&#8221;.vc_custom_1708421341947{margin-top: 80px !important;margin-bottom: 30px !important;}&#8221;][vc_column css=&#8221;.vc_custom_1708418564967{padding-top: 0px !important;}&#8221;][vc_custom_heading text=&#8221;\u00bfPor qu\u00e9 elegir COBMEX\u00ae como su fabricante de jers\u00e9is?&#8221; font_container=&#8221;tag:h2|font_size:34px|text_align:center|line_height:2.2rem&#8221; use_theme_fonts=&#8221;yes&#8221; css=&#8221;.vc_custom_1708425674035{margin-bottom: 30px !important;}&#8221;][vc_row_inner gap=&#8221;25&#8243; css=&#8221;.vc_custom_1708419937095{margin-top: 50px !important;}&#8221;][vc_column_inner width=&#8221;1\/3&#8243;][vc_single_image image=&#8221;121760&#8243; img_size=&#8221;150&#215;150&#8243; alignment=&#8221;center&#8221; el_class=&#8221;six-img&#8221;][vc_column_text]<\/p>\n<p style=\"text-align: center;\"><strong>Uniformidad y calidad<\/strong><\/p>\n<p style=\"text-align: center;\">Conf\u00ede su negocio a una empresa que prioriza la excelencia. Nuestras prendas tejidas se fabrican con los mejores materiales, los \u00faltimos procesos de fabricaci\u00f3n, y rigurosos procesos de control de calidad, para proporcionar jers\u00e9is para uniformes duraderos y c\u00f3modos.<\/p>\n<p>[\/vc_column_text][\/vc_column_inner][vc_column_inner width=&#8221;1\/3&#8243;][vc_single_image image=&#8221;121775&#8243; img_size=&#8221;150&#215;150&#8243; alignment=&#8221;center&#8221; el_class=&#8221;six-img&#8221;][vc_column_text]<\/p>\n<p style=\"text-align: center;\"><strong>Servicio de asistencia fiable<\/strong><\/p>\n<p style=\"text-align: center;\">Nuestro cercano equipo de asistencia al cliente asegura respuestas r\u00e1pidas y puntuales a todas sus consultas, para acompa\u00f1arle a cada paso del camino con un servicio eficiente y personalizado.<\/p>\n<p>[\/vc_column_text][\/vc_column_inner][vc_column_inner width=&#8221;1\/3&#8243;][vc_single_image image=&#8221;121769&#8243; img_size=&#8221;150&#215;150&#8243; alignment=&#8221;center&#8221; el_class=&#8221;six-img&#8221;][vc_column_text]<\/p>\n<p style=\"text-align: center;\"><strong>Soluciones a medida<\/strong><\/p>\n<p style=\"text-align: center;\">Nuestros clientes disfrutan de acceso total a nuestro equipo de dise\u00f1o y desarrollo de productos especializado, que est\u00e1 equipado con todo el conocimiento y la experiencia necesarios para satisfacer todas sus necesidades en cuanto a programa de uniformes.<\/p>\n<p>[\/vc_column_text][\/vc_column_inner][\/vc_row_inner][vc_row_inner gap=&#8221;25&#8243;][vc_column_inner width=&#8221;1\/3&#8243;][vc_single_image image=&#8221;121763&#8243; img_size=&#8221;150&#215;150&#8243; alignment=&#8221;center&#8221; el_class=&#8221;six-img&#8221;][vc_column_text]<\/p>\n<p style=\"text-align: center;\"><strong>Tiempos de entrega de 24 horas<\/strong><\/p>\n<p style=\"text-align: center;\">Nuestros apasionados equipos de almac\u00e9n de los Estados Unidos y Canad\u00e1 son conscientes de la importancia de un servicio r\u00e1pido y fiable, y pueden satisfacer pedidos de stock en 24 horas para brindarle la agilidad que necesita para ajustarse a las necesidades din\u00e1micas de sus clientes.<\/p>\n<p>[\/vc_column_text][\/vc_column_inner][vc_column_inner width=&#8221;1\/3&#8243;][vc_single_image image=&#8221;121766&#8243; img_size=&#8221;150&#215;150&#8243; alignment=&#8221;center&#8221; el_class=&#8221;six-img&#8221;][vc_column_text]<\/p>\n<p style=\"text-align: center;\"><strong>Cadena de suministro fiable<\/strong><\/p>\n<p style=\"text-align: center;\">Gracias a nuestras f\u00e1bricas privadas, COBMEX\u00ae tiene un control directo sobre la cadena de suministros para as\u00ed asegurar la fiabilidad y la uniformidad para nuestros apreciados distribuidores.<\/p>\n<p>[\/vc_column_text][\/vc_column_inner][vc_column_inner width=&#8221;1\/3&#8243;][vc_single_image image=&#8221;121772&#8243; img_size=&#8221;150&#215;150&#8243; alignment=&#8221;center&#8221; el_class=&#8221;six-img&#8221;][vc_column_text]<\/p>\n<p style=\"text-align: center;\"><strong>Gran variedad, m\u00ednimos bajos<\/strong><\/p>\n<p style=\"text-align: center;\">Desde nuestra gama corporativa a la colecci\u00f3n de seguridad p\u00fablica y nuestros modelos contempor\u00e1neos con certificado OEKO-TEX\u00ae, COBMEX\u00ae ofrece opciones diversas para todas las preferencias de clientes. Nuestros m\u00ednimos bajos le dan facilidad de acceso a nuestro amplio programa de stock.<\/p>\n<p>[\/vc_column_text][\/vc_column_inner][\/vc_row_inner][\/vc_column][\/vc_row][vc_row][vc_column][vc_custom_heading text=&#8221;Testimonios&#8221; font_container=&#8221;tag:h2|font_size:34px|text_align:center|line_height:24px&#8221; use_theme_fonts=&#8221;yes&#8221; css=&#8221;.vc_custom_1708421328645{margin-bottom: 50px !important;}&#8221;][\/vc_column][\/vc_row][vc_row gap=&#8221;20&#8243; equal_height=&#8221;yes&#8221; bg_type=&#8221;bg_color&#8221; css=&#8221;.vc_custom_1709846068050{margin-right: 50px !important;margin-bottom: 50px !important;margin-left: 50px !important;border-radius: 10px !important;}&#8221; el_class=&#8221;testimonial-section&#8221;][vc_column css=&#8221;.vc_custom_1709240872700{margin-right: 15px !important;padding-top: 25px !important;padding-right: 25px !important;padding-bottom: 25px !important;padding-left: 25px !important;background-color: #f0542a !important;border-radius: 25px !important;}&#8221; offset=&#8221;vc_col-lg-6 vc_col-md-6&#8243;][vc_column_text css=&#8221;.vc_custom_1708591774905{margin-bottom: 20px !important;}&#8221; el_class=&#8221;testimonial-content&#8221;]<span style=\"color: #ffffff;\"><em>\u00abA lo largo de los \u00faltimos 25 a\u00f1os, COBMEX<\/em><em>\u00ae ha ofrecido jers\u00e9is para uniformes de alta calidad para nuestros clientes de seguridad p\u00fablica y correos. Su dedicaci\u00f3n a mantener un servicio de atenci\u00f3n al cliente extraordinario nos permite satisfacer realmente las necesidades de los clientes.\u00bb<\/em><\/span>[\/vc_column_text][vc_row_inner content_placement=&#8221;middle&#8221; css=&#8221;.vc_custom_1708728284880{border-radius: 5px !important;}&#8221;][vc_column_inner width=&#8221;1\/6&#8243;][vc_single_image image=&#8221;121574&#8243; img_size=&#8221;full&#8221; style=&#8221;vc_box_circle_2&#8243; css=&#8221;.vc_custom_1708421141962{margin-bottom: 0px !important;}&#8221; el_class=&#8221;head-img&#8221;][\/vc_column_inner][vc_column_inner width=&#8221;5\/6&#8243;][vc_column_text css=&#8221;.vc_custom_1708591787521{margin-bottom: 0px !important;}&#8221; el_class=&#8221;testimonial-content&#8221;]<span style=\"color: #ffffff;\"><strong>Bob Getto<\/strong><\/span><br \/>\n<span style=\"color: #ffffff;\"><strong>Presidente y director general de Fechheimer<\/strong><\/span>[\/vc_column_text][\/vc_column_inner][\/vc_row_inner][\/vc_column][vc_column css=&#8221;.vc_custom_1709240898644{margin-left: 15px !important;padding-top: 25px !important;padding-right: 25px !important;padding-bottom: 25px !important;padding-left: 25px !important;background-color: #f0542a !important;border-radius: 25px !important;}&#8221; offset=&#8221;vc_col-lg-6 vc_col-md-6&#8243;][vc_column_text css=&#8221;.vc_custom_1708591800239{margin-bottom: 20px !important;}&#8221; el_class=&#8221;testimonial-content&#8221;]<span style=\"color: #ffffff;\"><em>\u00abCuando pienso en COBMEX\u00ae, pienso en familia y relaciones. Es un grupo de personas que se han unido para crear estas incre\u00edbles conexiones. Estas relaciones no se limitan a la empresa, sino que abarcan a todas las personas con quienes interact\u00faan.\u00bb<\/em><\/span>[\/vc_column_text][vc_row_inner content_placement=&#8221;middle&#8221;][vc_column_inner width=&#8221;1\/6&#8243; css=&#8221;.vc_custom_1709240627705{padding-top: 35px !important;}&#8221;][vc_single_image image=&#8221;121577&#8243; img_size=&#8221;full&#8221; style=&#8221;vc_box_circle_2&#8243; css=&#8221;.vc_custom_1708422520098{margin-bottom: 0px !important;}&#8221; el_class=&#8221;head-img&#8221;][\/vc_column_inner][vc_column_inner width=&#8221;5\/6&#8243; css=&#8221;.vc_custom_1709240644024{padding-top: 35px !important;}&#8221;][vc_column_text css=&#8221;.vc_custom_1708591813906{margin-bottom: 0px !important;}&#8221; el_class=&#8221;testimonial-content&#8221;]<span style=\"color: #ffffff;\"><strong>Michael Smith<\/strong><\/span><br \/>\n<span style=\"color: #ffffff;\"><strong>Presidente de Unisync<\/strong><\/span>[\/vc_column_text][\/vc_column_inner][\/vc_row_inner][\/vc_column][\/vc_row][vc_row gap=&#8221;20&#8243; equal_height=&#8221;yes&#8221; bg_type=&#8221;bg_color&#8221; css=&#8221;.vc_custom_1709846062298{margin-right: 50px !important;margin-bottom: 50px !important;margin-left: 50px !important;border-radius: 10px !important;}&#8221; el_class=&#8221;testimonial-section&#8221;][vc_column css=&#8221;.vc_custom_1709240916380{margin-right: 15px !important;padding-top: 25px !important;padding-right: 25px !important;padding-bottom: 25px !important;padding-left: 25px !important;background-color: #f0542a !important;border-radius: 25px !important;}&#8221; offset=&#8221;vc_col-lg-6 vc_col-md-6&#8243;][vc_column_text css=&#8221;.vc_custom_1708591830739{margin-bottom: 20px !important;}&#8221; el_class=&#8221;testimonial-content&#8221;]<span style=\"color: #ffffff;\"><em>\u00abCOBMEX\u00ae no es un mero negocio. COBMEX\u00ae es una familia disfrazada de negocio.\u00bb<\/em><\/span>[\/vc_column_text][vc_row_inner content_placement=&#8221;middle&#8221; css=&#8221;.vc_custom_1708728284880{border-radius: 5px !important;}&#8221;][vc_column_inner width=&#8221;1\/6&#8243; css=&#8221;.vc_custom_1709240651888{padding-top: 35px !important;}&#8221;][vc_single_image image=&#8221;121580&#8243; img_size=&#8221;full&#8221; style=&#8221;vc_box_circle_2&#8243; css=&#8221;.vc_custom_1709139205835{margin-bottom: 0px !important;}&#8221; el_class=&#8221;head-img&#8221;][\/vc_column_inner][vc_column_inner width=&#8221;5\/6&#8243; css=&#8221;.vc_custom_1709240658684{padding-top: 35px !important;}&#8221;][vc_column_text css=&#8221;.vc_custom_1708591844019{margin-bottom: 0px !important;}&#8221; el_class=&#8221;testimonial-content&#8221;]<span style=\"color: #ffffff;\"><strong>Ron Pate<\/strong><br \/>\n<strong>Fundador de R&amp;R Group<\/strong><\/span>[\/vc_column_text][\/vc_column_inner][\/vc_row_inner][\/vc_column][vc_column css=&#8221;.vc_custom_1709240947041{margin-left: 15px !important;padding-top: 25px !important;padding-right: 25px !important;padding-bottom: 25px !important;padding-left: 25px !important;background-color: #f0542a !important;border-radius: 25px !important;}&#8221; offset=&#8221;vc_col-lg-6 vc_col-md-6&#8243;][vc_column_text css=&#8221;.vc_custom_1710265530142{margin-bottom: 20px !important;}&#8221; el_class=&#8221;testimonial-content&#8221;]<span style=\"color: #ffffff;\"><em>\u00abCOBMEX\u00ae demuestra constantemente que no es s\u00f3lo un proveedor de su\u00e9teres para uniformes, sino m\u00e1s bien un proveedor de soluciones. El vasto conocimiento del sector por parte del equipo, su perspicacia en prendas de punto y su excelente servicio hacen de COBMEX\u00ae el mejor lugar al que acudir cuando necesito soluciones \u00f3ptimas de su\u00e9teres para uniformes.\u00bb<\/em><\/span>[\/vc_column_text][vc_row_inner content_placement=&#8221;middle&#8221;][vc_column_inner width=&#8221;1\/6&#8243; css=&#8221;.vc_custom_1709240667128{padding-top: 35px !important;}&#8221;][vc_single_image image=&#8221;121669&#8243; img_size=&#8221;full&#8221; style=&#8221;vc_box_circle_2&#8243; css=&#8221;.vc_custom_1709139219202{margin-bottom: 0px !important;}&#8221; el_class=&#8221;head-img&#8221;][\/vc_column_inner][vc_column_inner width=&#8221;5\/6&#8243; css=&#8221;.vc_custom_1709240674200{padding-top: 35px !important;}&#8221;][vc_column_text css=&#8221;.vc_custom_1709846654885{margin-bottom: 0px !important;}&#8221; el_class=&#8221;testimonial-content&#8221;]<span style=\"color: #ffffff;\"><strong>B. James Bottoms<\/strong><\/span><br \/>\n<span style=\"color: #ffffff;\"><strong>Vicepresidente Ejecutivo de Estrategia y Desarrollo Comercial Internacional de Logistik<\/strong><\/span>[\/vc_column_text][\/vc_column_inner][\/vc_row_inner][\/vc_column][\/vc_row][vc_row][vc_column][vc_custom_heading text=&#8221;\u00bfListo para asociarse con COBMEX\u00ae?&#8221; font_container=&#8221;tag:h2|font_size:34px|text_align:center|line_height:2.2rem&#8221; use_theme_fonts=&#8221;yes&#8221; css=&#8221;.vc_custom_1708425688350{margin-bottom: 50px !important;}&#8221;][\/vc_column][\/vc_row][vc_row full_width=&#8221;stretch_row_content_no_spaces&#8221; content_placement=&#8221;middle&#8221; bg_type=&#8221;image&#8221; parallax_style=&#8221;vcpb-default&#8221; bg_image_new=&#8221;id^121592|url^https:\/\/cobmex.com\/wp-content\/uploads\/2024\/02\/ready-img.jpg|caption^null|alt^null|title^ready-img|description^null&#8221;][vc_column]<div class=\"ult-spacer spacer-69fa0037d9561\" data-id=\"69fa0037d9561\" data-height=\"420\" data-height-mobile=\"250\" data-height-tab=\"300\" data-height-tab-portrait=\"300\" data-height-mobile-landscape=\"250\" style=\"clear:both;display:block;\"><\/div>[\/vc_column][\/vc_row][vc_row el_id=&#8221;lets_talk&#8221;][vc_column][vc_column_text]<\/p>\n<p style=\"text-align: center;\"><strong>Rellene el siguiente formulario para ver c\u00f3mo puede convertirse en distribuidor.<\/strong><\/p>\n<p>[\/vc_column_text][vc_row_inner][vc_column_inner width=&#8221;1\/5&#8243; offset=&#8221;vc_hidden-md vc_hidden-sm vc_hidden-xs&#8221;][\/vc_column_inner][vc_column_inner offset=&#8221;vc_col-lg-3\/5 vc_col-md-12 vc_col-xs-12&#8243;][vc_raw_html css=&#8221;&#8221;]JTVCcXVmb3JtJTIwaWQlM0QlMjIzMSUyMiUyMG5hbWUlM0QlMjJOZXclMjBCZWNvbWUlMjBhJTIwRGlzdHJpYnV0b3IlMjBGb3JtJTIwRVMlMjAtJTIwMiUyMCUyMiU1RA==[\/vc_raw_html][\/vc_column_inner][vc_column_inner width=&#8221;1\/5&#8243; offset=&#8221;vc_hidden-md vc_hidden-sm vc_hidden-xs&#8221;][\/vc_column_inner][\/vc_row_inner][vc_column_text]<\/p>\n<p style=\"text-align: center;\"><em>COBMEX\u00ae solo vende a distribuidores. Si usted es un usuario final, contacte con nosotros y le indicaremos los proveedores de su zona.<\/em><\/p>\n<p>[\/vc_column_text][\/vc_column][\/vc_row]<\/p>\n<\/div>","protected":false},"excerpt":{"rendered":"<p>[vc_row full_width=&#8221;stretch_row&#8221; bg_type=&#8221;image&#8221; parallax_style=&#8221;vcpb-default&#8221; bg_image_new=&#8221;id^121525|url^https:\/\/cobmex.com\/wp-content\/uploads\/2024\/02\/distributordesign-v8_02.jpg|caption^null|alt^null|title^distributordesign v8_02|description^null&#8221; bg_image_repeat=&#8221;no-repeat&#8221; bg_image_posiiton=&#8221;100% 40%&#8221; css=&#8221;.vc_custom_1708426314282{margin-top: 0px !important;margin-bottom: 0px !important;padding-top: 0px !important;padding-bottom: 0px !important;}&#8221;][vc_column][vc_row_inner css=&#8221;.vc_custom_1708425420796{padding-top: 0px !important;padding-bottom: 0px !important;}&#8221;][vc_column_inner width=&#8221;5\/6&#8243; css=&#8221;.vc_custom_1708425438814{margin-top: 0px !important;margin-bottom: 0px !important;padding-top: 0px !important;padding-bottom: 0px !important;}&#8221;][vc_custom_heading text=&#8221;H\u00e1gase distribuidor&#8221; font_container=&#8221;tag:h2|font_size:30px|text_align:left|color:%23ffffff|line_height:2.2rem&#8221; use_theme_fonts=&#8221;yes&#8221;][vc_column_text el_class=&#8221;distributor-description&#8221;]Con m\u00e1s de 25 a\u00f1os de conocimientos en la fabricaci\u00f3n de jers\u00e9is para uniformes de alta calidad para&hellip;<\/p>\n","protected":false},"author":4,"featured_media":0,"parent":0,"menu_order":0,"comment_status":"closed","ping_status":"closed","template":"","meta":{"content-type":"","inline_featured_image":false,"_metasync_otto_title":"","_metasync_otto_description":"","_metasync_otto_keywords":"","_metasync_otto_og_title":"","_metasync_otto_og_description":"","_metasync_otto_twitter_title":"","_metasync_otto_twitter_description":"","rank_math_title":"","rank_math_description":"","_yoast_wpseo_title":"","_yoast_wpseo_metadesc":"","_aioseo_title":null,"_aioseo_description":null,"_metasync_seo_title":"","_metasync_seo_desc":"","_metasync_breadcrumb_title":"","_metasync_primary_category":0,"_metasync_primary_product_cat":0,"_metasync_otto_disabled":"","_metasync_hreflang":"","_metasync_plugin_sync_ts":"","_metasync_robots_advanced":"","footnotes":""},"class_list":["post-121682","page","type-page","status-publish","hentry","description-off"],"_links":{"self":[{"href":"https:\/\/cobmex.com\/es\/wp-json\/wp\/v2\/pages\/121682","targetHints":{"allow":["GET"]}}],"collection":[{"href":"https:\/\/cobmex.com\/es\/wp-json\/wp\/v2\/pages"}],"about":[{"href":"https:\/\/cobmex.com\/es\/wp-json\/wp\/v2\/types\/page"}],"author":[{"embeddable":true,"href":"https:\/\/cobmex.com\/es\/wp-json\/wp\/v2\/users\/4"}],"replies":[{"embeddable":true,"href":"https:\/\/cobmex.com\/es\/wp-json\/wp\/v2\/comments?post=121682"}],"version-history":[{"count":0,"href":"https:\/\/cobmex.com\/es\/wp-json\/wp\/v2\/pages\/121682\/revisions"}],"wp:attachment":[{"href":"https:\/\/cobmex.com\/es\/wp-json\/wp\/v2\/media?parent=121682"}],"curies":[{"name":"wp","href":"https:\/\/api.w.org\/{rel}","templated":true}]}}