{"id":45047,"date":"2020-10-06T17:44:31","date_gmt":"2020-10-06T17:44:31","guid":{"rendered":"https:\/\/cobmex.com\/cobmex-cares\/"},"modified":"2024-08-02T21:06:18","modified_gmt":"2024-08-02T21:06:18","slug":"responsabilidad-corporativa","status":"publish","type":"page","link":"https:\/\/cobmex.com\/es\/responsabilidad-corporativa\/","title":{"rendered":"RESPONSABILIDAD CORPORATIVA"},"content":{"rendered":"<div class=\"wpb-content-wrapper\"><p>[vc_row][vc_column]<div class=\"ult-spacer spacer-69fa019b2bc2c\" data-id=\"69fa019b2bc2c\" data-height=\"80\" data-height-mobile=\"80\" data-height-tab=\"80\" data-height-tab-portrait=\"\" data-height-mobile-landscape=\"\" style=\"clear:both;display:block;\"><\/div><div id=\"ultimate-heading-411369fa019b2bc82\" class=\"uvc-heading ult-adjust-bottom-margin ultimate-heading-411369fa019b2bc82 uvc-5124 \" data-hspacer=\"no_spacer\"  data-halign=\"left\" style=\"text-align:left\"><div class=\"uvc-heading-spacer no_spacer\" style=\"top\"><\/div><div class=\"uvc-main-heading ult-responsive\"  data-ultimate-target='.uvc-heading.ultimate-heading-411369fa019b2bc82 h2'  data-responsive-json-new='{\"font-size\":\"desktop:20px;\",\"line-height\":\"desktop:30px;\"}' ><h2 style=\"font-family:&#039;Montserrat&#039;;font-weight:500;color:#000000;margin-top:30px;\">En Cobmex los principios que nos gu\u00edan est\u00e1n basados en nuestros valores principales;<\/h2><\/div><div class=\"uvc-sub-heading ult-responsive\"  data-ultimate-target='.uvc-heading.ultimate-heading-411369fa019b2bc82 .uvc-sub-heading '  data-responsive-json-new='{\"font-size\":\"desktop:25px;\",\"line-height\":\"desktop:48px;\"}'  style=\"font-family:&#039;Montserrat&#039;;font-weight:600;color:#f04e23;\">Respeto, Integridad, Responsabilidad, Pasi\u00f3n e Innovaci\u00f3n<\/div><\/div><div id=\"ultimate-heading-987869fa019b2bce0\" class=\"uvc-heading ult-adjust-bottom-margin ultimate-heading-987869fa019b2bce0 uvc-7150 \" data-hspacer=\"no_spacer\"  data-halign=\"left\" style=\"text-align:left\"><div class=\"uvc-heading-spacer no_spacer\" style=\"top\"><\/div><div class=\"uvc-sub-heading ult-responsive\"  data-ultimate-target='.uvc-heading.ultimate-heading-987869fa019b2bce0 .uvc-sub-heading '  data-responsive-json-new='{\"font-size\":\"desktop:18px;\",\"line-height\":\"desktop:30px;\"}'  style=\"font-family:&#039;Libre Franklin&#039;;font-weight:300;\">Administramos diferentes pol\u00edticas a todo los empleados a trav\u00e9s de nuestras oficinas y f\u00e1bricas a nivel global, para cercionarnos que somos responsables a nivel coorporativo. A trav\u00e9s de estas pol\u00edticas, queremos mantener una comunicaci\u00f3n abierta, transparencia y emplear las mejores pr\u00e1cticas.<\/div><\/div><div class=\"ult-spacer spacer-69fa019b2bd05\" data-id=\"69fa019b2bd05\" data-height=\"30\" data-height-mobile=\"30\" data-height-tab=\"30\" data-height-tab-portrait=\"\" data-height-mobile-landscape=\"\" style=\"clear:both;display:block;\"><\/div>[vc_row_inner][vc_column_inner width=&#8221;3\/12&#8243;][vc_single_image image=&#8221;34259&#8243; img_size=&#8221;196&#215;205&#8243; alignment=&#8221;center&#8221; image_hovers=&#8221;false&#8221;][\/vc_column_inner][vc_column_inner width=&#8221;9\/12&#8243;]<div id=\"ultimate-heading-435869fa019b2bd23\" class=\"uvc-heading ult-adjust-bottom-margin ultimate-heading-435869fa019b2bd23 uvc-4884 \" data-hspacer=\"no_spacer\"  data-halign=\"left\" style=\"text-align:left\"><div class=\"uvc-heading-spacer no_spacer\" style=\"top\"><\/div><div class=\"uvc-main-heading ult-responsive\"  data-ultimate-target='.uvc-heading.ultimate-heading-435869fa019b2bd23 h4'  data-responsive-json-new='{\"font-size\":\"desktop:25px;\",\"line-height\":\"desktop:48px;\"}' ><h4 style=\"font-family:&#039;Montserrat&#039;;font-weight:600;color:#f04e23;\">NUESTROS PILARES<\/h4><\/div><div class=\"uvc-sub-heading ult-responsive\"  data-ultimate-target='.uvc-heading.ultimate-heading-435869fa019b2bd23 .uvc-sub-heading '  data-responsive-json-new='{\"font-size\":\"desktop:20px;mobile:17px;\",\"line-height\":\"desktop:30px;mobile:27px;\"}'  style=\"font-family:&#039;Montserrat&#039;;font-weight:500;color:#000000;margin-bottom:40px;\"><\/p>\n<div class=\"blackborder\" style=\"width: 10px; height: 120px; float: left; background-color: #000; margin-right: 10px;\"><\/div>\n<p>CUMPLIMIENTO SOCIAL Y \u00c9TICO<br \/>\nSUSTENTABILIDAD<br \/>\nPARTICIPACI\u00d3N COMUNITARIA Y DESARROLLO<br \/>\nSALUD Y BIENESTAR<\/div><\/div>[\/vc_column_inner][\/vc_row_inner][\/vc_column][\/vc_row][vc_row equal_height=&#8221;yes&#8221; content_placement=&#8221;middle&#8221;][vc_column width=&#8221;10\/12&#8243; offset=&#8221;vc_hidden-xs&#8221;]<div id=\"ultimate-heading-467169fa019b2bd55\" class=\"uvc-heading ult-adjust-bottom-margin ultimate-heading-467169fa019b2bd55 uvc-2167 \" data-hspacer=\"no_spacer\"  data-halign=\"left\" style=\"text-align:left\"><div class=\"uvc-heading-spacer no_spacer\" style=\"top\"><\/div><div class=\"uvc-main-heading ult-responsive\"  data-ultimate-target='.uvc-heading.ultimate-heading-467169fa019b2bd55 h4'  data-responsive-json-new='{\"font-size\":\"\",\"line-height\":\"desktop:48px;\"}' ><h4 style=\"font-family:&#039;Montserrat&#039;;font-weight:500;color:#000000;\">\u00c9TICA SOCIAL<\/h4><\/div><div class=\"uvc-sub-heading ult-responsive\"  data-ultimate-target='.uvc-heading.ultimate-heading-467169fa019b2bd55 .uvc-sub-heading '  data-responsive-json-new='{\"font-size\":\"desktop:18px;\",\"line-height\":\"desktop:30px;\"}'  style=\"font-family:&#039;Libre Franklin&#039;;font-weight:300;margin-bottom:40px;\"><i class=\"fas fa-check\" style=\"color: #f04e23;\"><\/i> Espacios de trabajo que cumplen con todas las normas de seguridad, responsabilidad y cumplimiento social en todas las f\u00e1bricas.<br \/>\n<i class=\"fas fa-check\" style=\"color: #f04e23;\"><\/i> Las f\u00e1bricas superan todas las leyes que rigen y ambientales<br \/>\n<i class=\"fas fa-check\" style=\"color: #f04e23;\"><\/i> Remuneraci\u00f3n de los empleados de la f\u00e1brica por encima de los est\u00e1ndares de la industria<br \/>\n<i class=\"fas fa-check\" style=\"color: #f04e23;\"><\/i> Propio y socio con f\u00e1bricas que cumplen y superan los est\u00e1ndares de cumplimiento \u00e9tico y social <a href=\"https:\/\/www.sedex.com\/\" target=\"_blank\" rel=\"noopener noreferrer\">de SMETA &#8211; 4 Pilares<\/a><\/div><\/div>[\/vc_column][vc_column width=&#8221;2\/12&#8243; offset=&#8221;vc_hidden-xs&#8221;][vc_single_image image=&#8221;34253&#8243; img_size=&#8221;138&#215;135&#8243; alignment=&#8221;center&#8221; image_hovers=&#8221;false&#8221;][\/vc_column][\/vc_row][vc_row equal_height=&#8221;yes&#8221; content_placement=&#8221;middle&#8221;][vc_column width=&#8221;2\/12&#8243; offset=&#8221;vc_hidden-lg vc_hidden-md vc_hidden-sm&#8221;][vc_single_image image=&#8221;34253&#8243; img_size=&#8221;138&#215;135&#8243; alignment=&#8221;center&#8221; image_hovers=&#8221;false&#8221;][\/vc_column][vc_column width=&#8221;10\/12&#8243; offset=&#8221;vc_hidden-lg vc_hidden-md vc_hidden-sm&#8221;]<div id=\"ultimate-heading-476269fa019b2bd82\" class=\"uvc-heading ult-adjust-bottom-margin ultimate-heading-476269fa019b2bd82 uvc-1168 \" data-hspacer=\"no_spacer\"  data-halign=\"left\" style=\"text-align:left\"><div class=\"uvc-heading-spacer no_spacer\" style=\"top\"><\/div><div class=\"uvc-main-heading ult-responsive\"  data-ultimate-target='.uvc-heading.ultimate-heading-476269fa019b2bd82 h4'  data-responsive-json-new='{\"font-size\":\"\",\"line-height\":\"desktop:48px;\"}' ><h4 style=\"font-family:&#039;Montserrat&#039;;font-weight:500;color:#000000;\">\u00c9TICA SOCIAL<\/h4><\/div><div class=\"uvc-sub-heading ult-responsive\"  data-ultimate-target='.uvc-heading.ultimate-heading-476269fa019b2bd82 .uvc-sub-heading '  data-responsive-json-new='{\"font-size\":\"desktop:18px;\",\"line-height\":\"desktop:30px;\"}'  style=\"font-family:&#039;Libre Franklin&#039;;font-weight:300;margin-bottom:40px;\"><i class=\"fas fa-check\" style=\"color: #f04e23;\"><\/i> Espacios de trabajo que cumplen con todas las normas de seguridad, responsabilidad y cumplimiento social en todas las f\u00e1bricas.<br \/>\n<i class=\"fas fa-check\" style=\"color: #f04e23;\"><\/i> Las f\u00e1bricas superan todas las leyes que rigen y ambientales<br \/>\n<i class=\"fas fa-check\" style=\"color: #f04e23;\"><\/i> Remuneraci\u00f3n de los empleados de la f\u00e1brica por encima de los est\u00e1ndares de la industria<br \/>\n<i class=\"fas fa-check\" style=\"color: #f04e23;\"><\/i> Propio y socio con f\u00e1bricas que cumplen y superan los est\u00e1ndares de cumplimiento \u00e9tico y social <a href=\"https:\/\/www.sedex.com\/\" target=\"_blank\" rel=\"noopener noreferrer\">de SMETA &#8211; 4 Pilares<\/a><\/div><\/div>[\/vc_column][\/vc_row][vc_row][vc_column][vc_separator][\/vc_column][\/vc_row][vc_row equal_height=&#8221;yes&#8221; content_placement=&#8221;middle&#8221;][vc_column width=&#8221;2\/12&#8243;][vc_single_image image=&#8221;34249&#8243; img_size=&#8221;112&#215;158&#8243; alignment=&#8221;center&#8221; image_hovers=&#8221;false&#8221;][\/vc_column][vc_column width=&#8221;10\/12&#8243;]<div id=\"ultimate-heading-689869fa019b2bdbc\" class=\"uvc-heading ult-adjust-bottom-margin ultimate-heading-689869fa019b2bdbc uvc-4376 \" data-hspacer=\"no_spacer\"  data-halign=\"left\" style=\"text-align:left\"><div class=\"uvc-heading-spacer no_spacer\" style=\"top\"><\/div><div class=\"uvc-main-heading ult-responsive\"  data-ultimate-target='.uvc-heading.ultimate-heading-689869fa019b2bdbc h4'  data-responsive-json-new='{\"font-size\":\"\",\"line-height\":\"desktop:48px;\"}' ><h4 style=\"font-family:&#039;Montserrat&#039;;font-weight:500;color:#000000;\">SUSTENTABILIDAD<\/h4><\/div><div class=\"uvc-sub-heading ult-responsive\"  data-ultimate-target='.uvc-heading.ultimate-heading-689869fa019b2bdbc .uvc-sub-heading '  data-responsive-json-new='{\"font-size\":\"desktop:18px;\",\"line-height\":\"desktop:30px;\"}'  style=\"font-family:&#039;Libre Franklin&#039;;font-weight:300;margin-bottom:40px;\"><i class=\"fas fa-check\" style=\"color: #f04e23;\"><\/i> Desarrollamos conscientemente materias primas que est\u00e1n <a href=\"https:\/\/www.oeko-tex.com\/en\/label-check\" target=\"_blank\" rel=\"noopener noreferrer\">certificadas por OEKO-TEX\u00ae<\/a><br \/>\n<i class=\"fas fa-check\" style=\"color: #f04e23;\"><\/i> Mejores pr\u00e1cticas ambientales en nuestras oficianas como consecuencia de una extensa formaci\u00f3n y educaci\u00f3n<br \/>\n<i class=\"fas fa-check\" style=\"color: #f04e23;\"><\/i> Compromiso a usar menos papel, reemplazar art\u00edculos desechables con reusables, evitar el uso de pl\u00e1stico, encontrar alternativas m\u00e1s verdes para el material usado en los empaques, y un manejo responsable de los desechos<br \/>\n<i class=\"fas fa-check\" style=\"color: #f04e23;\"><\/i> Promover el uso eficiente de recursos a trav\u00e9s de las instalaciones, incluyendo el uso de agua y energ\u00eda<\/div><\/div>[\/vc_column][\/vc_row][vc_row][vc_column][vc_separator][\/vc_column][\/vc_row][vc_row equal_height=&#8221;yes&#8221; content_placement=&#8221;middle&#8221;][vc_column width=&#8221;10\/12&#8243; offset=&#8221;vc_hidden-xs&#8221;]<div id=\"ultimate-heading-757769fa019b2bdea\" class=\"uvc-heading ult-adjust-bottom-margin ultimate-heading-757769fa019b2bdea uvc-4979 \" data-hspacer=\"no_spacer\"  data-halign=\"left\" style=\"text-align:left\"><div class=\"uvc-heading-spacer no_spacer\" style=\"top\"><\/div><div class=\"uvc-main-heading ult-responsive\"  data-ultimate-target='.uvc-heading.ultimate-heading-757769fa019b2bdea h4'  data-responsive-json-new='{\"font-size\":\"\",\"line-height\":\"desktop:48px;\"}' ><h4 style=\"font-family:&#039;Montserrat&#039;;font-weight:500;color:#000000;\">A COBMEX LE IMPORTA - UNA \u00daNICA F\u00d3RMULA PARA EL CAMBIO<\/h4><\/div><div class=\"uvc-sub-heading ult-responsive\"  data-ultimate-target='.uvc-heading.ultimate-heading-757769fa019b2bdea .uvc-sub-heading '  data-responsive-json-new='{\"font-size\":\"desktop:18px;\",\"line-height\":\"desktop:30px;\"}'  style=\"font-family:&#039;Libre Franklin&#039;;font-weight:300;margin-bottom:40px;\"><i class=\"fas fa-check\" style=\"color: #f04e23;\"><\/i> Apoyar a las organizaciones locales e internacionales que trabajan con comunidades vulnerables para reducir la pobreza.<br \/>\n<i class=\"fas fa-check\" style=\"color: #f04e23;\"><\/i> Donativos regulares de su\u00e9teres a escuelas y refugios<br \/>\n<i class=\"fas fa-check\" style=\"color: #f04e23;\"><\/i> Apoyar a programas y organizaciones ben\u00e9ficas para ni\u00f1os<br \/>\n<i class=\"fas fa-check\" style=\"color: #f04e23;\"><\/i> Proveer con donativos para la investigaci\u00f3n del c\u00e1ncer<\/div><\/div>[\/vc_column][vc_column width=&#8221;2\/12&#8243; offset=&#8221;vc_hidden-xs&#8221;][vc_single_image image=&#8221;34251&#8243; img_size=&#8221;138&#215;104&#8243; alignment=&#8221;center&#8221; image_hovers=&#8221;false&#8221;][\/vc_column][\/vc_row][vc_row equal_height=&#8221;yes&#8221; content_placement=&#8221;middle&#8221;][vc_column width=&#8221;2\/12&#8243; offset=&#8221;vc_hidden-lg vc_hidden-md vc_hidden-sm&#8221;][vc_single_image image=&#8221;34251&#8243; img_size=&#8221;138&#215;104&#8243; alignment=&#8221;center&#8221; image_hovers=&#8221;false&#8221;][\/vc_column][vc_column width=&#8221;10\/12&#8243; offset=&#8221;vc_hidden-lg vc_hidden-md vc_hidden-sm&#8221;]<div id=\"ultimate-heading-193069fa019b2be14\" class=\"uvc-heading ult-adjust-bottom-margin ultimate-heading-193069fa019b2be14 uvc-4241 \" data-hspacer=\"no_spacer\"  data-halign=\"left\" style=\"text-align:left\"><div class=\"uvc-heading-spacer no_spacer\" style=\"top\"><\/div><div class=\"uvc-main-heading ult-responsive\"  data-ultimate-target='.uvc-heading.ultimate-heading-193069fa019b2be14 h4'  data-responsive-json-new='{\"font-size\":\"\",\"line-height\":\"desktop:48px;\"}' ><h4 style=\"font-family:&#039;Montserrat&#039;;font-weight:500;color:#000000;\">A COBMEX LE IMPORTA - UNA \u00daNICA F\u00d3RMULA PARA EL CAMBIO<\/h4><\/div><div class=\"uvc-sub-heading ult-responsive\"  data-ultimate-target='.uvc-heading.ultimate-heading-193069fa019b2be14 .uvc-sub-heading '  data-responsive-json-new='{\"font-size\":\"desktop:18px;\",\"line-height\":\"desktop:30px;\"}'  style=\"font-family:&#039;Libre Franklin&#039;;font-weight:300;margin-bottom:40px;\"><i class=\"fas fa-check\" style=\"color: #f04e23;\"><\/i> Apoyar a las organizaciones locales e internacionales que trabajan con comunidades vulnerables para reducir la pobreza.<br \/>\n<i class=\"fas fa-check\" style=\"color: #f04e23;\"><\/i> Donativos regulares de su\u00e9teres a escuelas y refugios<br \/>\n<i class=\"fas fa-check\" style=\"color: #f04e23;\"><\/i> Apoyar a programas y organizaciones ben\u00e9ficas para ni\u00f1os<br \/>\n<i class=\"fas fa-check\" style=\"color: #f04e23;\"><\/i> Proveer con donativos para la investigaci\u00f3n del c\u00e1ncer<\/div><\/div>[\/vc_column][\/vc_row][vc_row][vc_column][vc_separator][\/vc_column][\/vc_row][vc_row equal_height=&#8221;yes&#8221; content_placement=&#8221;middle&#8221;][vc_column width=&#8221;2\/12&#8243;][vc_single_image image=&#8221;34255&#8243; img_size=&#8221;138&#215;135&#8243; alignment=&#8221;center&#8221; image_hovers=&#8221;false&#8221;][\/vc_column][vc_column width=&#8221;10\/12&#8243;]<div id=\"ultimate-heading-52269fa019b2be3e\" class=\"uvc-heading ult-adjust-bottom-margin ultimate-heading-52269fa019b2be3e uvc-3695 \" data-hspacer=\"no_spacer\"  data-halign=\"left\" style=\"text-align:left\"><div class=\"uvc-heading-spacer no_spacer\" style=\"top\"><\/div><div class=\"uvc-main-heading ult-responsive\"  data-ultimate-target='.uvc-heading.ultimate-heading-52269fa019b2be3e h4'  data-responsive-json-new='{\"font-size\":\"\",\"line-height\":\"desktop:48px;\"}' ><h4 style=\"font-family:&#039;Montserrat&#039;;font-weight:500;color:#000000;\">SALUD Y BIENESTAR<\/h4><\/div><div class=\"uvc-sub-heading ult-responsive\"  data-ultimate-target='.uvc-heading.ultimate-heading-52269fa019b2be3e .uvc-sub-heading '  data-responsive-json-new='{\"font-size\":\"desktop:18px;\",\"line-height\":\"desktop:30px;\"}'  style=\"font-family:&#039;Libre Franklin&#039;;font-weight:300;margin-bottom:40px;\"><i class=\"fas fa-check\" style=\"color: #f04e23;\"><\/i> Cultivate a culture of open communication, encouragement and respect<br \/>\n<i class=\"fas fa-check\" style=\"color: #f04e23;\"><\/i> Diversity and inclusivity are an integral part of our hiring practices<br \/>\n<i class=\"fas fa-check\" style=\"color: #f04e23;\"><\/i> Promote healthy eating at work through a Healthy Snack Program<br \/>\n<i class=\"fas fa-check\" style=\"color: #f04e23;\"><\/i> Employee access to Telus Health, a \u201cunified total well-being platform\u201d<br \/>\n<i class=\"fas fa-check\" style=\"color: #f04e23;\"><\/i> Weekly yoga and meditation sessions at the office offered to employees<\/div><\/div>[\/vc_column][\/vc_row][vc_row][vc_column width=&#8221;1\/4&#8243;][\/vc_column][vc_column width=&#8221;1\/2&#8243;][vc_video link=&#8221;https:\/\/vimeo.com\/993607348&#8243; el_width=&#8221;80&#8243; align=&#8221;center&#8221; css=&#8221;&#8221;][\/vc_column][vc_column width=&#8221;1\/4&#8243;][\/vc_column][\/vc_row]<\/p>\n<\/div>","protected":false},"excerpt":{"rendered":"<p>[vc_row][vc_column][vc_row_inner][vc_column_inner width=&#8221;3\/12&#8243;][vc_single_image image=&#8221;34259&#8243; img_size=&#8221;196&#215;205&#8243; alignment=&#8221;center&#8221; image_hovers=&#8221;false&#8221;][\/vc_column_inner][vc_column_inner width=&#8221;9\/12&#8243;][\/vc_column_inner][\/vc_row_inner][\/vc_column][\/vc_row][vc_row equal_height=&#8221;yes&#8221; content_placement=&#8221;middle&#8221;][vc_column width=&#8221;10\/12&#8243; offset=&#8221;vc_hidden-xs&#8221;][\/vc_column][vc_column width=&#8221;2\/12&#8243; offset=&#8221;vc_hidden-xs&#8221;][vc_single_image image=&#8221;34253&#8243; img_size=&#8221;138&#215;135&#8243; alignment=&#8221;center&#8221; image_hovers=&#8221;false&#8221;][\/vc_column][\/vc_row][vc_row equal_height=&#8221;yes&#8221; content_placement=&#8221;middle&#8221;][vc_column width=&#8221;2\/12&#8243; offset=&#8221;vc_hidden-lg vc_hidden-md vc_hidden-sm&#8221;][vc_single_image image=&#8221;34253&#8243; img_size=&#8221;138&#215;135&#8243; alignment=&#8221;center&#8221; image_hovers=&#8221;false&#8221;][\/vc_column][vc_column width=&#8221;10\/12&#8243; offset=&#8221;vc_hidden-lg vc_hidden-md vc_hidden-sm&#8221;][\/vc_column][\/vc_row][vc_row][vc_column][vc_separator][\/vc_column][\/vc_row][vc_row equal_height=&#8221;yes&#8221; content_placement=&#8221;middle&#8221;][vc_column width=&#8221;2\/12&#8243;][vc_single_image image=&#8221;34249&#8243; img_size=&#8221;112&#215;158&#8243; alignment=&#8221;center&#8221; image_hovers=&#8221;false&#8221;][\/vc_column][vc_column width=&#8221;10\/12&#8243;][\/vc_column][\/vc_row][vc_row][vc_column][vc_separator][\/vc_column][\/vc_row][vc_row equal_height=&#8221;yes&#8221; content_placement=&#8221;middle&#8221;][vc_column width=&#8221;10\/12&#8243; offset=&#8221;vc_hidden-xs&#8221;][\/vc_column][vc_column width=&#8221;2\/12&#8243; offset=&#8221;vc_hidden-xs&#8221;][vc_single_image image=&#8221;34251&#8243; img_size=&#8221;138&#215;104&#8243; alignment=&#8221;center&#8221; image_hovers=&#8221;false&#8221;][\/vc_column][\/vc_row][vc_row equal_height=&#8221;yes&#8221; content_placement=&#8221;middle&#8221;][vc_column width=&#8221;2\/12&#8243; offset=&#8221;vc_hidden-lg vc_hidden-md vc_hidden-sm&#8221;][vc_single_image&hellip;<\/p>\n","protected":false},"author":1,"featured_media":0,"parent":0,"menu_order":0,"comment_status":"closed","ping_status":"closed","template":"","meta":{"content-type":"","inline_featured_image":false,"_metasync_otto_title":"","_metasync_otto_description":"","_metasync_otto_keywords":"","_metasync_otto_og_title":"","_metasync_otto_og_description":"","_metasync_otto_twitter_title":"","_metasync_otto_twitter_description":"","rank_math_title":"","rank_math_description":"En 1998, tuvimos una idea que eventualmente se convertir\u00eda en una misi\u00f3n: desarrollar el mejor su\u00e9ter uniforme del mercado. Hoy en d\u00eda, Cobmex Apparel Inc. es el proveedor l\u00edder de prendas de punto para las Industrias Uniformes de Seguridad Corporativa y P\u00fablica en Am\u00e9rica del Norte.","_yoast_wpseo_title":"","_yoast_wpseo_metadesc":"","_aioseo_title":"","_aioseo_description":"","_metasync_seo_title":"","_metasync_seo_desc":"","_metasync_breadcrumb_title":"","_metasync_primary_category":0,"_metasync_primary_product_cat":0,"_metasync_otto_disabled":"","_metasync_hreflang":"","_metasync_plugin_sync_ts":"","_metasync_robots_advanced":"","footnotes":""},"class_list":["post-45047","page","type-page","status-publish","hentry","description-off"],"_links":{"self":[{"href":"https:\/\/cobmex.com\/es\/wp-json\/wp\/v2\/pages\/45047","targetHints":{"allow":["GET"]}}],"collection":[{"href":"https:\/\/cobmex.com\/es\/wp-json\/wp\/v2\/pages"}],"about":[{"href":"https:\/\/cobmex.com\/es\/wp-json\/wp\/v2\/types\/page"}],"author":[{"embeddable":true,"href":"https:\/\/cobmex.com\/es\/wp-json\/wp\/v2\/users\/1"}],"replies":[{"embeddable":true,"href":"https:\/\/cobmex.com\/es\/wp-json\/wp\/v2\/comments?post=45047"}],"version-history":[{"count":0,"href":"https:\/\/cobmex.com\/es\/wp-json\/wp\/v2\/pages\/45047\/revisions"}],"wp:attachment":[{"href":"https:\/\/cobmex.com\/es\/wp-json\/wp\/v2\/media?parent=45047"}],"curies":[{"name":"wp","href":"https:\/\/api.w.org\/{rel}","templated":true}]}}