{"id":45068,"date":"2020-10-06T17:57:09","date_gmt":"2020-10-06T17:57:09","guid":{"rendered":"https:\/\/cobmex.com\/contemporaneo\/"},"modified":"2021-07-15T14:08:56","modified_gmt":"2021-07-15T14:08:56","slug":"contemporanea","status":"publish","type":"page","link":"https:\/\/cobmex.com\/es\/contemporanea\/","title":{"rendered":"Contempor\u00e1neo"},"content":{"rendered":"<div class=\"wpb-content-wrapper\"><p>[vc_row][vc_column]<div id=\"ultimate-heading-110869fa00304938b\" class=\"uvc-heading ult-adjust-bottom-margin ultimate-heading-110869fa00304938b uvc-3099 \" data-hspacer=\"no_spacer\"  data-halign=\"center\" style=\"text-align:center\"><div class=\"uvc-heading-spacer no_spacer\" style=\"top\"><\/div><div class=\"uvc-sub-heading ult-responsive\"  data-ultimate-target='.uvc-heading.ultimate-heading-110869fa00304938b .uvc-sub-heading '  data-responsive-json-new='{\"font-size\":\"desktop:16px;\",\"line-height\":\"desktop:24px;\"}'  style=\"font-family:&#039;Libre Franklin&#039;;font-weight:300;color:#666666;\"><\/p>\n<p style=\"text-align: center;\">Nuestra nueva gama contempor\u00e1nea es una colecci\u00f3n de su\u00e9teres de uniformes certificada por STANDARD 100 by OEKO-TEX\u00ae, que presentan una variedad de estilos inspirados en las tendencias actuales de la venta al por menor. Creada con estilo y pasi\u00f3n por nuestro equipo interno de dise\u00f1adores, esta colecci\u00f3n puede actualizar sin problemas cualquier programa de uniformes. Producidos mediante un proceso de hilado avanzado y t\u00e9cnico, los hilos mejoran el aspecto, la comodidad y el tacto. Esta colecci\u00f3n responde cuidadosamente a las necesidades de los empleados uniformados de hoy en d\u00eda.<\/p>\n<p><\/div><\/div><div class=\"ult-spacer spacer-69fa0030493ca\" data-id=\"69fa0030493ca\" data-height=\"40\" data-height-mobile=\"30\" data-height-tab=\"30\" data-height-tab-portrait=\"30\" data-height-mobile-landscape=\"30\" style=\"clear:both;display:block;\"><\/div>[\/vc_column][\/vc_row][vc_row full_height=&#8221;yes&#8221; columns_placement=&#8221;top&#8221;][vc_column]<style type=\"text\/css\" data-type=\"the7_shortcodes-inline-css\">.products-shortcode.products-masonry-shortcode-id-48b340ebec58fd6bbe42b2b6d541ed9d .star-rating,\n.products-shortcode.products-masonry-shortcode-id-48b340ebec58fd6bbe42b2b6d541ed9d .star-rating:before {\n  color: rgba(115,32,1,0.2);\n}\n.products-shortcode.products-masonry-shortcode-id-48b340ebec58fd6bbe42b2b6d541ed9d .entry-title,\n.products-shortcode.products-masonry-shortcode-id-48b340ebec58fd6bbe42b2b6d541ed9d .entry-title *,\n.products-shortcode.products-masonry-shortcode-id-48b340ebec58fd6bbe42b2b6d541ed9d .woocom-list-content .price,\n.products-shortcode.products-masonry-shortcode-id-48b340ebec58fd6bbe42b2b6d541ed9d .woocom-list-content .price * {\n  color: #732001;\n}\n.products-shortcode.products-masonry-shortcode-id-48b340ebec58fd6bbe42b2b6d541ed9d .filter {\n  margin-bottom: 50px;\n}\n.products-shortcode.products-masonry-shortcode-id-48b340ebec58fd6bbe42b2b6d541ed9d .filter a,\n.products-shortcode.products-masonry-shortcode-id-48b340ebec58fd6bbe42b2b6d541ed9d .filter a * {\n  color: #732001;\n  color: #999999;\n}\n.products-shortcode.products-masonry-shortcode-id-48b340ebec58fd6bbe42b2b6d541ed9d .filter:not(.filter-bg-decoration):not(.filter-underline-decoration) .filter-categories a:hover,\n.products-shortcode.products-masonry-shortcode-id-48b340ebec58fd6bbe42b2b6d541ed9d .filter:not(.filter-bg-decoration):not(.filter-underline-decoration) .filter-categories a.act {\n  color: #f04e23;\n  background: none;\n}\n.products-shortcode.products-masonry-shortcode-id-48b340ebec58fd6bbe42b2b6d541ed9d .filter-bg-decoration .filter-categories a:not(.act):hover {\n  color: #f04e23;\n  background: none;\n}\n.products-shortcode.products-masonry-shortcode-id-48b340ebec58fd6bbe42b2b6d541ed9d .filter-bg-decoration .filter-categories a.act {\n  color: #fff;\n}\n.products-shortcode.products-masonry-shortcode-id-48b340ebec58fd6bbe42b2b6d541ed9d .filter-bg-decoration .filter-categories a.act:after {\n  background: #f04e23;\n}\n.products-shortcode.products-masonry-shortcode-id-48b340ebec58fd6bbe42b2b6d541ed9d .filter-underline-decoration .filter-categories a:after {\n  background: #f04e23;\n}\n.products-shortcode.products-masonry-shortcode-id-48b340ebec58fd6bbe42b2b6d541ed9d .paginator a,\n.products-shortcode.products-masonry-shortcode-id-48b340ebec58fd6bbe42b2b6d541ed9d .paginator a * {\n  color: #999999;\n}\n.products-shortcode.products-masonry-shortcode-id-48b340ebec58fd6bbe42b2b6d541ed9d .paginator .button-load-more {\n  border-color: rgba(153,153,153,0.1);\n}\n.products-shortcode.products-masonry-shortcode-id-48b340ebec58fd6bbe42b2b6d541ed9d .paginator .button-load-more:hover {\n  border-color: rgba(153,153,153,0.21);\n}\n.products-shortcode.products-masonry-shortcode-id-48b340ebec58fd6bbe42b2b6d541ed9d .paginator:not(.paginator-more-button) a:after {\n  background: #f04e23;\n}\n.products-shortcode.products-masonry-shortcode-id-48b340ebec58fd6bbe42b2b6d541ed9d:not(.resize-by-browser-width) .dt-css-grid {\n  grid-row-gap: 30px;\n  grid-column-gap: 30px;\n  grid-template-columns: repeat(auto-fill,minmax(,1fr));\n}\n.cssgridlegacy.no-cssgrid .products-shortcode.products-masonry-shortcode-id-48b340ebec58fd6bbe42b2b6d541ed9d:not(.resize-by-browser-width) .dt-css-grid,\n.no-cssgridlegacy.no-cssgrid .products-shortcode.products-masonry-shortcode-id-48b340ebec58fd6bbe42b2b6d541ed9d:not(.resize-by-browser-width) .dt-css-grid {\n  display: flex;\n  flex-flow: row wrap;\n  margin: -15px;\n}\n.cssgridlegacy.no-cssgrid .products-shortcode.products-masonry-shortcode-id-48b340ebec58fd6bbe42b2b6d541ed9d:not(.resize-by-browser-width) .dt-css-grid .wf-cell,\n.no-cssgridlegacy.no-cssgrid .products-shortcode.products-masonry-shortcode-id-48b340ebec58fd6bbe42b2b6d541ed9d:not(.resize-by-browser-width) .dt-css-grid .wf-cell {\n  flex: 1 0 ;\n  max-width: 100%;\n  padding: 15px;\n  box-sizing: border-box;\n}\n.products-shortcode.products-masonry-shortcode-id-48b340ebec58fd6bbe42b2b6d541ed9d.resize-by-browser-width .dt-css-grid {\n  grid-template-columns: repeat(4,1fr);\n  grid-template-rows: auto;\n  grid-column-gap: 30px;\n  grid-row-gap: 30px;\n}\n.cssgridlegacy.no-cssgrid .products-shortcode.products-masonry-shortcode-id-48b340ebec58fd6bbe42b2b6d541ed9d.resize-by-browser-width .dt-css-grid,\n.no-cssgridlegacy.no-cssgrid .products-shortcode.products-masonry-shortcode-id-48b340ebec58fd6bbe42b2b6d541ed9d.resize-by-browser-width .dt-css-grid {\n  margin: -15px;\n}\n.cssgridlegacy.no-cssgrid .products-shortcode.products-masonry-shortcode-id-48b340ebec58fd6bbe42b2b6d541ed9d.resize-by-browser-width .dt-css-grid .wf-cell,\n.no-cssgridlegacy.no-cssgrid .products-shortcode.products-masonry-shortcode-id-48b340ebec58fd6bbe42b2b6d541ed9d.resize-by-browser-width .dt-css-grid .wf-cell {\n  width: 25%;\n  padding: 15px;\n}\n@media screen and (max-width: 1199px) {\n  .products-shortcode.products-masonry-shortcode-id-48b340ebec58fd6bbe42b2b6d541ed9d.resize-by-browser-width .dt-css-grid {\n    grid-template-columns: repeat(3,1fr);\n  }\n  .cssgridlegacy.no-cssgrid .products-shortcode.products-masonry-shortcode-id-48b340ebec58fd6bbe42b2b6d541ed9d.resize-by-browser-width .dt-css-grid .wf-cell,\n  .no-cssgridlegacy.no-cssgrid .products-shortcode.products-masonry-shortcode-id-48b340ebec58fd6bbe42b2b6d541ed9d.resize-by-browser-width .dt-css-grid .wf-cell {\n    width: 33.333333333333%;\n  }\n}\n@media screen and (max-width: 991px) {\n  .products-shortcode.products-masonry-shortcode-id-48b340ebec58fd6bbe42b2b6d541ed9d.resize-by-browser-width .dt-css-grid {\n    grid-template-columns: repeat(2,1fr);\n  }\n  .cssgridlegacy.no-cssgrid .products-shortcode.products-masonry-shortcode-id-48b340ebec58fd6bbe42b2b6d541ed9d.resize-by-browser-width .dt-css-grid .wf-cell,\n  .no-cssgridlegacy.no-cssgrid .products-shortcode.products-masonry-shortcode-id-48b340ebec58fd6bbe42b2b6d541ed9d.resize-by-browser-width .dt-css-grid .wf-cell {\n    width: 50%;\n  }\n}\n@media screen and (max-width: 767px) {\n  .products-shortcode.products-masonry-shortcode-id-48b340ebec58fd6bbe42b2b6d541ed9d.resize-by-browser-width .dt-css-grid {\n    grid-template-columns: repeat(2,1fr);\n  }\n  .cssgridlegacy.no-cssgrid .products-shortcode.products-masonry-shortcode-id-48b340ebec58fd6bbe42b2b6d541ed9d.resize-by-browser-width .dt-css-grid .wf-cell,\n  .no-cssgridlegacy.no-cssgrid .products-shortcode.products-masonry-shortcode-id-48b340ebec58fd6bbe42b2b6d541ed9d.resize-by-browser-width .dt-css-grid .wf-cell {\n    width: 50%;\n  }\n}<\/style><div class=\"products-shortcode products-masonry-shortcode-id-48b340ebec58fd6bbe42b2b6d541ed9d mode-grid cart-btn-below-img hide-description hide-rating jquery-filter dt-css-grid-wrap resize-by-browser-width loading-effect-none description-under-image content-align-centre wc-grid\" data-padding=\"15px\" data-cur-page=\"1\" data-post-limit=\"-1\" data-pagination-mode=\"none\" data-desktop-columns-num=\"4\" data-v-tablet-columns-num=\"2\" data-h-tablet-columns-num=\"3\" data-phone-columns-num=\"2\" data-width=\"0px\" data-columns=\"0\"><div class=\"dt-css-grid\" ><div class=\"visible wf-cell visible\" data-post-id=\"46445\" data-date=\"2020-01-12T06:03:37+00:00\" data-name=\"4309\"><article class=\"post project-odd visible description-off product type-product post-46445 status-publish first instock product_cat-cat-03-sp has-post-thumbnail shipping-taxable purchasable product-type-variable\" ><figure class=\"woocom-project\">\n\t<div class=\"woo-buttons-on-img\">\n\n\t\t<a href=\"https:\/\/cobmex.com\/es\/producto\/4309\/\" class=\"alignnone layzr-bg\"><img decoding=\"async\" width=\"400\" height=\"494\" src=\"data:image\/svg+xml;charset=utf-8,%3Csvg xmlns%3D&#039;http%3A%2F%2Fwww.w3.org%2F2000%2Fsvg&#039; viewBox%3D&#039;0 0 400 494&#039;%2F%3E\" class=\"attachment-woocommerce_thumbnail size-woocommerce_thumbnail iso-lazy-load preload-me\" alt=\"charcoal open front knit cardigan \" data-src=\"https:\/\/cobmex.com\/wp-content\/uploads\/2020\/01\/4309Charcoal-400x494.jpg\" data-srcset=\"https:\/\/cobmex.com\/wp-content\/uploads\/2020\/01\/4309Charcoal-400x494.jpg 400w, https:\/\/cobmex.com\/wp-content\/uploads\/2020\/01\/4309Charcoal-300x370.jpg 300w, https:\/\/cobmex.com\/wp-content\/uploads\/2020\/01\/4309Charcoal-600x740.jpg 600w, https:\/\/cobmex.com\/wp-content\/uploads\/2020\/01\/4309Charcoal-768x948.jpg 768w, https:\/\/cobmex.com\/wp-content\/uploads\/2020\/01\/4309Charcoal-1245x1536.jpg 1245w, https:\/\/cobmex.com\/wp-content\/uploads\/2020\/01\/4309Charcoal-19x24.jpg 19w, https:\/\/cobmex.com\/wp-content\/uploads\/2020\/01\/4309Charcoal-29x36.jpg 29w, https:\/\/cobmex.com\/wp-content\/uploads\/2020\/01\/4309Charcoal-39x48.jpg 39w, https:\/\/cobmex.com\/wp-content\/uploads\/2020\/01\/4309Charcoal.jpg 1600w\" title=\"\"><\/a>\n\t<\/div>\n\t<figcaption class=\"woocom-list-content\">\n\n\t\t<div class=\"woo-buttons\"><a rel=\"dofollow\" href=\"https:\/\/cobmex.com\/es\/producto\/4309\/\" data-quantity=\"1\" data-product_id=\"46445\" data-product_sku=\"\" class=\"button\">Seleccionar opciones<\/a>\t<span id=\"woocommerce_loop_add_to_cart_link_describedby_46445\" class=\"screen-reader-text\">\n\t\tEste producto tiene m\u00faltiples variantes. Las opciones se pueden elegir en la p\u00e1gina de producto\t<\/span>\n<\/div>\n\t<\/figcaption>\n<\/figure>\n<\/article><\/div><div class=\"visible wf-cell visible\" data-post-id=\"46249\" data-date=\"2020-01-13T20:09:43+00:00\" data-name=\"4310\"><article class=\"post project-odd visible description-off product type-product post-46249 status-publish instock product_cat-cat-03-sp has-post-thumbnail shipping-taxable purchasable product-type-variable\" ><figure class=\"woocom-project\">\n\t<div class=\"woo-buttons-on-img\">\n\n\t\t<a href=\"https:\/\/cobmex.com\/es\/producto\/4310\/\" class=\"alignnone layzr-bg\"><img decoding=\"async\" width=\"400\" height=\"494\" src=\"data:image\/svg+xml;charset=utf-8,%3Csvg xmlns%3D&#039;http%3A%2F%2Fwww.w3.org%2F2000%2Fsvg&#039; viewBox%3D&#039;0 0 400 494&#039;%2F%3E\" class=\"attachment-woocommerce_thumbnail size-woocommerce_thumbnail iso-lazy-load preload-me\" alt=\"Woman in grey long v-neck button down cardigan \" data-src=\"https:\/\/cobmex.com\/wp-content\/uploads\/2020\/01\/4310Charcoal-400x494.jpg\" data-srcset=\"https:\/\/cobmex.com\/wp-content\/uploads\/2020\/01\/4310Charcoal-400x494.jpg 400w, https:\/\/cobmex.com\/wp-content\/uploads\/2020\/01\/4310Charcoal-300x370.jpg 300w, https:\/\/cobmex.com\/wp-content\/uploads\/2020\/01\/4310Charcoal-600x740.jpg 600w, https:\/\/cobmex.com\/wp-content\/uploads\/2020\/01\/4310Charcoal-768x948.jpg 768w, https:\/\/cobmex.com\/wp-content\/uploads\/2020\/01\/4310Charcoal-1245x1536.jpg 1245w, https:\/\/cobmex.com\/wp-content\/uploads\/2020\/01\/4310Charcoal-19x24.jpg 19w, https:\/\/cobmex.com\/wp-content\/uploads\/2020\/01\/4310Charcoal-29x36.jpg 29w, https:\/\/cobmex.com\/wp-content\/uploads\/2020\/01\/4310Charcoal-39x48.jpg 39w, https:\/\/cobmex.com\/wp-content\/uploads\/2020\/01\/4310Charcoal.jpg 1600w\" title=\"\"><\/a>\n\t<\/div>\n\t<figcaption class=\"woocom-list-content\">\n\n\t\t<div class=\"woo-buttons\"><a rel=\"dofollow\" href=\"https:\/\/cobmex.com\/es\/producto\/4310\/\" data-quantity=\"1\" data-product_id=\"46249\" data-product_sku=\"\" class=\"button\">Seleccionar opciones<\/a>\t<span id=\"woocommerce_loop_add_to_cart_link_describedby_46249\" class=\"screen-reader-text\">\n\t\tEste producto tiene m\u00faltiples variantes. Las opciones se pueden elegir en la p\u00e1gina de producto\t<\/span>\n<\/div>\n\t<\/figcaption>\n<\/figure>\n<\/article><\/div><div class=\"visible wf-cell visible\" data-post-id=\"46217\" data-date=\"2020-01-13T20:09:39+00:00\" data-name=\"4409\"><article class=\"post project-odd visible description-off product type-product post-46217 status-publish instock product_cat-cat-03-sp has-post-thumbnail shipping-taxable purchasable product-type-variable\" ><figure class=\"woocom-project\">\n\t<div class=\"woo-buttons-on-img\">\n\n\t\t<a href=\"https:\/\/cobmex.com\/es\/producto\/4409\/\" class=\"alignnone layzr-bg\"><img decoding=\"async\" width=\"400\" height=\"493\" src=\"data:image\/svg+xml;charset=utf-8,%3Csvg xmlns%3D&#039;http%3A%2F%2Fwww.w3.org%2F2000%2Fsvg&#039; viewBox%3D&#039;0 0 400 493&#039;%2F%3E\" class=\"attachment-woocommerce_thumbnail size-woocommerce_thumbnail iso-lazy-load preload-me\" alt=\"man in grey full zip knit sweater \" data-src=\"https:\/\/cobmex.com\/wp-content\/uploads\/2020\/01\/4409Charcoal-400x493.jpg\" data-srcset=\"https:\/\/cobmex.com\/wp-content\/uploads\/2020\/01\/4409Charcoal-400x493.jpg 400w, https:\/\/cobmex.com\/wp-content\/uploads\/2020\/01\/4409Charcoal-300x370.jpg 300w, https:\/\/cobmex.com\/wp-content\/uploads\/2020\/01\/4409Charcoal-600x740.jpg 600w, https:\/\/cobmex.com\/wp-content\/uploads\/2020\/01\/4409Charcoal-768x947.jpg 768w, https:\/\/cobmex.com\/wp-content\/uploads\/2020\/01\/4409Charcoal-1245x1536.jpg 1245w, https:\/\/cobmex.com\/wp-content\/uploads\/2020\/01\/4409Charcoal-19x24.jpg 19w, https:\/\/cobmex.com\/wp-content\/uploads\/2020\/01\/4409Charcoal-29x36.jpg 29w, https:\/\/cobmex.com\/wp-content\/uploads\/2020\/01\/4409Charcoal-39x48.jpg 39w, https:\/\/cobmex.com\/wp-content\/uploads\/2020\/01\/4409Charcoal.jpg 1280w\" title=\"\"><\/a>\n\t<\/div>\n\t<figcaption class=\"woocom-list-content\">\n\n\t\t<div class=\"woo-buttons\"><a rel=\"dofollow\" href=\"https:\/\/cobmex.com\/es\/producto\/4409\/\" data-quantity=\"1\" data-product_id=\"46217\" data-product_sku=\"\" class=\"button\">Seleccionar opciones<\/a>\t<span id=\"woocommerce_loop_add_to_cart_link_describedby_46217\" class=\"screen-reader-text\">\n\t\tEste producto tiene m\u00faltiples variantes. Las opciones se pueden elegir en la p\u00e1gina de producto\t<\/span>\n<\/div>\n\t<\/figcaption>\n<\/figure>\n<\/article><\/div><div class=\"visible wf-cell visible\" data-post-id=\"45989\" data-date=\"2020-01-13T20:09:34+00:00\" data-name=\"4410\"><article class=\"post project-odd visible description-off product type-product post-45989 status-publish instock product_cat-cat-03-sp has-post-thumbnail shipping-taxable purchasable product-type-variable\" ><figure class=\"woocom-project\">\n\t<div class=\"woo-buttons-on-img\">\n\n\t\t<a href=\"https:\/\/cobmex.com\/es\/producto\/4410\/\" class=\"alignnone layzr-bg\"><img decoding=\"async\" width=\"400\" height=\"494\" src=\"data:image\/svg+xml;charset=utf-8,%3Csvg xmlns%3D&#039;http%3A%2F%2Fwww.w3.org%2F2000%2Fsvg&#039; viewBox%3D&#039;0 0 400 494&#039;%2F%3E\" class=\"attachment-woocommerce_thumbnail size-woocommerce_thumbnail iso-lazy-load preload-me\" alt=\"Man in grey quarter zip pullover sweater \" data-src=\"https:\/\/cobmex.com\/wp-content\/uploads\/2020\/01\/4410Charcoal-400x494.jpg\" data-srcset=\"https:\/\/cobmex.com\/wp-content\/uploads\/2020\/01\/4410Charcoal-400x494.jpg 400w, https:\/\/cobmex.com\/wp-content\/uploads\/2020\/01\/4410Charcoal-300x370.jpg 300w, https:\/\/cobmex.com\/wp-content\/uploads\/2020\/01\/4410Charcoal-600x740.jpg 600w, https:\/\/cobmex.com\/wp-content\/uploads\/2020\/01\/4410Charcoal-768x948.jpg 768w, https:\/\/cobmex.com\/wp-content\/uploads\/2020\/01\/4410Charcoal-1245x1536.jpg 1245w, https:\/\/cobmex.com\/wp-content\/uploads\/2020\/01\/4410Charcoal-19x24.jpg 19w, https:\/\/cobmex.com\/wp-content\/uploads\/2020\/01\/4410Charcoal-29x36.jpg 29w, https:\/\/cobmex.com\/wp-content\/uploads\/2020\/01\/4410Charcoal-39x48.jpg 39w, https:\/\/cobmex.com\/wp-content\/uploads\/2020\/01\/4410Charcoal.jpg 1600w\" title=\"\"><\/a>\n\t<\/div>\n\t<figcaption class=\"woocom-list-content\">\n\n\t\t<div class=\"woo-buttons\"><a rel=\"dofollow\" href=\"https:\/\/cobmex.com\/es\/producto\/4410\/\" data-quantity=\"1\" data-product_id=\"45989\" data-product_sku=\"\" class=\"button\">Seleccionar opciones<\/a>\t<span id=\"woocommerce_loop_add_to_cart_link_describedby_45989\" class=\"screen-reader-text\">\n\t\tEste producto tiene m\u00faltiples variantes. Las opciones se pueden elegir en la p\u00e1gina de producto\t<\/span>\n<\/div>\n\t<\/figcaption>\n<\/figure>\n<\/article><\/div><\/div><!-- iso-container|iso-grid --><\/div><div id=\"modal-trg-txt-wrap-2789\" class=\"ult-modal-input-wrapper ult-adjust-bottom-margin    \" data-keypress-control=\"keypress-control-enable\" data-overlay-control=\"overlay-control-enable\"><span data-class-id=\"content-69fa00305a0d62-94503716\"><\/span>\n\t\t\t\t<script type=\"text\/javascript\">\n\t\t\t\t(function($){\n\t\t\t\t\t$(document).ready(function(){\n\t\t\t\t\t\tvar selector = \"#covid-message\";\n\t\t\t\t\t\t$(selector).addClass(\"custom-ult-modal overlay-show\");\n\t\t\t\t\t\t$(selector).attr(\"data-class-id\", \"content-69fa00305a0d62-94503716\");\n\t\t\t\t\t\t$(selector).attr(\"data-overlay-class\", \"overlay-fade\");\n\t\t\t\t\t\t$(selector).attr(\"data-keypress-control\", \"keypress-control-enable\");\n\t\t\t\t\t\t$(selector).attr(\"data-overlay-control\", \"overlay-control-enable\");\n\t\t\t\t\t});\n\t\t\t\t})(jQuery);\n\t\t\t\t<\/script><\/div>\n<div class=\"ult-overlay content-69fa00305a0d62-94503716 \" data-class=\"content-69fa00305a0d62-94503716\" id=\"button-click-overlay\" style=\"background:rgba(0,0,0,0.9); display:none;\">\n\t<div class=\"ult_modal ult-fade ult-medium\">\n\t\t<div id=\"ult-modal-wrap-4959\" class=\"ult_modal-content ult-hide\" style=\"border-style:solid;border-width:2px;border-radius:0px;border-color:#333333;\">\n\t\t\t<div  data-ultimate-target='#ult-modal-wrap-4959 .ult_modal-body'  data-responsive-json-new='{\"font-size\":\"\",\"line-height\":\"\"}'  class=\"ult_modal-body ult-responsive ult-html\" style=\"background:#ffffff;\">\n\t\t\t<\/p>\n<h4 style=\"text-align: center;\">Our Response to COVID-19<\/h4>\n<p>&nbsp;<\/p>\n<p>We hope that you are staying safe and healthy during the COVID-19 Pandemic. We are extremely grateful to all health care workers, first responders, and all essential workers who continue to be our heroes every day.<\/p>\n<p>At Cobmex, we work diligently to help our customers with their daily needs without disruption. Our U.S., U.K., and Canadian facilities are operating with carefully monitored essential staff while encouraging a work from home policy for others.<\/p>\n<p>We are committed to maintaining our operations to ensure that you receive the Cobmex quality of service that you are accustomed to.<\/p>\n<p>We are closely monitoring the situation and are following all governmental health and safety guidelines, standards, and recommendations.<\/p>\n<p>At Cobmex, as always, our number one priority is the health and welfare of our staff, our clients and all our partners.<\/p>\n<p>Sincerely,<\/p>\n<p><img decoding=\"async\" class=\"wp-image-34179 alignnone\" src=\"https:\/\/cobmex.com\/wp-content\/uploads\/2020\/05\/NEW-PHIL-SIG.png\" alt=\"\" width=\"116\" height=\"92\" title=\"\"><\/p>\n<p>Phil Newman<\/p>\n<p>President, Cobmex Inc.\n\t\t\t<\/div>\n\t<\/div>\n\t<\/div>\n\t<div class=\"ult-overlay-close top-right\" style=\"width:40px;height:40px; \"><div class=\"ult-overlay-close-inside\">Close<\/div><\/div>\n<\/div>[\/vc_column][\/vc_row]<\/p>\n<\/div>","protected":false},"excerpt":{"rendered":"<p>[vc_row][vc_column][\/vc_column][\/vc_row][vc_row full_height=&#8221;yes&#8221; columns_placement=&#8221;top&#8221;][vc_column][\/vc_column][\/vc_row]<\/p>\n","protected":false},"author":1,"featured_media":0,"parent":0,"menu_order":0,"comment_status":"closed","ping_status":"closed","template":"","meta":{"content-type":"","inline_featured_image":false,"_metasync_otto_title":"","_metasync_otto_description":"","_metasync_otto_keywords":"","_metasync_otto_og_title":"","_metasync_otto_og_description":"","_metasync_otto_twitter_title":"","_metasync_otto_twitter_description":"","rank_math_title":"","rank_math_description":"","_yoast_wpseo_title":"","_yoast_wpseo_metadesc":"","_aioseo_title":"","_aioseo_description":"","_metasync_seo_title":"","_metasync_seo_desc":"","_metasync_breadcrumb_title":"","_metasync_primary_category":0,"_metasync_primary_product_cat":0,"_metasync_otto_disabled":"","_metasync_hreflang":"","_metasync_plugin_sync_ts":"","_metasync_robots_advanced":"","footnotes":""},"class_list":["post-45068","page","type-page","status-publish","hentry","description-off"],"_links":{"self":[{"href":"https:\/\/cobmex.com\/es\/wp-json\/wp\/v2\/pages\/45068","targetHints":{"allow":["GET"]}}],"collection":[{"href":"https:\/\/cobmex.com\/es\/wp-json\/wp\/v2\/pages"}],"about":[{"href":"https:\/\/cobmex.com\/es\/wp-json\/wp\/v2\/types\/page"}],"author":[{"embeddable":true,"href":"https:\/\/cobmex.com\/es\/wp-json\/wp\/v2\/users\/1"}],"replies":[{"embeddable":true,"href":"https:\/\/cobmex.com\/es\/wp-json\/wp\/v2\/comments?post=45068"}],"version-history":[{"count":0,"href":"https:\/\/cobmex.com\/es\/wp-json\/wp\/v2\/pages\/45068\/revisions"}],"wp:attachment":[{"href":"https:\/\/cobmex.com\/es\/wp-json\/wp\/v2\/media?parent=45068"}],"curies":[{"name":"wp","href":"https:\/\/api.w.org\/{rel}","templated":true}]}}