{"id":45122,"date":"2020-10-06T18:04:09","date_gmt":"2020-10-06T18:04:09","guid":{"rendered":"https:\/\/cobmex.com\/postal\/"},"modified":"2021-05-02T15:57:52","modified_gmt":"2021-05-02T15:57:52","slug":"postal","status":"publish","type":"page","link":"https:\/\/cobmex.com\/es\/postal\/","title":{"rendered":"Postal"},"content":{"rendered":"<div class=\"wpb-content-wrapper\"><p>[vc_row][vc_column]<div id=\"ultimate-heading-856569d09d8c8160b\" class=\"uvc-heading ult-adjust-bottom-margin ultimate-heading-856569d09d8c8160b uvc-3221 \" data-hspacer=\"no_spacer\"  data-halign=\"center\" style=\"text-align:center\"><div class=\"uvc-heading-spacer no_spacer\" style=\"top\"><\/div><div class=\"uvc-sub-heading ult-responsive\"  data-ultimate-target='.uvc-heading.ultimate-heading-856569d09d8c8160b .uvc-sub-heading '  data-responsive-json-new='{\"font-size\":\"desktop:16px;\",\"line-height\":\"desktop:24px;\"}'  style=\"font-family:&#039;Libre Franklin&#039;;font-weight:300;color:#666666;\"><\/p>\n<p style=\"text-align: center;\">Nuestra Colecci\u00f3n Postal est\u00e1 certificada por el Servicio Postal de los Estados Unidos y cuenta con nuestro hilo acr\u00edlico patentado Durapil Ultra\u2122 que garantiza un su\u00e9ter de alto rendimiento y larga duraci\u00f3n.<\/p>\n<p><\/div><\/div><div class=\"ult-spacer spacer-69d09d8c81657\" data-id=\"69d09d8c81657\" data-height=\"30\" data-height-mobile=\"30\" data-height-tab=\"30\" data-height-tab-portrait=\"30\" data-height-mobile-landscape=\"30\" style=\"clear:both;display:block;\"><\/div>[\/vc_column][\/vc_row][vc_row][vc_column]<style type=\"text\/css\" data-type=\"the7_shortcodes-inline-css\">.products-shortcode.products-masonry-shortcode-id-217d04198fd6cd60a340f828bb5e432a .star-rating,\n.products-shortcode.products-masonry-shortcode-id-217d04198fd6cd60a340f828bb5e432a .star-rating:before {\n  color: rgba(115,32,1,0.2);\n}\n.products-shortcode.products-masonry-shortcode-id-217d04198fd6cd60a340f828bb5e432a .entry-title,\n.products-shortcode.products-masonry-shortcode-id-217d04198fd6cd60a340f828bb5e432a .entry-title *,\n.products-shortcode.products-masonry-shortcode-id-217d04198fd6cd60a340f828bb5e432a .woocom-list-content .price,\n.products-shortcode.products-masonry-shortcode-id-217d04198fd6cd60a340f828bb5e432a .woocom-list-content .price * {\n  color: #732001;\n}\n.products-shortcode.products-masonry-shortcode-id-217d04198fd6cd60a340f828bb5e432a .filter {\n  margin-bottom: 50px;\n}\n.products-shortcode.products-masonry-shortcode-id-217d04198fd6cd60a340f828bb5e432a .filter a,\n.products-shortcode.products-masonry-shortcode-id-217d04198fd6cd60a340f828bb5e432a .filter a * {\n  color: #732001;\n  color: #999999;\n}\n.products-shortcode.products-masonry-shortcode-id-217d04198fd6cd60a340f828bb5e432a .filter:not(.filter-bg-decoration):not(.filter-underline-decoration) .filter-categories a:hover,\n.products-shortcode.products-masonry-shortcode-id-217d04198fd6cd60a340f828bb5e432a .filter:not(.filter-bg-decoration):not(.filter-underline-decoration) .filter-categories a.act {\n  color: #f04e23;\n  background: none;\n}\n.products-shortcode.products-masonry-shortcode-id-217d04198fd6cd60a340f828bb5e432a .filter-bg-decoration .filter-categories a:not(.act):hover {\n  color: #f04e23;\n  background: none;\n}\n.products-shortcode.products-masonry-shortcode-id-217d04198fd6cd60a340f828bb5e432a .filter-bg-decoration .filter-categories a.act {\n  color: #fff;\n}\n.products-shortcode.products-masonry-shortcode-id-217d04198fd6cd60a340f828bb5e432a .filter-bg-decoration .filter-categories a.act:after {\n  background: #f04e23;\n}\n.products-shortcode.products-masonry-shortcode-id-217d04198fd6cd60a340f828bb5e432a .filter-underline-decoration .filter-categories a:after {\n  background: #f04e23;\n}\n.products-shortcode.products-masonry-shortcode-id-217d04198fd6cd60a340f828bb5e432a .paginator a,\n.products-shortcode.products-masonry-shortcode-id-217d04198fd6cd60a340f828bb5e432a .paginator a * {\n  color: #999999;\n}\n.products-shortcode.products-masonry-shortcode-id-217d04198fd6cd60a340f828bb5e432a .paginator .button-load-more {\n  border-color: rgba(153,153,153,0.1);\n}\n.products-shortcode.products-masonry-shortcode-id-217d04198fd6cd60a340f828bb5e432a .paginator .button-load-more:hover {\n  border-color: rgba(153,153,153,0.21);\n}\n.products-shortcode.products-masonry-shortcode-id-217d04198fd6cd60a340f828bb5e432a .paginator:not(.paginator-more-button) a:after {\n  background: #f04e23;\n}\n.products-shortcode.products-masonry-shortcode-id-217d04198fd6cd60a340f828bb5e432a:not(.resize-by-browser-width) .dt-css-grid {\n  grid-row-gap: 30px;\n  grid-column-gap: 30px;\n  grid-template-columns: repeat(auto-fill,minmax(,1fr));\n}\n.cssgridlegacy.no-cssgrid .products-shortcode.products-masonry-shortcode-id-217d04198fd6cd60a340f828bb5e432a:not(.resize-by-browser-width) .dt-css-grid,\n.no-cssgridlegacy.no-cssgrid .products-shortcode.products-masonry-shortcode-id-217d04198fd6cd60a340f828bb5e432a:not(.resize-by-browser-width) .dt-css-grid {\n  display: flex;\n  flex-flow: row wrap;\n  margin: -15px;\n}\n.cssgridlegacy.no-cssgrid .products-shortcode.products-masonry-shortcode-id-217d04198fd6cd60a340f828bb5e432a:not(.resize-by-browser-width) .dt-css-grid .wf-cell,\n.no-cssgridlegacy.no-cssgrid .products-shortcode.products-masonry-shortcode-id-217d04198fd6cd60a340f828bb5e432a:not(.resize-by-browser-width) .dt-css-grid .wf-cell {\n  flex: 1 0 ;\n  max-width: 100%;\n  padding: 15px;\n  box-sizing: border-box;\n}\n.products-shortcode.products-masonry-shortcode-id-217d04198fd6cd60a340f828bb5e432a.resize-by-browser-width .dt-css-grid {\n  grid-template-columns: repeat(4,1fr);\n  grid-template-rows: auto;\n  grid-column-gap: 30px;\n  grid-row-gap: 30px;\n}\n.cssgridlegacy.no-cssgrid .products-shortcode.products-masonry-shortcode-id-217d04198fd6cd60a340f828bb5e432a.resize-by-browser-width .dt-css-grid,\n.no-cssgridlegacy.no-cssgrid .products-shortcode.products-masonry-shortcode-id-217d04198fd6cd60a340f828bb5e432a.resize-by-browser-width .dt-css-grid {\n  margin: -15px;\n}\n.cssgridlegacy.no-cssgrid .products-shortcode.products-masonry-shortcode-id-217d04198fd6cd60a340f828bb5e432a.resize-by-browser-width .dt-css-grid .wf-cell,\n.no-cssgridlegacy.no-cssgrid .products-shortcode.products-masonry-shortcode-id-217d04198fd6cd60a340f828bb5e432a.resize-by-browser-width .dt-css-grid .wf-cell {\n  width: 25%;\n  padding: 15px;\n}\n@media screen and (max-width: 1199px) {\n  .products-shortcode.products-masonry-shortcode-id-217d04198fd6cd60a340f828bb5e432a.resize-by-browser-width .dt-css-grid {\n    grid-template-columns: repeat(3,1fr);\n  }\n  .cssgridlegacy.no-cssgrid .products-shortcode.products-masonry-shortcode-id-217d04198fd6cd60a340f828bb5e432a.resize-by-browser-width .dt-css-grid .wf-cell,\n  .no-cssgridlegacy.no-cssgrid .products-shortcode.products-masonry-shortcode-id-217d04198fd6cd60a340f828bb5e432a.resize-by-browser-width .dt-css-grid .wf-cell {\n    width: 33.333333333333%;\n  }\n}\n@media screen and (max-width: 991px) {\n  .products-shortcode.products-masonry-shortcode-id-217d04198fd6cd60a340f828bb5e432a.resize-by-browser-width .dt-css-grid {\n    grid-template-columns: repeat(2,1fr);\n  }\n  .cssgridlegacy.no-cssgrid .products-shortcode.products-masonry-shortcode-id-217d04198fd6cd60a340f828bb5e432a.resize-by-browser-width .dt-css-grid .wf-cell,\n  .no-cssgridlegacy.no-cssgrid .products-shortcode.products-masonry-shortcode-id-217d04198fd6cd60a340f828bb5e432a.resize-by-browser-width .dt-css-grid .wf-cell {\n    width: 50%;\n  }\n}\n@media screen and (max-width: 767px) {\n  .products-shortcode.products-masonry-shortcode-id-217d04198fd6cd60a340f828bb5e432a.resize-by-browser-width .dt-css-grid {\n    grid-template-columns: repeat(2,1fr);\n  }\n  .cssgridlegacy.no-cssgrid .products-shortcode.products-masonry-shortcode-id-217d04198fd6cd60a340f828bb5e432a.resize-by-browser-width .dt-css-grid .wf-cell,\n  .no-cssgridlegacy.no-cssgrid .products-shortcode.products-masonry-shortcode-id-217d04198fd6cd60a340f828bb5e432a.resize-by-browser-width .dt-css-grid .wf-cell {\n    width: 50%;\n  }\n}<\/style><div class=\"products-shortcode products-masonry-shortcode-id-217d04198fd6cd60a340f828bb5e432a mode-grid cart-btn-below-img hide-description hide-rating jquery-filter dt-css-grid-wrap resize-by-browser-width loading-effect-none description-under-image content-align-centre wc-grid\" data-padding=\"15px\" data-cur-page=\"1\" data-post-limit=\"-1\" data-pagination-mode=\"none\" data-desktop-columns-num=\"4\" data-v-tablet-columns-num=\"2\" data-h-tablet-columns-num=\"3\" data-phone-columns-num=\"2\" data-width=\"0px\" data-columns=\"0\"><div class=\"dt-css-grid\" ><\/div><!-- iso-container|iso-grid --><\/div>[\/vc_column][\/vc_row]<\/p>\n<\/div>","protected":false},"excerpt":{"rendered":"<p>[vc_row][vc_column][\/vc_column][\/vc_row][vc_row][vc_column][\/vc_column][\/vc_row]<\/p>\n","protected":false},"author":1,"featured_media":0,"parent":0,"menu_order":0,"comment_status":"closed","ping_status":"closed","template":"","meta":{"content-type":"","inline_featured_image":false,"_metasync_otto_title":"","_metasync_otto_description":"","_metasync_otto_keywords":"","_metasync_otto_og_title":"","_metasync_otto_og_description":"","_metasync_otto_twitter_title":"","_metasync_otto_twitter_description":"","rank_math_title":"","rank_math_description":"","_yoast_wpseo_title":"","_yoast_wpseo_metadesc":"","_aioseo_title":"","_aioseo_description":"","_metasync_seo_title":"","_metasync_seo_desc":"","_metasync_otto_disabled":"","footnotes":""},"class_list":["post-45122","page","type-page","status-publish","hentry","description-off"],"_links":{"self":[{"href":"https:\/\/cobmex.com\/es\/wp-json\/wp\/v2\/pages\/45122","targetHints":{"allow":["GET"]}}],"collection":[{"href":"https:\/\/cobmex.com\/es\/wp-json\/wp\/v2\/pages"}],"about":[{"href":"https:\/\/cobmex.com\/es\/wp-json\/wp\/v2\/types\/page"}],"author":[{"embeddable":true,"href":"https:\/\/cobmex.com\/es\/wp-json\/wp\/v2\/users\/1"}],"replies":[{"embeddable":true,"href":"https:\/\/cobmex.com\/es\/wp-json\/wp\/v2\/comments?post=45122"}],"version-history":[{"count":0,"href":"https:\/\/cobmex.com\/es\/wp-json\/wp\/v2\/pages\/45122\/revisions"}],"wp:attachment":[{"href":"https:\/\/cobmex.com\/es\/wp-json\/wp\/v2\/media?parent=45122"}],"curies":[{"name":"wp","href":"https:\/\/api.w.org\/{rel}","templated":true}]}}