{"id":45235,"date":"2020-10-06T18:15:53","date_gmt":"2020-10-06T18:15:53","guid":{"rendered":"https:\/\/cobmex.com\/equipo\/"},"modified":"2021-04-14T15:29:59","modified_gmt":"2021-04-14T15:29:59","slug":"equipo","status":"publish","type":"page","link":"https:\/\/cobmex.com\/es\/equipo\/","title":{"rendered":"Equipo"},"content":{"rendered":"<div class=\"wpb-content-wrapper\"><p>[vc_row][vc_column]<div class=\"ult-spacer spacer-69fa00305afba\" data-id=\"69fa00305afba\" data-height=\"30\" data-height-mobile=\"30\" data-height-tab=\"30\" data-height-tab-portrait=\"\" data-height-mobile-landscape=\"\" style=\"clear:both;display:block;\"><\/div>[vc_column_text]<div id=\"awsm-team-4173\" class=\"awsm-grid-wrapper\">\r\n\t\t\r\n\t\t\t<div class=\"awsm-grid list-style style-1 grid-2-col \">\r\n\t\t\t\t\t\t<div id=\"awsm-member-4173-49941\" class=\"awsm-grid-card awsm-team-item awsm-scale-anm awsm-all\">\r\n\t\t\t\t   <figure>\r\n\t\t\t\t\t <img decoding=\"async\" width=\"500\" height=\"500\" src=\"https:\/\/cobmex.com\/wp-content\/uploads\/2020\/07\/Phil-cropped-500x500.jpg\" class=\"attachment-awsm_team size-awsm_team wp-post-image\" alt=\"Phil Newman\" title=\"\">\t\t\t\t\t\t <figcaption>\r\n\t\t\t\t\t\t\t<div class=\"awsm-personal-info\"><h3>Phil Newman<\/h3><span>CEO<\/span><\/div>\r\n\t\t\t\t\t\t\t<div class=\"awsm-contact-info\">\r\n\t\t\t\t\t\t\t\t<p>Originario del Reino Unido, Phil se mud\u00f3 a Montreal, Canad\u00e1, cuando era un ni\u00f1o, donde creci\u00f3. Despu\u00e9s de graduarse de la Universidad de Concordia en 1979, Phil se encontr\u00f3 trabajando en la industria de la confecci\u00f3n. En ese momento, Montreal era el epicentro de la moda canadiense. Como muchos de sus compa\u00f1eros, pas\u00f3 sus primeros a\u00f1os en una f\u00e1brica aprendiendo sobre telas y los fundamentos de la fabricaci\u00f3n de prendas. A medida que la industria evolucion\u00f3 a nivel mundial, Phil comenz\u00f3 a viajar por Asia, Europa y Am\u00e9rica del Norte; a menudo se encontraba en las f\u00e1bricas aprendiendo las complejidades de la fabricaci\u00f3n de su\u00e9teres desde la fibra en adelante. M\u00e1s tarde pas\u00f3 a aumentar los ingresos de una reconocida empresa de importaci\u00f3n de ropa de marca privada liderando los equipos de Abastecimiento, Dise\u00f1o, Comercializaci\u00f3n y Ventas durante m\u00e1s de 15 a\u00f1os. En 1998, fund\u00f3 COBMEX\u00ae, una empresa de importaci\u00f3n \/ exportaci\u00f3n especializada en el suministro de prendas de punto corporativas. Durante las \u00faltimas dos d\u00e9cadas, COBMEX\u00ae se ha convertido en el l\u00edder del mercado de su\u00e9teres uniformes en los mercados de ropa de seguridad p\u00fablica e imagen corporativa. Hoy COBMEX\u00ae opera con orgullo empresas en 5 pa\u00edses.<\/p>\n<p>Phil es conocido por disfrutar ocasionalmente de una copa de vino y tocar rock n &#8216;roll rodeado de su prol\u00edfica colecci\u00f3n de guitarras.<\/p>\n\t\t\t\t\t\t\t<\/div>\r\n\t\t\t\t\t\t <\/figcaption>\r\n\t\t\t\t   <\/figure>\r\n\t\t\t\t<\/div>\r\n\t\t\t\t\t\t\t<div id=\"awsm-member-4173-49936\" class=\"awsm-grid-card awsm-team-item awsm-scale-anm awsm-all\">\r\n\t\t\t\t   <figure>\r\n\t\t\t\t\t <img decoding=\"async\" width=\"500\" height=\"500\" src=\"https:\/\/cobmex.com\/wp-content\/uploads\/2020\/07\/Jon-2025-Headshot-500x500.jpg\" class=\"attachment-awsm_team size-awsm_team wp-post-image\" alt=\"\" title=\"\">\t\t\t\t\t\t <figcaption>\r\n\t\t\t\t\t\t\t<div class=\"awsm-personal-info\"><h3>Jonathan Edberg<\/h3><span>PRESIDENTE Y DIRECTOR DE OPERACIONES<\/span><\/div>\r\n\t\t\t\t\t\t\t<div class=\"awsm-contact-info\">\r\n\t\t\t\t\t\t\t\t<p>Nacido y criado en Toronto, Canad\u00e1, Jon creci\u00f3 rodeado de familiares y amigos que estaban en la industria de la confecci\u00f3n. Despu\u00e9s de terminar la escuela secundaria en 2003, Jon se tom\u00f3 un tiempo para viajar al extranjero con amigos. Al regresar a Toronto en el verano de 2004, Jon encontr\u00f3 un trabajo a tiempo parcial en COBMEX\u00ae como asociado de almac\u00e9n mientras decid\u00eda cu\u00e1l ser\u00eda su trayectoria profesional (siempre quiso ser abogado). Si bien esta no era la carrera profesional que hab\u00eda imaginado para s\u00ed mismo, su fascinaci\u00f3n por la industria de la confecci\u00f3n, espec\u00edficamente la industria del uniforme, r\u00e1pidamente se hizo evidente y desde ah\u00ed su carrera en la indumentaria comenzar\u00eda. Jon ascendi\u00f3 r\u00e1pidamente en las filas de COBMEX\u00ae al pasar de Representante de Ventas a Director de Ventas y, finalmente, Vicepresidente Ejecutivo en 2020.<\/p>\n<p>La visi\u00f3n y la tutor\u00eda de Phil ayudaron a guiar a Jon durante sus primeros d\u00edas en COBMEX\u00ae. Comenz\u00f3 a comprender completamente el proceso de fabricaci\u00f3n y a entender cada fibra de cada su\u00e9ter de uniforme que produc\u00eda COBMEX\u00ae. Pronto estuvo viajando con Phil por Asia, Europa y Am\u00e9rica del Norte y conoci\u00f3 el negocio tanto el lado de ventas como el de la fabricaci\u00f3n. Jon ha sido una fuerza impulsora en COBMEX\u00ae superando los objetivos de ventas, expandiendo la base de clientes de COBMEX\u00ae a nivel mundial mientras desarrolla a\u00fan m\u00e1s la base de fabricaci\u00f3n de la empresa. En 2018, Jon recibi\u00f3 el premio \u201cRising Star, Young Leader\u201d que otorga cada a\u00f1o la Asociaci\u00f3n Norteamericana de Fabricantes y Distribuidores de Uniformes. Como el miembro m\u00e1s joven del equipo ejecutivo y al que le queda mucho camino por recorrer en su carrera, este es seguramente solo el comienzo de lo que ser\u00e1 una carrera hist\u00f3rica.<\/p>\n<p>Jon disfruta viajar, es un entusiasta de la comida y es conocido por sus habilidades para socializar.<\/p>\n\t\t\t\t\t\t\t<\/div>\r\n\t\t\t\t\t\t <\/figcaption>\r\n\t\t\t\t   <\/figure>\r\n\t\t\t\t<\/div>\r\n\t\t\t\t\t\t\t<div id=\"awsm-member-4173-49928\" class=\"awsm-grid-card awsm-team-item awsm-scale-anm awsm-all\">\r\n\t\t\t\t   <figure>\r\n\t\t\t\t\t <img decoding=\"async\" width=\"500\" height=\"500\" src=\"https:\/\/cobmex.com\/wp-content\/uploads\/2020\/07\/Ernest-500x500.jpg\" class=\"attachment-awsm_team size-awsm_team wp-post-image\" alt=\"Ernest\" title=\"\">\t\t\t\t\t\t <figcaption>\r\n\t\t\t\t\t\t\t<div class=\"awsm-personal-info\"><h3>Ernest Fernandes<\/h3><span>VICEPRESIDENTE SENIOR - FINANZAS<\/span><\/div>\r\n\t\t\t\t\t\t\t<div class=\"awsm-contact-info\">\r\n\t\t\t\t\t\t\t\t<p>Nacido y criado en Mumbai, Ernest se mud\u00f3 a Toronto, Canad\u00e1 en 1983. Equipado con 25 a\u00f1os de experiencia en indumentaria de moda, Ernest se uni\u00f3 a COBMEX\u00ae en un momento crucial del crecimiento de la compa\u00f1\u00eda en 2011. Desarroll\u00f3 una estrategia sobre c\u00f3mo fortalecer la base financiera de la operaci\u00f3n que permiti\u00f3 que la empresa creciera hasta donde est\u00e1 hoy. Maneja los aspectos contables y financieros del negocio de COBMEX\u00ae. Mientras Ernest reflexiona sobre los \u00faltimos nueve a\u00f1os, siente una gran satisfacci\u00f3n por ser parte de los logros obtenidos como equipo.<\/p>\n<p>\u201cEstoy agradecido de que Phil se haya arriesgado conmigo y me siento afortunado de haberme unido a la &#8216;familia&#8217; de COBMEX\u00ae hace nueve a\u00f1os. COBMEX\u00ae es un grupo diverso de personas que, en el fondo, realmente es como una familia. Este ha sido el viaje de mi vida &#8220;.<\/p>\n<p>Fuera del horario de trabajo, puedes encontrar a Ernest leyendo, practicando yoga, escuchando a Leonard Cohen y viajando.<\/p>\n\t\t\t\t\t\t\t<\/div>\r\n\t\t\t\t\t\t <\/figcaption>\r\n\t\t\t\t   <\/figure>\r\n\t\t\t\t<\/div>\r\n\t\t\t\t\t\t\t<div id=\"awsm-member-4173-49923\" class=\"awsm-grid-card awsm-team-item awsm-scale-anm awsm-all\">\r\n\t\t\t\t   <figure>\r\n\t\t\t\t\t <img decoding=\"async\" width=\"500\" height=\"500\" src=\"https:\/\/cobmex.com\/wp-content\/uploads\/2020\/07\/Lady-500x500.jpg\" class=\"attachment-awsm_team size-awsm_team wp-post-image\" alt=\"Hilda\" title=\"\">\t\t\t\t\t\t <figcaption>\r\n\t\t\t\t\t\t\t<div class=\"awsm-personal-info\"><h3>Hilda Mart\u00ednez<\/h3><span>GERENTE GENERAL, EXPORTACIONES PS<\/span><\/div>\r\n\t\t\t\t\t\t\t<div class=\"awsm-contact-info\">\r\n\t\t\t\t\t\t\t\t<p>Como el miembro m\u00e1s antiguo del equipo ejecutivo de COBMEX\u00ae, Hilda ha tenido un asiento en primera fila para la evoluci\u00f3n de Cobmex en lo que es la compa\u00f1\u00eda hoy. Nacida en Guadalajara, M\u00e9xico, Hilda ha sido la fuerza impulsora detr\u00e1s de las operaciones de la compa\u00f1\u00eda en M\u00e9xico desde 1997. En 2005, COBMEX\u00ae traslad\u00f3 su sede en M\u00e9xico de Guadalajara a la hermosa Aguascalientes, donde Hilda logr\u00f3 construir una operaci\u00f3n que comenz\u00f3 con dos peque\u00f1os contratistas y unos pocos empleados, a una infraestructura que incluye tanto una l\u00ednea de producci\u00f3n vertical totalmente propia como una red de unidades de fabricaci\u00f3n semipropias que emplea a 250 personas. La capacidad de Hilda para desarrollarse, as\u00ed como su pasi\u00f3n por nuestra industria, ha jugado un papel integral en ayudar a establecer a COBMEX\u00ae como un recurso de fabricaci\u00f3n l\u00edder en M\u00e9xico.<\/p>\n<p>Hilda disfruta cocinar y pasar tiempo con su familia de 2 hermanos, 7 hermanas, 10 sobrinas, 8 sobrinos, 5 sobrinas nietas y 3 sobrinos nietos.<\/p>\n\t\t\t\t\t\t\t<\/div>\r\n\t\t\t\t\t\t <\/figcaption>\r\n\t\t\t\t   <\/figure>\r\n\t\t\t\t<\/div>\r\n\t\t\t\t\t<\/div>\r\n\t\t<\/div>\r\n[\/vc_column_text][\/vc_column][\/vc_row][vc_row][vc_column]<div id=\"modal-trg-txt-wrap-7750\" class=\"ult-modal-input-wrapper ult-adjust-bottom-margin    \" data-keypress-control=\"keypress-control-enable\" data-overlay-control=\"overlay-control-enable\"><span data-class-id=\"content-69fa00305e1462-32875296\"><\/span>\n\t\t\t\t<script type=\"text\/javascript\">\n\t\t\t\t(function($){\n\t\t\t\t\t$(document).ready(function(){\n\t\t\t\t\t\tvar selector = \"#covid-message\";\n\t\t\t\t\t\t$(selector).addClass(\"custom-ult-modal overlay-show\");\n\t\t\t\t\t\t$(selector).attr(\"data-class-id\", \"content-69fa00305e1462-32875296\");\n\t\t\t\t\t\t$(selector).attr(\"data-overlay-class\", \"overlay-fade\");\n\t\t\t\t\t\t$(selector).attr(\"data-keypress-control\", \"keypress-control-enable\");\n\t\t\t\t\t\t$(selector).attr(\"data-overlay-control\", \"overlay-control-enable\");\n\t\t\t\t\t});\n\t\t\t\t})(jQuery);\n\t\t\t\t<\/script><\/div>\n<div class=\"ult-overlay content-69fa00305e1462-32875296 \" data-class=\"content-69fa00305e1462-32875296\" id=\"button-click-overlay\" style=\"background:rgba(12,1,0,0.9); display:none;\">\n\t<div class=\"ult_modal ult-fade ult-medium\">\n\t\t<div id=\"ult-modal-wrap-2513\" class=\"ult_modal-content ult-hide\" style=\"border-style:solid;border-width:2px;border-radius:0px;border-color:#333333;\">\n\t\t\t<div  data-ultimate-target='#ult-modal-wrap-2513 .ult_modal-body'  data-responsive-json-new='{\"font-size\":\"\",\"line-height\":\"\"}'  class=\"ult_modal-body ult-responsive ult-html\" style=\"background:#ffffff;\">\n\t\t\t<\/p>\n<h4 style=\"text-align: center;\">Nuestra respuesta a COVID-19<\/h4>\n<p>&nbsp;<\/p>\n<p>Esperamos que todos se est\u00e9n manteniendo seguros y saludables durante este tiempo dif\u00edcil mientras navegamos por la pandemia COVID-19. Estamos muy agradecidos a todos los trabajadores de la salud y a los socorristas que siguen siendo nuestros h\u00e9roes todos los d\u00edas.<\/p>\n<p>En Cobmex, continuamos trabajando diligentemente para ayudar a nuestros clientes con sus necesidades diarias, pero tambi\u00e9n, al estar preparados; podemos ayudar a todos nuestros clientes y socios de la cadena de suministro en sus esfuerzos por reabrir. Nuestras instalaciones de Estados Unidos y Canad\u00e1 contin\u00faan operando con personal esencial cuidadosamente monitoreado mientras fomentan un trabajo desde la pol\u00edtica de hogar para otros. Seguimos vigilando de cerca la situaci\u00f3n y seguimos todas las normas gubernamentales de salud y seguridad.<\/p>\n<p>No hay duda de que el mundo se ver\u00e1 muy diferente cuando salgamos de la actual crisis COVID-19. La reevaluaci\u00f3n y reevaluaci\u00f3n continuas ser\u00e1n fundamentales, pero permanecer firmes en nuestros compromisos y en nuestros principios rectores nos permitir\u00e1; como empresa, como industria, como naci\u00f3n y como seres humanos para seguir evolucionando y seguir nuestras verdades.<\/p>\n<p>En Cobmex, como siempre, nuestra prioridad n\u00famero uno es la salud y el bienestar de nuestro personal, nuestros clientes y todos nuestros socios.<\/p>\n<p>Sinceramente<\/p>\n<p><img decoding=\"async\" class=\"wp-image-3942 alignnone\" src=\"https:\/\/cobmex.com\/wp-content\/uploads\/2020\/05\/NEW-PHIL-SIG.png\" alt=\"\" width=\"116\" height=\"92\" title=\"\"><\/p>\n<p>Phil Newman<\/p>\n<p>Presidente, Cobmex Inc.\n\t\t\t<\/div>\n\t<\/div>\n\t<\/div>\n\t<div class=\"ult-overlay-close top-right\" style=\"width:40px;height:40px; \"><div class=\"ult-overlay-close-inside\">Close<\/div><\/div>\n<\/div>[\/vc_column][\/vc_row]<\/p>\n<\/div>","protected":false},"excerpt":{"rendered":"<p>[vc_row][vc_column][vc_column_text][\/vc_column_text][\/vc_column][\/vc_row][vc_row][vc_column][\/vc_column][\/vc_row]<\/p>\n","protected":false},"author":1,"featured_media":0,"parent":0,"menu_order":0,"comment_status":"closed","ping_status":"closed","template":"","meta":{"content-type":"","inline_featured_image":false,"_metasync_otto_title":"","_metasync_otto_description":"","_metasync_otto_keywords":"","_metasync_otto_og_title":"","_metasync_otto_og_description":"","_metasync_otto_twitter_title":"","_metasync_otto_twitter_description":"","rank_math_title":"","rank_math_description":"","_yoast_wpseo_title":"","_yoast_wpseo_metadesc":"","_aioseo_title":"","_aioseo_description":"","_metasync_seo_title":"","_metasync_seo_desc":"","_metasync_breadcrumb_title":"","_metasync_primary_category":0,"_metasync_primary_product_cat":0,"_metasync_otto_disabled":"","_metasync_hreflang":"","_metasync_plugin_sync_ts":"","_metasync_robots_advanced":"","footnotes":""},"class_list":["post-45235","page","type-page","status-publish","hentry","description-off"],"_links":{"self":[{"href":"https:\/\/cobmex.com\/es\/wp-json\/wp\/v2\/pages\/45235","targetHints":{"allow":["GET"]}}],"collection":[{"href":"https:\/\/cobmex.com\/es\/wp-json\/wp\/v2\/pages"}],"about":[{"href":"https:\/\/cobmex.com\/es\/wp-json\/wp\/v2\/types\/page"}],"author":[{"embeddable":true,"href":"https:\/\/cobmex.com\/es\/wp-json\/wp\/v2\/users\/1"}],"replies":[{"embeddable":true,"href":"https:\/\/cobmex.com\/es\/wp-json\/wp\/v2\/comments?post=45235"}],"version-history":[{"count":0,"href":"https:\/\/cobmex.com\/es\/wp-json\/wp\/v2\/pages\/45235\/revisions"}],"wp:attachment":[{"href":"https:\/\/cobmex.com\/es\/wp-json\/wp\/v2\/media?parent=45235"}],"curies":[{"name":"wp","href":"https:\/\/api.w.org\/{rel}","templated":true}]}}