{"id":45742,"date":"2020-10-06T21:49:57","date_gmt":"2020-10-06T21:49:57","guid":{"rendered":"https:\/\/cobmex.com\/cobmex-sitio-oficial-2\/"},"modified":"2022-11-22T20:15:11","modified_gmt":"2022-11-22T20:15:11","slug":"cobmex-sitio-oficial-2","status":"publish","type":"page","link":"https:\/\/cobmex.com\/es\/cobmex-sitio-oficial-2\/","title":{"rendered":"Cobmex &#8211; Sitio Oficial"},"content":{"rendered":"<div class=\"wpb-content-wrapper\"><p>[vc_row][vc_column]<div class=\"ult-spacer spacer-69fe1305ef8c6\" data-id=\"69fe1305ef8c6\" data-height=\"10\" data-height-mobile=\"10\" data-height-tab=\"10\" data-height-tab-portrait=\"\" data-height-mobile-landscape=\"\" style=\"clear:both;display:block;\"><\/div>[vc_row_inner][vc_column_inner]<div id=\"ultimate-heading-376269fe1305ef916\" class=\"uvc-heading ult-adjust-bottom-margin ultimate-heading-376269fe1305ef916 uvc-9509 beautyhead\" data-hspacer=\"no_spacer\"  data-halign=\"center\" style=\"text-align:center\"><div class=\"uvc-heading-spacer no_spacer\" style=\"top\"><\/div><div class=\"uvc-main-heading ult-responsive\"  data-ultimate-target='.uvc-heading.ultimate-heading-376269fe1305ef916 h2'  data-responsive-json-new='{\"font-size\":\"desktop:30px;\",\"line-height\":\"desktop:40px;\"}' ><h2 style=\"font-family:&#039;Montserrat&#039;;font-weight:normal;font-style:normal;color:#f04e23;margin-bottom:20px;\">\u00bfQu\u00e9 es Beautifully Technical<sup>TM<\/sup>?<\/h2><\/div><div class=\"uvc-sub-heading ult-responsive\"  data-ultimate-target='.uvc-heading.ultimate-heading-376269fe1305ef916 .uvc-sub-heading '  data-responsive-json-new='{\"font-size\":\"desktop:21px;mobile:19px;\",\"line-height\":\"desktop:29px;mobile:25px;\"}'  style=\"font-family:&#039;Libre Franklin&#039;;font-weight:300;color:#4c4c4c;\"><\/p>\n<p style=\"text-align: center;\">Un su\u00e9ter de uniforme es parte de la marca corporativa. En COBMEX\u00ae, proporcionamos dise\u00f1os que ayudan a construir y reforzar la imagen e identidad de tu marca. Logramos esto combinando procesos avanzados de hilado y fabricaci\u00f3n, junto con los m\u00e1s altos est\u00e1ndares de producci\u00f3n y calidad. \u00bfEl resultado? Su\u00e9teres que funcionan, d\u00eda tras d\u00eda y lavado tras lavado. La gente los lleva con orgullo. Siempre. Lo llamamos \u2013 Beautifully Technical\u2122.<\/p>\n<p><\/div><\/div>[\/vc_column_inner][\/vc_row_inner]<div class=\"ult-spacer spacer-69fe1305ef9c0\" data-id=\"69fe1305ef9c0\" data-height=\"45\" data-height-mobile=\"45\" data-height-tab=\"45\" data-height-tab-portrait=\"\" data-height-mobile-landscape=\"\" style=\"clear:both;display:block;\"><\/div>[\/vc_column][\/vc_row][vc_row][vc_column][vc_row_inner][vc_column_inner width=&#8221;1\/3&#8243;][vc_single_image image=&#8221;33167&#8243; img_size=&#8221;322&#215;331&#8243; alignment=&#8221;center&#8221; image_hovers=&#8221;false&#8221; css=&#8221;.vc_custom_1577992388809{margin-bottom: 20px !important;}&#8221;]<div id=\"ultimate-heading-838969fe1305ef9e8\" class=\"uvc-heading ult-adjust-bottom-margin ultimate-heading-838969fe1305ef9e8 uvc-3052 \" data-hspacer=\"line_only\"  data-halign=\"center\" style=\"text-align:center\"><div class=\"uvc-heading-spacer line_only\" style=\"margin-bottom:10px;height:3px;\"><span class=\"uvc-headings-line\" style=\"border-style:solid;border-bottom-width:3px;border-color:#7d3414;width:100px;\"><\/span><\/div><div class=\"uvc-sub-heading ult-responsive\"  data-ultimate-target='.uvc-heading.ultimate-heading-838969fe1305ef9e8 .uvc-sub-heading '  data-responsive-json-new='{\"font-size\":\"desktop:21px;\",\"line-height\":\"\"}'  style=\"font-family:&#039;Montserrat&#039;;font-weight:500;color:#f04e23;margin-bottom:25px;\"><\/p>\n<p style=\"text-align: center;\">Dise\u00f1o De Estilo<\/p>\n<p style=\"text-align: center;\">Innovador<\/p>\n<p><\/div><\/div>[\/vc_column_inner][vc_column_inner width=&#8221;1\/3&#8243;][vc_single_image image=&#8221;33165&#8243; img_size=&#8221;323&#215;331&#8243; alignment=&#8221;center&#8221; image_hovers=&#8221;false&#8221; css=&#8221;.vc_custom_1577992406664{margin-bottom: 20px !important;}&#8221;]<div id=\"ultimate-heading-168369fe1305efa15\" class=\"uvc-heading ult-adjust-bottom-margin ultimate-heading-168369fe1305efa15 uvc-7671 \" data-hspacer=\"line_only\"  data-halign=\"center\" style=\"text-align:center\"><div class=\"uvc-heading-spacer line_only\" style=\"margin-bottom:10px;height:3px;\"><span class=\"uvc-headings-line\" style=\"border-style:solid;border-bottom-width:3px;border-color:#7d3414;width:100px;\"><\/span><\/div><div class=\"uvc-sub-heading ult-responsive\"  data-ultimate-target='.uvc-heading.ultimate-heading-168369fe1305efa15 .uvc-sub-heading '  data-responsive-json-new='{\"font-size\":\"desktop:21px;\",\"line-height\":\"\"}'  style=\"font-family:&#039;Montserrat&#039;;font-weight:500;color:#f04e23;margin-bottom:25px;\"><\/p>\n<p style=\"text-align: center;\">Materiales avanzados<\/p>\n<p style=\"text-align: center;\">y fabricaci\u00f3n<\/p>\n<p><\/div><\/div>[\/vc_column_inner][vc_column_inner width=&#8221;1\/3&#8243;][vc_single_image image=&#8221;34265&#8243; img_size=&#8221;323&#215;331&#8243; alignment=&#8221;center&#8221; image_hovers=&#8221;false&#8221; css=&#8221;.vc_custom_1595859991587{margin-bottom: 20px !important;}&#8221;]<div id=\"ultimate-heading-57769fe1305efa3d\" class=\"uvc-heading ult-adjust-bottom-margin ultimate-heading-57769fe1305efa3d uvc-1175 \" data-hspacer=\"line_only\"  data-halign=\"center\" style=\"text-align:center\"><div class=\"uvc-heading-spacer line_only\" style=\"margin-bottom:10px;height:3px;\"><span class=\"uvc-headings-line\" style=\"border-style:solid;border-bottom-width:3px;border-color:#7d3414;width:100px;\"><\/span><\/div><div class=\"uvc-sub-heading ult-responsive\"  data-ultimate-target='.uvc-heading.ultimate-heading-57769fe1305efa3d .uvc-sub-heading '  data-responsive-json-new='{\"font-size\":\"desktop:21px;\",\"line-height\":\"\"}'  style=\"font-family:&#039;Montserrat&#039;;font-weight:500;color:#f04e23;margin-bottom:25px;\"><\/p>\n<p style=\"text-align: center;\">Construido para servir en<\/p>\n<p style=\"text-align: center;\">el lugar de trabajo<\/p>\n<p><\/div><\/div>[\/vc_column_inner][\/vc_row_inner]<div class=\"ult-spacer spacer-69fe1305efa5f\" data-id=\"69fe1305efa5f\" data-height=\"45\" data-height-mobile=\"45\" data-height-tab=\"45\" data-height-tab-portrait=\"\" data-height-mobile-landscape=\"\" style=\"clear:both;display:block;\"><\/div>[vc_separator color=&#8221;custom&#8221; el_width=&#8221;80&#8243; accent_color=&#8221;#b2afb4&#8243;]<div class=\"ult-spacer spacer-69fe1305efa75\" data-id=\"69fe1305efa75\" data-height=\"35\" data-height-mobile=\"35\" data-height-tab=\"35\" data-height-tab-portrait=\"\" data-height-mobile-landscape=\"\" style=\"clear:both;display:block;\"><\/div>[\/vc_column][\/vc_row][vc_row][vc_column][vc_row_inner][vc_column_inner width=&#8221;1\/6&#8243;][\/vc_column_inner][vc_column_inner width=&#8221;2\/3&#8243;]<div id=\"ultimate-heading-321869fe1305efa8f\" class=\"uvc-heading ult-adjust-bottom-margin ultimate-heading-321869fe1305efa8f uvc-4971 \" data-hspacer=\"no_spacer\"  data-halign=\"center\" style=\"text-align:center\"><div class=\"uvc-heading-spacer no_spacer\" style=\"top\"><\/div><div class=\"uvc-main-heading ult-responsive\"  data-ultimate-target='.uvc-heading.ultimate-heading-321869fe1305efa8f h2'  data-responsive-json-new='{\"font-size\":\"desktop:30px;\",\"line-height\":\"desktop:35px;\"}' ><h2 style=\"font-family:&#039;Montserrat&#039;;font-weight:500;color:#f04e23;margin-bottom:20px;\">El rendimiento es una gran parte de nuestro tejido<\/h2><\/div><div class=\"uvc-sub-heading ult-responsive\"  data-ultimate-target='.uvc-heading.ultimate-heading-321869fe1305efa8f .uvc-sub-heading '  data-responsive-json-new='{\"font-size\":\"desktop:18px;\",\"line-height\":\"desktop:26px;\"}'  style=\"font-family:&#039;Libre Franklin&#039;;font-weight:normal;color:#4c4c4c;\"><\/p>\n<p style=\"text-align: center;\">Una etiqueta te dice lo que lleva el su\u00e9ter. Lo que va detr\u00e1s de \u00e9l tambi\u00e9n importa. En COBMEX\u00ae, el deseo de combinar el estilo y la funcionalidad es parte del tejido de la compa\u00f1\u00eda.<\/p>\n<p><\/div><\/div><div class=\"ult-spacer spacer-69fe1305efabb\" data-id=\"69fe1305efabb\" data-height=\"45\" data-height-mobile=\"45\" data-height-tab=\"45\" data-height-tab-portrait=\"\" data-height-mobile-landscape=\"\" style=\"clear:both;display:block;\"><\/div>[vc_video link=&#8221;https:\/\/youtu.be\/qD07rAUMMl4&#8243; el_width=&#8221;80&#8243; align=&#8221;center&#8221;]<div class=\"ult-spacer spacer-69fe1305efacf\" data-id=\"69fe1305efacf\" data-height=\"45\" data-height-mobile=\"45\" data-height-tab=\"45\" data-height-tab-portrait=\"\" data-height-mobile-landscape=\"\" style=\"clear:both;display:block;\"><\/div>[\/vc_column_inner][vc_column_inner width=&#8221;1\/6&#8243;][\/vc_column_inner][\/vc_row_inner][vc_row_inner][vc_column_inner width=&#8221;2\/12&#8243;][vc_column_text]<img decoding=\"async\" style=\"max-width: 175px;\" src=\"https:\/\/cobmex.com\/wp-content\/uploads\/2021\/04\/Durapil_Cert.svg\" alt=\"\" title=\"\">[\/vc_column_text][\/vc_column_inner][vc_column_inner width=&#8221;4\/12&#8243;][vc_column_text css=&#8221;.vc_custom_1646855823631{margin-top: 0px !important;}&#8221; el_class=&#8221;fabric-text&#8221;]<span lang=\"ES\">COBMEX\u00ae ha desarrollado hilos patentados <\/span><strong><span lang=\"ES\">llamados DURAPIL\u2122\u00a0<\/span><\/strong><span lang=\"ES\">y<\/span><strong><span lang=\"ES\">\u00a0DURAPIL ULTRA\u2122<\/span><\/strong><span lang=\"ES\"> que son superiores a los com\u00fanmente utilizados en la industria de uniformes. Resisten el pilling, son suaves al tacto, conservan su forma y superan a otros hilos en cuanto a resistencia, durabilidad y rendimiento. Esa es la Garant\u00eda de COBMEX\u00ae. Este hilo se desarrolla trabajando junto con los principales productores qu\u00edmico-textiles a nivel mundial, y se fabrica mediante la utilizaci\u00f3n de un proceso avanzado de hilado con fibra larga acr\u00edlica.<\/span>[\/vc_column_text][\/vc_column_inner][vc_column_inner width=&#8221;2\/12&#8243;][vc_column_text]<img decoding=\"async\" style=\"max-width: 155px;\" src=\"https:\/\/cobmex.com\/wp-content\/uploads\/2021\/04\/Okeo-tex-Cert.svg\" alt=\"\" title=\"\">[\/vc_column_text][\/vc_column_inner][vc_column_inner width=&#8221;4\/12&#8243;][vc_column_text css=&#8221;.vc_custom_1646855844927{margin-top: 0px !important;}&#8221; el_class=&#8221;fabric-text&#8221;]<strong>STANDARD 100 de OEKO-TEX\u00ae<\/strong> es una de las etiquetas m\u00e1s conocidas a nivel mundial para textiles sometidos a pruebas de detecci\u00f3n de sustancias nocivas. Representa la confianza del cliente y la seguridad del producto. Para establecer el <strong>STANDARD 100 por la certificaci\u00f3n OEKO-TEX\u00ae<\/strong>, todos los componentes del art\u00edculo, es decir, el hilo, el bot\u00f3n y el resto de los av\u00edos, han sido sometidos a pruebas de laboratorio para detectar sustancias nocivas, lo que garantiza que el producto resultante sea inofensivo desde una perspectiva ecol\u00f3gica-humana. COBMEX\u00ae fabrica su\u00e9teres utilizando hilos certificados con OEKO-TEX\u00ae, y nuestra Colecci\u00f3n Contempor\u00e1nea tiene la certificaci\u00f3n <strong>STANDARD 100 by OEKO-TEX\u00ae<\/strong>.[\/vc_column_text][\/vc_column_inner][\/vc_row_inner]<div class=\"ult-spacer spacer-69fe1305efae4\" data-id=\"69fe1305efae4\" data-height=\"60\" data-height-mobile=\"30\" data-height-tab=\"60\" data-height-tab-portrait=\"40\" data-height-mobile-landscape=\"30\" style=\"clear:both;display:block;\"><\/div>[\/vc_column][\/vc_row][vc_row full_width=&#8221;stretch_row&#8221; css=&#8221;.vc_custom_1591754189503{background-image: url(https:\/\/cobmex.com\/wp-content\/uploads\/2020\/06\/knit-background-resized.jpg?id=4072) !important;background-position: center !important;background-repeat: no-repeat !important;background-size: cover !important;}&#8221;][vc_column]<div class=\"ult-spacer spacer-69fe1305efaf7\" data-id=\"69fe1305efaf7\" data-height=\"45\" data-height-mobile=\"45\" data-height-tab=\"45\" data-height-tab-portrait=\"\" data-height-mobile-landscape=\"\" style=\"clear:both;display:block;\"><\/div><div class=\"dt-fancy-separator h3-size style-thick\" style=\"width: 100%;\"><div class=\"dt-fancy-title\" style=\"color: #ffffff;\"><span class=\"separator-holder separator-left\" style=\"border-color: #f04e23;\"><\/span>INDUSTRIAS A LAS QUE SERVIMOS<span class=\"separator-holder separator-right\" style=\"border-color: #f04e23;\"><\/span><\/div><\/div><div class=\"ult-spacer spacer-69fe1305efb29\" data-id=\"69fe1305efb29\" data-height=\"35\" data-height-mobile=\"35\" data-height-tab=\"35\" data-height-tab-portrait=\"\" data-height-mobile-landscape=\"\" style=\"clear:both;display:block;\"><\/div>[vc_row_inner equal_height=&#8221;yes&#8221;][vc_column_inner width=&#8221;1\/2&#8243; offset=&#8221;vc_col-lg-3 vc_col-md-6 vc_col-xs-6&#8243;][vc_column_text el_class=&#8221;industries&#8221;]<i class=\"fas fa-check\"><\/i> Venta al por menor<br \/>\n<i class=\"fas fa-check\"><\/i> Restaurantes<br \/>\n<i class=\"fas fa-check\"><\/i> Policia[\/vc_column_text][\/vc_column_inner][vc_column_inner width=&#8221;1\/2&#8243; offset=&#8221;vc_col-lg-3 vc_col-md-6 vc_col-xs-6&#8243;][vc_column_text el_class=&#8221;industries&#8221;]<i class=\"fas fa-check\"><\/i> Bomberos<br \/>\n<i class=\"fas fa-check\"><\/i> Hospitales<br \/>\n<i class=\"fas fa-check\"><\/i> Salud[\/vc_column_text][\/vc_column_inner][vc_column_inner width=&#8221;1\/2&#8243; offset=&#8221;vc_col-lg-3 vc_col-md-6 vc_col-xs-6&#8243;][vc_column_text el_class=&#8221;industries&#8221;]<i class=\"fas fa-check\"><\/i> Tiendas de alimentos<br \/>\n<i class=\"fas fa-check\"><\/i> Agencias gubernamentales<br \/>\n<i class=\"fas fa-check\"><\/i> erol\u00edneas[\/vc_column_text][\/vc_column_inner][vc_column_inner width=&#8221;1\/2&#8243; offset=&#8221;vc_col-lg-3 vc_col-md-6 vc_col-xs-6&#8243;][vc_column_text el_class=&#8221;industries&#8221;]<\/p>\n<p><i class=\"fas fa-check\"><\/i> Escuelas<br \/>\n<i class=\"fas fa-check\"><\/i> Transportes<br \/>\n<i class=\"fas fa-check\"><\/i> Instituciones Financieras<\/p>\n<p>[\/vc_column_text][\/vc_column_inner][\/vc_row_inner]<div id=\"ultimate-heading-125469fe1305efb44\" class=\"uvc-heading ult-adjust-bottom-margin ultimate-heading-125469fe1305efb44 uvc-9320  uvc-heading-default-font-sizes\" data-hspacer=\"no_spacer\"  data-halign=\"center\" style=\"text-align:center\"><div class=\"uvc-heading-spacer no_spacer\" style=\"top\"><\/div><div class=\"uvc-sub-heading ult-responsive\"  data-ultimate-target='.uvc-heading.ultimate-heading-125469fe1305efb44 .uvc-sub-heading '  data-responsive-json-new='{\"font-size\":\"desktop:20px;mobile:19px;\",\"line-height\":\"desktop:27px;mobile:23px;\"}'  style=\"font-family:&#039;Libre Franklin&#039;;font-weight:normal;color:#ffffff;margin-bottom:35px;\"><\/p>\n<p style=\"text-align: center;\">La gente que usa estos su\u00e9teres trabaja duro. Tambi\u00e9n COBMEX\u00ae los hace para que sean c\u00f3modos, duraderos, confiables y pr\u00e1cticos. Con esa pasi\u00f3n, COBMEX\u00ae se ha convertido en un <strong>proveedor l\u00edder de prendas de punto de calidad<\/strong> para el comercio uniforme , a nivel mundial.<\/p>\n<p><\/div><\/div><div class=\"ult-spacer spacer-69fe1305efb5e\" data-id=\"69fe1305efb5e\" data-height=\"10\" data-height-mobile=\"10\" data-height-tab=\"10\" data-height-tab-portrait=\"\" data-height-mobile-landscape=\"\" style=\"clear:both;display:block;\"><\/div><div id=\"ultimate-heading-90369fe1305efb74\" class=\"uvc-heading ult-adjust-bottom-margin ultimate-heading-90369fe1305efb74 uvc-6279 trusted\" data-hspacer=\"no_spacer\"  data-halign=\"center\" style=\"text-align:center\"><div class=\"uvc-heading-spacer no_spacer\" style=\"top\"><\/div><div class=\"uvc-main-heading ult-responsive\"  data-ultimate-target='.uvc-heading.ultimate-heading-90369fe1305efb74 h2'  data-responsive-json-new='{\"font-size\":\"desktop:20px;\",\"line-height\":\"\"}' ><h2 style=\"font-family:&#039;Montserrat&#039;;font-weight:500;color:#ffffff;\">CONFIANZA<\/h2><\/div><\/div><div class=\"ult-spacer spacer-69fe1305efb94\" data-id=\"69fe1305efb94\" data-height=\"35\" data-height-mobile=\"35\" data-height-tab=\"35\" data-height-tab-portrait=\"\" data-height-mobile-landscape=\"\" style=\"clear:both;display:block;\"><\/div>[vc_single_image image=&#8221;119646&#8243; img_size=&#8221;920&#215;47&#8243; alignment=&#8221;center&#8221; image_hovers=&#8221;false&#8221;]<div class=\"ult-spacer spacer-69fe1305efba4\" data-id=\"69fe1305efba4\" data-height=\"45\" data-height-mobile=\"45\" data-height-tab=\"45\" data-height-tab-portrait=\"\" data-height-mobile-landscape=\"\" style=\"clear:both;display:block;\"><\/div>[\/vc_column][\/vc_row][vc_row][vc_column][vc_separator color=&#8221;custom&#8221; style=&#8221;dashed&#8221; accent_color=&#8221;#f04e23&#8243;][vc_row_inner][vc_column_inner width=&#8221;1\/6&#8243;][\/vc_column_inner][vc_column_inner width=&#8221;2\/3&#8243;]<div id=\"ultimate-heading-1269fe1305efbbf\" class=\"uvc-heading ult-adjust-bottom-margin ultimate-heading-1269fe1305efbbf uvc-9370 \" data-hspacer=\"no_spacer\"  data-halign=\"center\" style=\"text-align:center\"><div class=\"uvc-heading-spacer no_spacer\" style=\"top\"><\/div><div class=\"uvc-main-heading ult-responsive\"  data-ultimate-target='.uvc-heading.ultimate-heading-1269fe1305efbbf h3'  data-responsive-json-new='{\"font-size\":\"desktop:30px;\",\"line-height\":\"desktop:35px;\"}' ><h3 style=\"font-family:&#039;Montserrat&#039;;font-weight:500;color:#f04e23;margin-bottom:20px;\">NUESTROS PRODUCTOS<\/h3><\/div><div class=\"uvc-sub-heading ult-responsive\"  data-ultimate-target='.uvc-heading.ultimate-heading-1269fe1305efbbf .uvc-sub-heading '  data-responsive-json-new='{\"font-size\":\"desktop:18px;\",\"line-height\":\"desktop:26px;\"}'  style=\"font-family:&#039;Libre Franklin&#039;;font-weight:normal;color:#4c4c4c;\"><\/p>\n<p style=\"text-align: center;\">Inspirado en las tendencias de mercado, COBMEX\u00ae garantiza un equilibrio entre forma y funci\u00f3n.<\/p>\n<p><\/div><\/div><div class=\"ult-spacer spacer-69fe1305efbe6\" data-id=\"69fe1305efbe6\" data-height=\"45\" data-height-mobile=\"45\" data-height-tab=\"45\" data-height-tab-portrait=\"\" data-height-mobile-landscape=\"\" style=\"clear:both;display:block;\"><\/div>[\/vc_column_inner][vc_column_inner width=&#8221;1\/6&#8243;][\/vc_column_inner][\/vc_row_inner][vc_row_inner][vc_column_inner width=&#8221;1\/2&#8243;]<div id=\"ultimate-heading-473969fe1305efbfc\" class=\"uvc-heading ult-adjust-bottom-margin ultimate-heading-473969fe1305efbfc uvc-452  uvc-heading-default-font-sizes\" data-hspacer=\"no_spacer\"  data-halign=\"center\" style=\"text-align:center\"><div class=\"uvc-heading-spacer no_spacer\" style=\"top\"><\/div><div class=\"uvc-main-heading ult-responsive\"  data-ultimate-target='.uvc-heading.ultimate-heading-473969fe1305efbfc h3'  data-responsive-json-new='{\"font-size\":\"\",\"line-height\":\"\"}' ><h3 style=\"--font-weight:theme;\">Producto en existencias<\/h3><\/div><div class=\"uvc-sub-heading ult-responsive\"  data-ultimate-target='.uvc-heading.ultimate-heading-473969fe1305efbfc .uvc-sub-heading '  data-responsive-json-new='{\"font-size\":\"\",\"line-height\":\"\"}'  style=\"font-weight:normal;\"><\/p>\n<p style=\"text-align: center;\">Inspirado en las tendencias de mercado, COBMEX\u00ae garantiza un equilibrio entre forma y funci\u00f3n. Ofreciendo un dise\u00f1o c\u00f3modo y pr\u00e1ctico en todos nuestros productos de stock que est\u00e1n disponibles 24\/7, nos aseguramos de que todos los elementos eleven la identidad de marca de nuestros clientes.<\/p>\n<p><\/div><\/div><div class=\" ubtn-ctn-center \"><a class=\"ubtn-link ult-adjust-bottom-margin ubtn-center ubtn-normal \" href=\"https:\/\/cobmex.com\/es\/catalogo-de-producto\/\" title=\"Product Catalog\" ><button type=\"button\" id=\"ubtn-8783\"  class=\"ubtn ult-adjust-bottom-margin ult-responsive ubtn-normal ubtn-no-hover-bg  none  ubtn-center   tooltip-69fe1305efc1f\"  data-hover=\"\" data-border-color=\"\" data-bg=\"#f04e23\" data-hover-bg=\"\" data-border-hover=\"\" data-shadow-hover=\"\" data-shadow-click=\"none\" data-shadow=\"\" data-shd-shadow=\"\"  data-ultimate-target='#ubtn-8783'  data-responsive-json-new='{\"font-size\":\"\",\"line-height\":\"\"}'  style=\"font-weight:normal;border:none;background: #f04e23;color: #ffffff;\"><span class=\"ubtn-hover\" style=\"background-color:\"><\/span><span class=\"ubtn-data ubtn-text \" >EXPLORAR PRODUCTOS<\/span><\/button><\/a><\/div>[\/vc_column_inner][vc_column_inner width=&#8221;1\/2&#8243;]<div id=\"ultimate-heading-243569fe1305efc55\" class=\"uvc-heading ult-adjust-bottom-margin ultimate-heading-243569fe1305efc55 uvc-4722  uvc-heading-default-font-sizes\" data-hspacer=\"no_spacer\"  data-halign=\"center\" style=\"text-align:center\"><div class=\"uvc-heading-spacer no_spacer\" style=\"top\"><\/div><div class=\"uvc-main-heading ult-responsive\"  data-ultimate-target='.uvc-heading.ultimate-heading-243569fe1305efc55 h3'  data-responsive-json-new='{\"font-size\":\"\",\"line-height\":\"\"}' ><h3 style=\"--font-weight:theme;\">Personalizado<\/h3><\/div><div class=\"uvc-sub-heading ult-responsive\"  data-ultimate-target='.uvc-heading.ultimate-heading-243569fe1305efc55 .uvc-sub-heading '  data-responsive-json-new='{\"font-size\":\"\",\"line-height\":\"\"}'  style=\"font-weight:normal;margin-bottom:35px;\"><\/p>\n<p style=\"text-align: center;\">COBMEX\u00ae puede ejecutar cualquier programa de uniformes personalizados para satisfacer y superar con \u00e9xito las expectativas de sus clientes. Ll\u00e1manos hoy y experimenta el valor agregado de un probrama de Beautifully Technical\u2122.<\/p>\n<p><\/div><\/div><div class=\" ubtn-ctn-center \"><a class=\"ubtn-link ult-adjust-bottom-margin ubtn-center ubtn-normal \" href=\"https:\/\/cobmex.com\/es\/personalizado\/\" title=\"Product Catalog\" ><button type=\"button\" id=\"ubtn-2090\"  class=\"ubtn ult-adjust-bottom-margin ult-responsive ubtn-normal ubtn-no-hover-bg  none  ubtn-center   tooltip-69fe1305efc74\"  data-hover=\"\" data-border-color=\"\" data-bg=\"#f04e23\" data-hover-bg=\"\" data-border-hover=\"\" data-shadow-hover=\"\" data-shadow-click=\"none\" data-shadow=\"\" data-shd-shadow=\"\"  data-ultimate-target='#ubtn-2090'  data-responsive-json-new='{\"font-size\":\"\",\"line-height\":\"\"}'  style=\"font-weight:normal;border:none;background: #f04e23;color: #ffffff;\"><span class=\"ubtn-hover\" style=\"background-color:\"><\/span><span class=\"ubtn-data ubtn-text \" >M\u00c1S INFORMACI\u00d3N<\/span><\/button><\/a><\/div>[\/vc_column_inner][\/vc_row_inner]<div class=\"ult-spacer spacer-69fe1305efc93\" data-id=\"69fe1305efc93\" data-height=\"60\" data-height-mobile=\"30\" data-height-tab=\"60\" data-height-tab-portrait=\"40\" data-height-mobile-landscape=\"30\" style=\"clear:both;display:block;\"><\/div>[vc_separator color=&#8221;custom&#8221; style=&#8221;dashed&#8221; accent_color=&#8221;#f04e23&#8243;][\/vc_column][\/vc_row][vc_row full_width=&#8221;stretch_row_content&#8221;][vc_column][vc_column_text]\n<div id=\"sb_instagram\"  class=\"sbi sbi_mob_col_1 sbi_tab_col_2 sbi_col_6\" style=\"padding-bottom: 10px; width: 100%;\"\t data-feedid=\"*1\"  data-res=\"auto\" data-cols=\"6\" data-colsmobile=\"1\" data-colstablet=\"2\" data-num=\"12\" data-nummobile=\"\" data-item-padding=\"5\"\t data-shortcode-atts=\"{}\"  data-postid=\"45742\" data-locatornonce=\"0651034840\" data-imageaspectratio=\"1:1\" data-sbi-flags=\"favorLocal,ajaxPostLoad\">\n\t\n\t<div id=\"sbi_images\"  style=\"gap: 10px;\">\n\t\t\t<\/div>\n\n\t<div id=\"sbi_load\" >\n\n\t\n\t\n<\/div>\n\t\t<span class=\"sbi_resized_image_data\" data-feed-id=\"*1\"\n\t\t  data-resized=\"[]\">\n\t<\/span>\n\t<\/div>\n\n[\/vc_column_text][\/vc_column][\/vc_row]<\/p>\n<\/div>","protected":false},"excerpt":{"rendered":"<p>[vc_row][vc_column][vc_row_inner][vc_column_inner][\/vc_column_inner][\/vc_row_inner][\/vc_column][\/vc_row][vc_row][vc_column][vc_row_inner][vc_column_inner width=&#8221;1\/3&#8243;][vc_single_image image=&#8221;33167&#8243; img_size=&#8221;322&#215;331&#8243; alignment=&#8221;center&#8221; image_hovers=&#8221;false&#8221; css=&#8221;.vc_custom_1577992388809{margin-bottom: 20px !important;}&#8221;][\/vc_column_inner][vc_column_inner width=&#8221;1\/3&#8243;][vc_single_image image=&#8221;33165&#8243; img_size=&#8221;323&#215;331&#8243; alignment=&#8221;center&#8221; image_hovers=&#8221;false&#8221; css=&#8221;.vc_custom_1577992406664{margin-bottom: 20px !important;}&#8221;][\/vc_column_inner][vc_column_inner width=&#8221;1\/3&#8243;][vc_single_image image=&#8221;34265&#8243; img_size=&#8221;323&#215;331&#8243; alignment=&#8221;center&#8221; image_hovers=&#8221;false&#8221; css=&#8221;.vc_custom_1595859991587{margin-bottom: 20px !important;}&#8221;][\/vc_column_inner][\/vc_row_inner][vc_separator color=&#8221;custom&#8221; el_width=&#8221;80&#8243; accent_color=&#8221;#b2afb4&#8243;][\/vc_column][\/vc_row][vc_row][vc_column][vc_row_inner][vc_column_inner width=&#8221;1\/6&#8243;][\/vc_column_inner][vc_column_inner width=&#8221;2\/3&#8243;][vc_video link=&#8221;https:\/\/youtu.be\/qD07rAUMMl4&#8243; el_width=&#8221;80&#8243; align=&#8221;center&#8221;][\/vc_column_inner][vc_column_inner width=&#8221;1\/6&#8243;][\/vc_column_inner][\/vc_row_inner][vc_row_inner][vc_column_inner width=&#8221;2\/12&#8243;][vc_column_text][\/vc_column_text][\/vc_column_inner][vc_column_inner width=&#8221;4\/12&#8243;][vc_column_text css=&#8221;.vc_custom_1646855823631{margin-top: 0px !important;}&#8221; el_class=&#8221;fabric-text&#8221;]COBMEX\u00ae ha desarrollado hilos patentados llamados DURAPIL\u2122\u00a0y\u00a0DURAPIL ULTRA\u2122 que son superiores a los com\u00fanmente utilizados en&hellip;<\/p>\n","protected":false},"author":1,"featured_media":122129,"parent":0,"menu_order":0,"comment_status":"closed","ping_status":"closed","template":"","meta":{"content-type":"","inline_featured_image":false,"_metasync_otto_title":"","_metasync_otto_description":"","_metasync_otto_keywords":"","_metasync_otto_og_title":"","_metasync_otto_og_description":"","_metasync_otto_twitter_title":"","_metasync_otto_twitter_description":"","rank_math_title":"","rank_math_description":"","_yoast_wpseo_title":"","_yoast_wpseo_metadesc":"","_aioseo_title":"","_aioseo_description":"","_metasync_seo_title":"","_metasync_seo_desc":"","_metasync_breadcrumb_title":"","_metasync_primary_category":0,"_metasync_primary_product_cat":0,"_metasync_otto_disabled":"","_metasync_hreflang":"","_metasync_plugin_sync_ts":"","_metasync_robots_advanced":"","footnotes":""},"class_list":["post-45742","page","type-page","status-publish","has-post-thumbnail","hentry","description-off"],"_links":{"self":[{"href":"https:\/\/cobmex.com\/es\/wp-json\/wp\/v2\/pages\/45742","targetHints":{"allow":["GET"]}}],"collection":[{"href":"https:\/\/cobmex.com\/es\/wp-json\/wp\/v2\/pages"}],"about":[{"href":"https:\/\/cobmex.com\/es\/wp-json\/wp\/v2\/types\/page"}],"author":[{"embeddable":true,"href":"https:\/\/cobmex.com\/es\/wp-json\/wp\/v2\/users\/1"}],"replies":[{"embeddable":true,"href":"https:\/\/cobmex.com\/es\/wp-json\/wp\/v2\/comments?post=45742"}],"version-history":[{"count":0,"href":"https:\/\/cobmex.com\/es\/wp-json\/wp\/v2\/pages\/45742\/revisions"}],"wp:featuredmedia":[{"embeddable":true,"href":"https:\/\/cobmex.com\/es\/wp-json\/wp\/v2\/media\/122129"}],"wp:attachment":[{"href":"https:\/\/cobmex.com\/es\/wp-json\/wp\/v2\/media?parent=45742"}],"curies":[{"name":"wp","href":"https:\/\/api.w.org\/{rel}","templated":true}]}}