{"id":46057,"date":"2019-11-10T20:04:45","date_gmt":"2019-11-10T20:04:45","guid":{"rendered":"https:\/\/cobmex.com\/product\/3009\/"},"modified":"2022-03-04T16:52:43","modified_gmt":"2022-03-04T16:52:43","slug":"3009","status":"publish","type":"product","link":"https:\/\/cobmex.com\/es\/producto\/3009\/","title":{"rendered":"3009"},"content":{"rendered":"<p>Chaleco con cuello V tipo \u201cCashmere\u201d<\/p>\n<div class=\"divider\"><\/div>\n<p><strong>Tallas disponibles<\/strong><br \/>\nXS &#8211; 5XL<\/p>\n<div class=\"divider\"><\/div>\n<p><strong>Colores disponibles<\/strong><\/p>\n<p><img decoding=\"async\" style=\"height: 23px;\" src=\"https:\/\/cobmex.com\/wp-content\/uploads\/\/2020\/01\/360-degrees.svg\" alt=\"\" title=\"\"> <span style=\"font-size: 11px; vertical-align: 7px; color: #f04e23;\">Video disponible en color <strong>Azul Marino<\/strong><\/span><\/p>\n","protected":false},"excerpt":{"rendered":"<div class=\"divider\"><\/div>\n<p><strong>Material<\/strong><br \/>\n[css3_tooltip header=\"100% Durapil Ultra\u2122 Acrylic\" content=\"Durapil Ultra\u2122 de Cobmex es el tratamiento antipilling m\u00e1s avanzado tecnol\u00f3gicamente aplicado al hilo acr\u00edlico. Las rigurosas pruebas de laboratorio y los estudios de mercado, han demostrado una durabilidad y un control de la formaci\u00f3n de bolitas sin precedentes que dan como resultado prendas de mayor durabilidad mantiendo un tacto excelente. Si se siguen las instrucciones de lavado y cuidado de estas prendas, se garantizar\u00e1 su calidad duradera, uso tras uso y lavado tras lavado. Esa es la garant\u00eda de Cobmex.\" position=\"top\" tag=\"a\" width=\"220px\" custom_css=\"color: #F04E23 !important; font-size: 15px !important;\" custom_content_css=\"background-color: #F04E23 !important;\" style=\"style_29\" delay=\"0\" cursor=\"pointer\" event=\"hover\"]100% Durapil Ultra\u2122 acr\u00edlico[\/css3_tooltip]<\/p>\n<p><img decoding=\"async\" class=\"durapil-ultra-size\" src=\"https:\/\/cobmex.com\/wp-content\/uploads\/2020\/10\/durapil-ultra.svg\" \/><\/p>\n","protected":false},"featured_media":119231,"template":"","meta":{"content-type":"","inline_featured_image":false,"_metasync_otto_title":"","_metasync_otto_description":"","_metasync_otto_keywords":"","_metasync_otto_og_title":"","_metasync_otto_og_description":"","_metasync_otto_twitter_title":"","_metasync_otto_twitter_description":"","rank_math_title":"","rank_math_description":"","_yoast_wpseo_title":"","_yoast_wpseo_metadesc":"","_aioseo_title":"","_aioseo_description":"","_metasync_seo_title":"","_metasync_seo_desc":"","_metasync_otto_disabled":""},"product_brand":[],"product_cat":[81,84],"product_tag":[],"class_list":{"0":"post-46057","1":"product","2":"type-product","3":"status-publish","4":"has-post-thumbnail","6":"product_cat-cat-01-sp","7":"product_cat-sueteres-de-tejido-fino","8":"pa_color-azul-marino","9":"pa_color-gris-ejecutivo","10":"pa_color-negro","11":"description-off","13":"first","14":"instock","15":"shipping-taxable","16":"purchasable","17":"product-type-variable"},"gallery_images":[3473,3474],"_links":{"self":[{"href":"https:\/\/cobmex.com\/es\/wp-json\/wp\/v2\/product\/46057","targetHints":{"allow":["GET"]}}],"collection":[{"href":"https:\/\/cobmex.com\/es\/wp-json\/wp\/v2\/product"}],"about":[{"href":"https:\/\/cobmex.com\/es\/wp-json\/wp\/v2\/types\/product"}],"wp:featuredmedia":[{"embeddable":true,"href":"https:\/\/cobmex.com\/es\/wp-json\/wp\/v2\/media\/119231"}],"wp:attachment":[{"href":"https:\/\/cobmex.com\/es\/wp-json\/wp\/v2\/media?parent=46057"}],"wp:term":[{"taxonomy":"product_brand","embeddable":true,"href":"https:\/\/cobmex.com\/es\/wp-json\/wp\/v2\/product_brand?post=46057"},{"taxonomy":"product_cat","embeddable":true,"href":"https:\/\/cobmex.com\/es\/wp-json\/wp\/v2\/product_cat?post=46057"},{"taxonomy":"product_tag","embeddable":true,"href":"https:\/\/cobmex.com\/es\/wp-json\/wp\/v2\/product_tag?post=46057"}],"curies":[{"name":"wp","href":"https:\/\/api.w.org\/{rel}","templated":true}]}}