{"id":121352,"date":"2023-12-04T20:10:38","date_gmt":"2023-12-04T20:10:38","guid":{"rendered":"https:\/\/cobmex.com\/custom-knitwear-solutions\/"},"modified":"2023-12-22T16:26:39","modified_gmt":"2023-12-22T16:26:39","slug":"personnalisation","status":"publish","type":"page","link":"https:\/\/cobmex.com\/fr\/personnalisation\/","title":{"rendered":"Personnalisation"},"content":{"rendered":"<div class=\"wpb-content-wrapper\"><p>[vc_section full_width=&#8221;stretch_row&#8221; css=&#8221;.vc_custom_1701967066571{padding-top: 60px !important;padding-bottom: 60px !important;background: #c04733 url(https:\/\/cobmex.com\/wp-content\/uploads\/2023\/12\/cobmex-product.jpg?id=121146) !important;background-position: center !important;background-repeat: no-repeat !important;background-size: cover !important;}&#8221;][vc_row][vc_column][vc_custom_heading text=&#8221;Un service de conception et de fabrication de chandails sur mesure&#8221; font_container=&#8221;tag:h1|font_size:35px|text_align:left|color:%23ffffff|line_height:40px&#8221; use_theme_fonts=&#8221;yes&#8221; css=&#8221;.vc_custom_1703252196802{padding-bottom: 30px !important;}&#8221;]<div id=\"ultimate-heading-967569e9dc26314cf\" class=\"uvc-heading ult-adjust-bottom-margin ultimate-heading-967569e9dc26314cf uvc-7161  uvc-heading-default-font-sizes\" data-hspacer=\"no_spacer\"  data-halign=\"left\" style=\"text-align:left\"><div class=\"uvc-heading-spacer no_spacer\" style=\"top\"><\/div><div class=\"uvc-sub-heading ult-responsive\"  data-ultimate-target='.uvc-heading.ultimate-heading-967569e9dc26314cf .uvc-sub-heading '  data-responsive-json-new='{\"font-size\":\"\",\"line-height\":\"\"}'  style=\"font-weight:normal;\"><span style=\"font-size: 20px; color: white;\">COBMEX\u00ae est un sp\u00e9cialiste de la conception de v\u00eatements qui r\u00e9pond aux besoins uniques de votre ligne d\u2019uniformes personnalis\u00e9e. C\u2019est gr\u00e2ce \u00e0 nos 25 ann\u00e9es d\u2019exp\u00e9rience en fabrication de chandails d\u2019uniforme et \u00e0 notre \u00e9quipe experte que notre client\u00e8le peut avoir confiance en notre capacit\u00e9 \u00e0 concr\u00e9tiser sa vision. Jouissant de la confiance de marques d\u2019envergure internationale, COBMEX\u00ae met \u00e0 disposition des chandails fonctionnels correspondant aux crit\u00e8res propres \u00e0 chaque entreprise.<\/span><\/div><\/div>[\/vc_column][\/vc_row][\/vc_section][vc_section][vc_row gap=&#8221;30&#8243; equal_height=&#8221;yes&#8221; content_placement=&#8221;middle&#8221;][vc_column width=&#8221;8\/12&#8243; css=&#8221;.vc_custom_1703171823460{margin-left: 40px !important;}&#8221;][vc_custom_heading text=&#8221;Des fibres textiles au produit fini&#8221; use_theme_fonts=&#8221;yes&#8221; css=&#8221;.vc_custom_1703252263575{padding-bottom: 30px !important;}&#8221;][vc_column_text css=&#8221;.vc_custom_1703252279195{margin-bottom: 25px !important;}&#8221;]Fabriquer des chandails sur mesure offre un contr\u00f4le hors du commun sur le processus de conception.[\/vc_column_text][vc_column_text css=&#8221;.vc_custom_1703252291058{margin-bottom: 25px !important;}&#8221;]Au c\u0153ur de notre approche se trouve notre \u00e9quipe experte, dont le travail est de s\u00e9lectionner des mati\u00e8res premi\u00e8res en phase avec les crit\u00e8res uniques \u00e0 chaque projet. Nous prenons en compte les moindres d\u00e9tails et examinons les activit\u00e9s quotidiennes de la personne qui portera la pi\u00e8ce afin de concevoir des uniformes personnalis\u00e9s \u00e0 la fois captivants et irr\u00e9prochables sur le plan fonctionnel.[\/vc_column_text][\/vc_column][vc_column width=&#8221;4\/12&#8243;][vc_single_image image=&#8221;121161&#8243; img_size=&#8221;300&#215;400&#8243;][\/vc_column][\/vc_row][\/vc_section][vc_section][vc_row][vc_column width=&#8221;1\/12&#8243;][\/vc_column][vc_column width=&#8221;10\/12&#8243;][vc_custom_heading text=&#8221;Utilisateur final, priorit\u00e9 num\u00e9ro 1&#8243; font_container=&#8221;tag:h2|text_align:center&#8221; use_theme_fonts=&#8221;yes&#8221; css=&#8221;.vc_custom_1703252307290{padding-bottom: 10px !important;}&#8221;][vc_column_text css=&#8221;.vc_custom_1703252318744{margin-bottom: 25px !important;}&#8221; el_class=&#8221;text-centered&#8221;]La personne qui portera la pi\u00e8ce au quotidien est la cl\u00e9 de vo\u00fbte de chaque ligne personnalis\u00e9e. Nos chandails sont con\u00e7us pour allier style, fonctionnalit\u00e9 et confort. Les besoins, les pr\u00e9f\u00e9rences et le confort de notre client\u00e8le priment toujours.[\/vc_column_text][vc_column_text css=&#8221;.vc_custom_1703252327781{margin-bottom: 25px !important;}&#8221; el_class=&#8221;text-centered&#8221;]Placer l\u2019utilisateur du produit au centre du processus de cr\u00e9ation et de d\u00e9veloppement nous permet de garantir une int\u00e9gration parfaite de chaque chandail \u00e0 votre ligne d\u2019uniformes personnalis\u00e9e.[\/vc_column_text][\/vc_column][vc_column width=&#8221;1\/12&#8243;][\/vc_column][\/vc_row][vc_row][vc_column width=&#8221;1\/2&#8243;][vc_single_image image=&#8221;121177&#8243; img_size=&#8221;full&#8221;][\/vc_column][vc_column width=&#8221;1\/2&#8243;][vc_single_image image=&#8221;121180&#8243; img_size=&#8221;full&#8221;][\/vc_column][\/vc_row][\/vc_section][vc_section css=&#8221;.vc_custom_1701722973868{padding-top: 40px !important;}&#8221;][vc_row][vc_column][vc_custom_heading text=&#8221;Une \u00e9quipe experte \u00e0 votre service&#8221; font_container=&#8221;tag:h2|text_align:center&#8221; use_theme_fonts=&#8221;yes&#8221; css=&#8221;.vc_custom_1703252362229{padding-bottom: 10px !important;}&#8221;][\/vc_column][\/vc_row][\/vc_section][vc_section full_width=&#8221;stretch_row&#8221; css=&#8221;.vc_custom_1701967230000{background-image: url(https:\/\/cobmex.com\/wp-content\/uploads\/2023\/11\/COBMEX_240723-45050-Product_4-.jpg?id=121066) !important;background-position: center !important;background-repeat: no-repeat !important;background-size: cover !important;}&#8221;][vc_row][vc_column][vc_empty_space height=&#8221;490&#8243;][\/vc_column][\/vc_row][\/vc_section][vc_section css=&#8221;.vc_custom_1701727493107{padding-top: 20px !important;}&#8221;][vc_row][vc_column width=&#8221;1\/12&#8243;][\/vc_column][vc_column width=&#8221;10\/12&#8243;][vc_column_text css=&#8221;.vc_custom_1703252373698{margin-bottom: 25px !important;}&#8221; el_class=&#8221;text-centered&#8221;]Notre \u00e9quipe de sp\u00e9cialistes talentueux travaille en \u00e9troite collaboration avec la client\u00e8le afin de cr\u00e9er des chandails d\u2019uniforme sur mesure, fabriqu\u00e9s de main de ma\u00eetre. Gr\u00e2ce \u00e0 la conjugaison de nos prouesses de conception et de cr\u00e9ativit\u00e9 \u00e0 nos techniques de fabrication de pointe, nous fournissons des chandails alliant parfaitement \u00e9l\u00e9gance et performance. Ce proc\u00e9d\u00e9, nous le nommons Beautifully Technical\u2122.[\/vc_column_text][vc_column_text css=&#8221;.vc_custom_1703252387987{margin-bottom: 35px !important;}&#8221; el_class=&#8221;text-centered&#8221;]Planifiez un appel afin de discuter de vos besoins en chandails personnalis\u00e9s.[\/vc_column_text]<div class=\" ubtn-ctn-center \"><a class=\"ubtn-link ult-adjust-bottom-margin ubtn-center ubtn-normal \" href=\"#schedule-a-call\" ><button type=\"button\" id=\"ubtn-1458\"  class=\"ubtn ult-adjust-bottom-margin ult-responsive ubtn-normal ubtn-fade-bg  none  ubtn-center   tooltip-69e9dc2631595\"  data-hover=\"#ffffff\" data-border-color=\"\" data-bg=\"#f04e23\" data-hover-bg=\"#dd3333\" data-border-hover=\"\" data-shadow-hover=\"\" data-shadow-click=\"none\" data-shadow=\"\" data-shd-shadow=\"\"  data-ultimate-target='#ubtn-1458'  data-responsive-json-new='{\"font-size\":\"desktop:16px;\",\"line-height\":\"desktop:25px;\"}'  style=\"font-weight:normal;border:none;background: #f04e23;color: #ffffff;\"><span class=\"ubtn-hover\" style=\"background-color:#dd3333\"><\/span><span class=\"ubtn-data ubtn-text \" >Planifier un appel <\/span><\/button><\/a><\/div>[\/vc_column][vc_column width=&#8221;1\/12&#8243;][\/vc_column][\/vc_row][\/vc_section][vc_section css=&#8221;.vc_custom_1701725051984{padding-top: 60px !important;}&#8221;][vc_row][vc_column][vc_custom_heading text=&#8221;Donner vie \u00e0 votre vision&#8221; font_container=&#8221;tag:h2|text_align:center&#8221; use_theme_fonts=&#8221;yes&#8221;][\/vc_column][\/vc_row][vc_row gap=&#8221;35&#8243; el_class=&#8221;bring-vision-to-life&#8221;][vc_column width=&#8221;1\/2&#8243; el_class=&#8221;vision-col-1&#8243;][vc_single_image image=&#8221;121200&#8243; img_size=&#8221;full&#8221; css=&#8221;.vc_custom_1701968209054{margin-bottom: 30px !important;}&#8221;][vc_column_text css=&#8221;.vc_custom_1703252570370{margin-bottom: 25px !important;}&#8221;]<\/p>\n<p style=\"text-align: right;\">\u00c0 titre de partenaires professionnels d\u00e9vou\u00e9s, nous prenons le temps de bien saisir votre vision et vos besoins.<\/p>\n<p style=\"text-align: right;\">Nous sommes \u00e0 vos c\u00f4t\u00e9s pour vous guider et vous soutenir au cours de l\u2019int\u00e9gralit\u00e9 du processus de conception. Au-del\u00e0 de nos chandails, notre service est une composante d\u00e9terminante de notre culture, et nous cherchons perp\u00e9tuellement \u00e0 d\u00e9passer vos attentes.<\/p>\n<p>[\/vc_column_text][\/vc_column][vc_column width=&#8221;1\/2&#8243; el_class=&#8221;vision-col-2&#8243;][vc_column_text css=&#8221;.vc_custom_1703252547803{margin-bottom: 25px !important;}&#8221;]<\/p>\n<p style=\"text-align: left;\">Fort de ses 25 ann\u00e9es d\u2019exp\u00e9rience, COBMEX<sup>\u00ae<\/sup> ma\u00eetrise les subtilit\u00e9s de la fabrication de pi\u00e8ces de v\u00eatements.<\/p>\n<p style=\"text-align: left;\">Nos vastes connaissances et l\u2019expertise de notre \u00e9quipe nous permettent d\u2019offrir \u00e0 notre client\u00e8le des options flexibles de fabrication, des d\u00e9lais rapides, une qualit\u00e9 constante et un service soign\u00e9.<\/p>\n<p>[\/vc_column_text][vc_single_image image=&#8221;121203&#8243; img_size=&#8221;full&#8221;][\/vc_column][\/vc_row][\/vc_section][vc_section css=&#8221;.vc_custom_1701725767211{padding-top: 50px !important;}&#8221;][vc_row][vc_column][vc_custom_heading text=&#8221;Des possibilit\u00e9s infinies<br \/>\net des besoins clairement d\u00e9limit\u00e9s&#8221; font_container=&#8221;tag:h2|text_align:center&#8221; use_theme_fonts=&#8221;yes&#8221; css=&#8221;.vc_custom_1703252603947{padding-bottom: 10px !important;}&#8221;][\/vc_column][\/vc_row][vc_row][vc_column width=&#8221;1\/3&#8243;][vc_single_image image=&#8221;121222&#8243; img_size=&#8221;full&#8221;][\/vc_column][vc_column width=&#8221;1\/3&#8243;][vc_single_image image=&#8221;121219&#8243; img_size=&#8221;full&#8221;][\/vc_column][vc_column width=&#8221;1\/3&#8243;][vc_single_image image=&#8221;121225&#8243; img_size=&#8221;full&#8221;][\/vc_column][\/vc_row][vc_row el_id=&#8221;schedule-a-call&#8221;][vc_column][vc_column_text css=&#8221;.vc_custom_1703252620865{margin-bottom: 25px !important;}&#8221; el_class=&#8221;text-centered&#8221;]Contactez-nous et un membre de notre \u00e9quipe discutera avec vous de vos besoins en mati\u00e8re de chandails d\u2019uniforme personnalis\u00e9s. [\/vc_column_text][\/vc_column][\/vc_row][vc_row][vc_column width=&#8221;2\/12&#8243;][\/vc_column][vc_column width=&#8221;8\/12&#8243;][vc_raw_html css=&#8221;.vc_custom_1703252846063{padding-right: 20px !important;padding-left: 20px !important;}&#8221;]JTVCcXVmb3JtJTIwaWQlM0QlMjIyNCUyMiUyMG5hbWUlM0QlMjJDdXN0b20lMjBLbml0d2VhciUyMFNvbHV0aW9ucyUyMC0lMjBGUiUyMiU1RA==[\/vc_raw_html][\/vc_column][vc_column width=&#8221;2\/12&#8243;][\/vc_column][\/vc_row][\/vc_section][vc_section][vc_row][vc_column width=&#8221;1\/12&#8243;][\/vc_column][vc_column width=&#8221;10\/12&#8243;][vc_custom_heading text=&#8221;APPRENEZ-EN PLUS SUR COBMEX\u00ae&#8221; font_container=&#8221;tag:h2|text_align:center&#8221; use_theme_fonts=&#8221;yes&#8221; css=&#8221;.vc_custom_1703252861820{padding-bottom: 10px !important;}&#8221;][\/vc_column][vc_column width=&#8221;1\/12&#8243;][\/vc_column][\/vc_row][vc_row][vc_column width=&#8221;1\/4&#8243;][\/vc_column][vc_column width=&#8221;1\/4&#8243;][vc_single_image image=&#8221;119905&#8243; img_size=&#8221;full&#8221; alignment=&#8221;center&#8221; onclick=&#8221;custom_link&#8221; css=&#8221;.vc_custom_1703171653879{margin-bottom: 25px !important;}&#8221; link=&#8221;https:\/\/cobmex.com\/the-cobmex-quality-control-process\/&#8221;][vc_custom_heading text=&#8221;Processus de contr\u00f4le de la qualit\u00e9 &#8221; font_container=&#8221;tag:div|text_align:center&#8221; use_theme_fonts=&#8221;yes&#8221; link=&#8221;url:https%3A%2F%2Fcobmex.com%2Fthe-cobmex-quality-control-process%2F&#8221; css=&#8221;.vc_custom_1703252879981{margin-bottom: 40px !important;}&#8221;][\/vc_column][vc_column width=&#8221;1\/4&#8243;][vc_single_image image=&#8221;121349&#8243; img_size=&#8221;full&#8221; alignment=&#8221;center&#8221; onclick=&#8221;custom_link&#8221; css=&#8221;.vc_custom_1703172111814{margin-bottom: 25px !important;}&#8221; link=&#8221;https:\/\/cobmex.com\/cobmex-client-care-central-to-your-needs-core-to-our-values\/&#8221;][vc_custom_heading text=&#8221;Service \u00e0 la client\u00e8le&#8221; font_container=&#8221;tag:div|text_align:center&#8221; use_theme_fonts=&#8221;yes&#8221; link=&#8221;url:https%3A%2F%2Fcobmex.com%2Fcobmex-client-care-central-to-your-needs-core-to-our-values%2F&#8221; css=&#8221;.vc_custom_1703252893211{margin-bottom: 40px !important;}&#8221;][\/vc_column][vc_column width=&#8221;1\/4&#8243;][\/vc_column][\/vc_row][\/vc_section]<\/p>\n<\/div>","protected":false},"excerpt":{"rendered":"<p>[vc_section full_width=&#8221;stretch_row&#8221; css=&#8221;.vc_custom_1701967066571{padding-top: 60px !important;padding-bottom: 60px !important;background: #c04733 url(https:\/\/cobmex.com\/wp-content\/uploads\/2023\/12\/cobmex-product.jpg?id=121146) !important;background-position: center !important;background-repeat: no-repeat !important;background-size: cover !important;}&#8221;][vc_row][vc_column][vc_custom_heading text=&#8221;Un service de conception et de fabrication de chandails sur mesure&#8221; font_container=&#8221;tag:h1|font_size:35px|text_align:left|color:%23ffffff|line_height:40px&#8221; use_theme_fonts=&#8221;yes&#8221; css=&#8221;.vc_custom_1703252196802{padding-bottom: 30px !important;}&#8221;][\/vc_column][\/vc_row][\/vc_section][vc_section][vc_row gap=&#8221;30&#8243; equal_height=&#8221;yes&#8221; content_placement=&#8221;middle&#8221;][vc_column width=&#8221;8\/12&#8243; css=&#8221;.vc_custom_1703171823460{margin-left: 40px !important;}&#8221;][vc_custom_heading text=&#8221;Des fibres textiles au produit fini&#8221; use_theme_fonts=&#8221;yes&#8221; css=&#8221;.vc_custom_1703252263575{padding-bottom: 30px !important;}&#8221;][vc_column_text css=&#8221;.vc_custom_1703252279195{margin-bottom: 25px !important;}&#8221;]Fabriquer des chandails sur&hellip;<\/p>\n","protected":false},"author":5,"featured_media":0,"parent":0,"menu_order":0,"comment_status":"closed","ping_status":"closed","template":"","meta":{"content-type":"","inline_featured_image":false,"_metasync_otto_title":"","_metasync_otto_description":"","_metasync_otto_keywords":"","_metasync_otto_og_title":"","_metasync_otto_og_description":"","_metasync_otto_twitter_title":"","_metasync_otto_twitter_description":"","rank_math_title":"","rank_math_description":"","_yoast_wpseo_title":"","_yoast_wpseo_metadesc":"","_aioseo_title":null,"_aioseo_description":null,"_metasync_seo_title":"","_metasync_seo_desc":"","_metasync_otto_disabled":"","footnotes":""},"class_list":["post-121352","page","type-page","status-publish","hentry","description-off"],"_links":{"self":[{"href":"https:\/\/cobmex.com\/fr\/wp-json\/wp\/v2\/pages\/121352","targetHints":{"allow":["GET"]}}],"collection":[{"href":"https:\/\/cobmex.com\/fr\/wp-json\/wp\/v2\/pages"}],"about":[{"href":"https:\/\/cobmex.com\/fr\/wp-json\/wp\/v2\/types\/page"}],"author":[{"embeddable":true,"href":"https:\/\/cobmex.com\/fr\/wp-json\/wp\/v2\/users\/5"}],"replies":[{"embeddable":true,"href":"https:\/\/cobmex.com\/fr\/wp-json\/wp\/v2\/comments?post=121352"}],"version-history":[{"count":0,"href":"https:\/\/cobmex.com\/fr\/wp-json\/wp\/v2\/pages\/121352\/revisions"}],"wp:attachment":[{"href":"https:\/\/cobmex.com\/fr\/wp-json\/wp\/v2\/media?parent=121352"}],"curies":[{"name":"wp","href":"https:\/\/api.w.org\/{rel}","templated":true}]}}