{"id":121365,"date":"2023-12-04T22:16:38","date_gmt":"2023-12-04T22:16:38","guid":{"rendered":"https:\/\/cobmex.com\/thank-you-design\/"},"modified":"2024-01-02T15:33:17","modified_gmt":"2024-01-02T15:33:17","slug":"merci","status":"publish","type":"page","link":"https:\/\/cobmex.com\/fr\/merci\/","title":{"rendered":"Merci"},"content":{"rendered":"<div class=\"wpb-content-wrapper\"><p>[vc_section full_width=&#8221;stretch_row&#8221; css=&#8221;.vc_custom_1701729053803{padding-top: 90px !important;padding-bottom: 85px !important;background-color: #f04e23 !important;}&#8221;][vc_row][vc_column][vc_custom_heading text=&#8221;Merci d\u2019avoir contact\u00e9 COBMEX\u00ae! Votre message a bien \u00e9t\u00e9 re\u00e7u et notre \u00e9quipe reviendra vers vous prochainement.&#8221; font_container=&#8221;tag:h1|font_size:40px|text_align:center|color:%23ffffff|line_height:43px&#8221; use_theme_fonts=&#8221;yes&#8221; css=&#8221;.vc_custom_1704208827150{padding-bottom: 30px !important;}&#8221; el_class=&#8221;thank-you-hero-text&#8221;][\/vc_column][\/vc_row][\/vc_section][vc_section][vc_row css=&#8221;.vc_custom_1702579298103{padding-top: 30px !important;padding-bottom: 40px !important;}&#8221;][vc_column width=&#8221;1\/12&#8243;][\/vc_column][vc_column width=&#8221;10\/12&#8243;][vc_custom_heading text=&#8221;D\u00e9couvrez-en davantage&#8221; font_container=&#8221;tag:h2|text_align:center&#8221; use_theme_fonts=&#8221;yes&#8221; css=&#8221;.vc_custom_1701728945194{padding-bottom: 10px !important;}&#8221;][\/vc_column][vc_column width=&#8221;1\/12&#8243;][\/vc_column][\/vc_row][vc_row gap=&#8221;10&#8243; equal_height=&#8221;yes&#8221;][vc_column width=&#8221;1\/3&#8243; css=&#8221;.vc_custom_1701730450490{padding-bottom: 40px !important;}&#8221;]<div id=\"ultimate-heading-870969f498d79499b\" class=\"uvc-heading ult-adjust-bottom-margin ultimate-heading-870969f498d79499b uvc-7396 \" data-hspacer=\"no_spacer\"  data-halign=\"center\" style=\"text-align:center\"><div class=\"uvc-heading-spacer no_spacer\" style=\"top\"><\/div><div class=\"uvc-sub-heading ult-responsive\"  data-ultimate-target='.uvc-heading.ultimate-heading-870969f498d79499b .uvc-sub-heading '  data-responsive-json-new='{\"font-size\":\"desktop:18px;\",\"line-height\":\"desktop:23px;\"}'  style=\"font-weight:bold;color:#6d6e71;\"><strong>APPRENEZ-EN PLUS SUR COBMEX\u00ae<\/strong><\/div><\/div>[vc_single_image image=&#8221;121285&#8243; img_size=&#8221;full&#8221; alignment=&#8221;center&#8221; css=&#8221;.vc_custom_1701730285579{margin-top: 20px !important;margin-bottom: 35px !important;}&#8221;][vc_column_text el_class=&#8221;text-centered&#8221; css=&#8221;.vc_custom_1702482111841{margin-bottom: 40px !important;}&#8221;]Renseignez-vous sur COBMEX\u00ae et d\u00e9couvrez nos valeurs, notre mission et notre objectif.[\/vc_column_text]<div class=\" ubtn-ctn-center cta-button\"><a class=\"ubtn-link ult-adjust-bottom-margin ubtn-center ubtn-normal cta-button\" href=\"https:\/\/cobmex.com\/fr\/a-propos\" ><button type=\"button\" id=\"ubtn-3740\"  class=\"ubtn ult-adjust-bottom-margin ult-responsive ubtn-normal ubtn-no-hover-bg  none  ubtn-center   tooltip-69f498d7949d9\"  data-hover=\"#ffffff\" data-border-color=\"\" data-bg=\"#f04e23\" data-hover-bg=\"#f04e23\" data-border-hover=\"\" data-shadow-hover=\"\" data-shadow-click=\"none\" data-shadow=\"\" data-shd-shadow=\"\"  data-ultimate-target='#ubtn-3740'  data-responsive-json-new='{\"font-size\":\"desktop:16px;\",\"line-height\":\"desktop:25px;\"}'  style=\"font-weight:normal;border:none;background: #f04e23;color: #ffffff;\"><span class=\"ubtn-hover\" style=\"background-color:#f04e23\"><\/span><span class=\"ubtn-data ubtn-text \" > EN SAVOIR PLUS<\/span><\/button><\/a><\/div>[\/vc_column][vc_column width=&#8221;1\/3&#8243; css=&#8221;.vc_custom_1701730458552{padding-bottom: 40px !important;}&#8221;]<div id=\"ultimate-heading-309169f498d794a20\" class=\"uvc-heading ult-adjust-bottom-margin ultimate-heading-309169f498d794a20 uvc-3353 \" data-hspacer=\"no_spacer\"  data-halign=\"center\" style=\"text-align:center\"><div class=\"uvc-heading-spacer no_spacer\" style=\"top\"><\/div><div class=\"uvc-sub-heading ult-responsive\"  data-ultimate-target='.uvc-heading.ultimate-heading-309169f498d794a20 .uvc-sub-heading '  data-responsive-json-new='{\"font-size\":\"desktop:18px;\",\"line-height\":\"desktop:23px;\"}'  style=\"font-weight:bold;color:#6d6e71;\"><strong>D\u00c9COUVREZ NOS CHANDAILS<\/strong><\/div><\/div>[vc_single_image image=&#8221;121288&#8243; img_size=&#8221;full&#8221; alignment=&#8221;center&#8221; css=&#8221;.vc_custom_1701730306236{margin-top: 20px !important;margin-bottom: 15px !important;}&#8221;][vc_column_text el_class=&#8221;text-centered&#8221;]Passez en revue nos collections de chandails sp\u00e9cialement con\u00e7us pour r\u00e9pondre aux besoins des entreprises et de la s\u00e9curit\u00e9 publique.[\/vc_column_text]<div class=\" ubtn-ctn-center cta-button\"><a class=\"ubtn-link ult-adjust-bottom-margin ubtn-center ubtn-normal cta-button\" href=\"https:\/\/cobmex.com\/fr\/catalogue\/\" ><button type=\"button\" id=\"ubtn-2089\"  class=\"ubtn ult-adjust-bottom-margin ult-responsive ubtn-normal ubtn-no-hover-bg  none  ubtn-center   tooltip-69f498d794a3f\"  data-hover=\"#ffffff\" data-border-color=\"\" data-bg=\"#f04e23\" data-hover-bg=\"#f04e23\" data-border-hover=\"\" data-shadow-hover=\"\" data-shadow-click=\"none\" data-shadow=\"\" data-shd-shadow=\"\"  data-ultimate-target='#ubtn-2089'  data-responsive-json-new='{\"font-size\":\"desktop:16px;\",\"line-height\":\"desktop:25px;\"}'  style=\"font-weight:normal;border:none;background: #f04e23;color: #ffffff;\"><span class=\"ubtn-hover\" style=\"background-color:#f04e23\"><\/span><span class=\"ubtn-data ubtn-text \" >PARCOURIR NOTRE CATALOGUE<\/span><\/button><\/a><\/div>[\/vc_column][vc_column width=&#8221;1\/3&#8243; css=&#8221;.vc_custom_1701730466136{padding-bottom: 40px !important;}&#8221;]<div id=\"ultimate-heading-399469f498d794a69\" class=\"uvc-heading ult-adjust-bottom-margin ultimate-heading-399469f498d794a69 uvc-5691 \" data-hspacer=\"no_spacer\"  data-halign=\"center\" style=\"text-align:center\"><div class=\"uvc-heading-spacer no_spacer\" style=\"top\"><\/div><div class=\"uvc-sub-heading ult-responsive\"  data-ultimate-target='.uvc-heading.ultimate-heading-399469f498d794a69 .uvc-sub-heading '  data-responsive-json-new='{\"font-size\":\"desktop:18px;\",\"line-height\":\"desktop:23px;\"}'  style=\"font-weight:bold;color:#6d6e71;\"><strong>PROFITEZ DE NOS CONNAISSANCES<\/strong><\/div><\/div>[vc_single_image image=&#8221;121282&#8243; img_size=&#8221;full&#8221; alignment=&#8221;center&#8221; css=&#8221;.vc_custom_1701730322218{margin-top: 20px !important;margin-bottom: 35px !important;}&#8221;][vc_column_text el_class=&#8221;text-centered&#8221; css=&#8221;.vc_custom_1702482121081{margin-bottom: 40px !important;}&#8221;]Lisez l\u2019actualit\u00e9 au sujet de notre entreprise, de notre \u00e9quipe, et de ce qui se produit au sein du secteur.[\/vc_column_text]<div class=\" ubtn-ctn-center cta-button\"><a class=\"ubtn-link ult-adjust-bottom-margin ubtn-center ubtn-normal cta-button\" href=\"https:\/\/cobmex.com\/fr\/blogue\/\" ><button type=\"button\" id=\"ubtn-9352\"  class=\"ubtn ult-adjust-bottom-margin ult-responsive ubtn-normal ubtn-no-hover-bg  none  ubtn-center   tooltip-69f498d794a83\"  data-hover=\"#ffffff\" data-border-color=\"\" data-bg=\"#f04e23\" data-hover-bg=\"#f04e23\" data-border-hover=\"\" data-shadow-hover=\"\" data-shadow-click=\"none\" data-shadow=\"\" data-shd-shadow=\"\"  data-ultimate-target='#ubtn-9352'  data-responsive-json-new='{\"font-size\":\"desktop:16px;\",\"line-height\":\"desktop:25px;\"}'  style=\"font-weight:normal;border:none;background: #f04e23;color: #ffffff;\"><span class=\"ubtn-hover\" style=\"background-color:#f04e23\"><\/span><span class=\"ubtn-data ubtn-text \" > CONSULTER NOTRE BLOGUE<\/span><\/button><\/a><\/div>[\/vc_column][\/vc_row][\/vc_section]<\/p>\n<\/div>","protected":false},"excerpt":{"rendered":"<p>[vc_section full_width=&#8221;stretch_row&#8221; css=&#8221;.vc_custom_1701729053803{padding-top: 90px !important;padding-bottom: 85px !important;background-color: #f04e23 !important;}&#8221;][vc_row][vc_column][vc_custom_heading text=&#8221;Merci d\u2019avoir contact\u00e9 COBMEX\u00ae! Votre message a bien \u00e9t\u00e9 re\u00e7u et notre \u00e9quipe reviendra vers vous prochainement.&#8221; font_container=&#8221;tag:h1|font_size:40px|text_align:center|color:%23ffffff|line_height:43px&#8221; use_theme_fonts=&#8221;yes&#8221; css=&#8221;.vc_custom_1704208827150{padding-bottom: 30px !important;}&#8221; el_class=&#8221;thank-you-hero-text&#8221;][\/vc_column][\/vc_row][\/vc_section][vc_section][vc_row css=&#8221;.vc_custom_1702579298103{padding-top: 30px !important;padding-bottom: 40px !important;}&#8221;][vc_column width=&#8221;1\/12&#8243;][\/vc_column][vc_column width=&#8221;10\/12&#8243;][vc_custom_heading text=&#8221;D\u00e9couvrez-en davantage&#8221; font_container=&#8221;tag:h2|text_align:center&#8221; use_theme_fonts=&#8221;yes&#8221; css=&#8221;.vc_custom_1701728945194{padding-bottom: 10px !important;}&#8221;][\/vc_column][vc_column width=&#8221;1\/12&#8243;][\/vc_column][\/vc_row][vc_row gap=&#8221;10&#8243; equal_height=&#8221;yes&#8221;][vc_column width=&#8221;1\/3&#8243; css=&#8221;.vc_custom_1701730450490{padding-bottom: 40px !important;}&#8221;][vc_single_image image=&#8221;121285&#8243; img_size=&#8221;full&#8221;&hellip;<\/p>\n","protected":false},"author":5,"featured_media":0,"parent":0,"menu_order":0,"comment_status":"closed","ping_status":"closed","template":"","meta":{"content-type":"","inline_featured_image":false,"_metasync_otto_title":"","_metasync_otto_description":"","_metasync_otto_keywords":"","_metasync_otto_og_title":"","_metasync_otto_og_description":"","_metasync_otto_twitter_title":"","_metasync_otto_twitter_description":"","rank_math_title":"","rank_math_description":"","_yoast_wpseo_title":"","_yoast_wpseo_metadesc":"","_aioseo_title":null,"_aioseo_description":null,"_metasync_seo_title":"","_metasync_seo_desc":"","_metasync_otto_disabled":"","footnotes":""},"class_list":["post-121365","page","type-page","status-publish","hentry","description-off"],"_links":{"self":[{"href":"https:\/\/cobmex.com\/fr\/wp-json\/wp\/v2\/pages\/121365","targetHints":{"allow":["GET"]}}],"collection":[{"href":"https:\/\/cobmex.com\/fr\/wp-json\/wp\/v2\/pages"}],"about":[{"href":"https:\/\/cobmex.com\/fr\/wp-json\/wp\/v2\/types\/page"}],"author":[{"embeddable":true,"href":"https:\/\/cobmex.com\/fr\/wp-json\/wp\/v2\/users\/5"}],"replies":[{"embeddable":true,"href":"https:\/\/cobmex.com\/fr\/wp-json\/wp\/v2\/comments?post=121365"}],"version-history":[{"count":0,"href":"https:\/\/cobmex.com\/fr\/wp-json\/wp\/v2\/pages\/121365\/revisions"}],"wp:attachment":[{"href":"https:\/\/cobmex.com\/fr\/wp-json\/wp\/v2\/media?parent=121365"}],"curies":[{"name":"wp","href":"https:\/\/api.w.org\/{rel}","templated":true}]}}