{"id":121683,"date":"2024-02-29T21:26:21","date_gmt":"2024-02-29T21:26:21","guid":{"rendered":"https:\/\/cobmex.com\/?page_id=121683"},"modified":"2025-08-12T16:29:37","modified_gmt":"2025-08-12T16:29:37","slug":"devenir-distributeur","status":"publish","type":"page","link":"https:\/\/cobmex.com\/fr\/devenir-distributeur\/","title":{"rendered":"Devenir distributeur"},"content":{"rendered":"<div class=\"wpb-content-wrapper\"><p>[vc_row full_width=&#8221;stretch_row&#8221; bg_type=&#8221;image&#8221; parallax_style=&#8221;vcpb-default&#8221; bg_image_new=&#8221;id^121525|url^https:\/\/cobmex.com\/wp-content\/uploads\/2024\/02\/distributordesign-v8_02.jpg|caption^null|alt^null|title^distributordesign v8_02|description^null&#8221; bg_image_repeat=&#8221;no-repeat&#8221; bg_image_posiiton=&#8221;100% 40%&#8221; css=&#8221;.vc_custom_1708426314282{margin-top: 0px !important;margin-bottom: 0px !important;padding-top: 0px !important;padding-bottom: 0px !important;}&#8221;][vc_column][vc_row_inner css=&#8221;.vc_custom_1708425420796{padding-top: 0px !important;padding-bottom: 0px !important;}&#8221;][vc_column_inner width=&#8221;5\/6&#8243; css=&#8221;.vc_custom_1708425438814{margin-top: 0px !important;margin-bottom: 0px !important;padding-top: 0px !important;padding-bottom: 0px !important;}&#8221;]<div class=\"ult-spacer spacer-6a056ec39840c\" data-id=\"6a056ec39840c\" data-height=\"55\" data-height-mobile=\"35\" data-height-tab=\"45\" data-height-tab-portrait=\"45\" data-height-mobile-landscape=\"35\" style=\"clear:both;display:block;\"><\/div>[vc_custom_heading text=&#8221;Devenir distributeur&#8221; font_container=&#8221;tag:h2|font_size:30px|text_align:left|color:%23ffffff|line_height:2.2rem&#8221; use_theme_fonts=&#8221;yes&#8221;]<div class=\"ult-spacer spacer-6a056ec398442\" data-id=\"6a056ec398442\" data-height=\"30\" data-height-mobile=\"30\" data-height-tab=\"30\" data-height-tab-portrait=\"\" data-height-mobile-landscape=\"\" style=\"clear:both;display:block;\"><\/div>[vc_column_text el_class=&#8221;distributor-description&#8221;]<span style=\"color: #ffffff;\">Avec plus de 25 ann\u00e9es d\u2019expertise dans la fabrication de chandails d\u2019uniforme de haute qualit\u00e9 pour les march\u00e9s des entreprises et de la s\u00e9curit\u00e9 publique, nous sommes fiers de fournir des tricots techniques \u00e0 d\u2019\u00e9minents distributeurs en Am\u00e9rique du Nord, au Royaume-Uni et en Europe.<\/span>[\/vc_column_text]<div class=\"ult-spacer spacer-6a056ec398463\" data-id=\"6a056ec398463\" data-height=\"75\" data-height-mobile=\"25\" data-height-tab=\"65\" data-height-tab-portrait=\"65\" data-height-mobile-landscape=\"25\" style=\"clear:both;display:block;\"><\/div>[\/vc_column_inner][vc_column_inner width=&#8221;1\/6&#8243;][\/vc_column_inner][\/vc_row_inner][\/vc_column][\/vc_row][vc_row full_width=&#8221;stretch_row&#8221; bg_type=&#8221;image&#8221; parallax_style=&#8221;vcpb-default&#8221; bg_image_new=&#8221;id^121532|url^https:\/\/cobmex.com\/wp-content\/uploads\/2024\/02\/distributordesign-v8_04.jpg|caption^null|alt^null|title^distributordesign v8_04|description^null&#8221; bg_image_repeat=&#8221;no-repeat&#8221; css=&#8221;.vc_custom_1708729445482{margin-top: 0px !important;margin-bottom: 0px !important;padding-top: 140px !important;padding-bottom: 140px !important;}&#8221; el_class=&#8221;controlled-space&#8221; el_id=&#8221;bd-section-2&#8243;][vc_column css=&#8221;.vc_custom_1708426861470{padding-top: 0px !important;}&#8221;][vc_row_inner css=&#8221;.vc_custom_1709239594850{margin-top: 0px !important;margin-right: 90px !important;margin-bottom: 0px !important;margin-left: 90px !important;padding-top: 50px !important;padding-right: 30px !important;padding-bottom: 50px !important;padding-left: 30px !important;background-color: rgba(255,255,255,0.8) !important;*background-color: rgb(255,255,255) !important;}&#8221; el_class=&#8221;bd-cta-section&#8221;][vc_column_inner css=&#8221;.vc_custom_1708729420153{padding-top: 0px !important;}&#8221;][vc_custom_heading text=&#8221;Chez COBMEX\u00ae, nos distributeurs sont des partenaires&#8221; font_container=&#8221;tag:h2|font_size:40px|text_align:center|line_height:2.2rem&#8221; use_theme_fonts=&#8221;yes&#8221; css=&#8221;.vc_custom_1708425665008{margin-bottom: 30px !important;}&#8221;][vc_column_text]<\/p>\n<p style=\"text-align: center;\">COBMEX\u00ae se distingue en priorisant la communication ouverte et en fournissant un soutien personnalis\u00e9. Notre fiabilit\u00e9 nous positionne comme fournisseur pr\u00e9f\u00e9r\u00e9 du secteur des uniformes professionnels.<\/p>\n<p style=\"text-align: center;\">Notre approche est centr\u00e9e sur la collaboration et nous souhaitons toujours \u00e9tablir des relations durables et favorables pour toutes les parties. Certains de nos partenariats durent depuis plus de deux d\u00e9cennies : COBMEX\u00ae consid\u00e8re ses clients comme des partenaires \u00e0 part enti\u00e8re et ne passe que par des distributeurs, sans jamais vendre directement aux utilisateurs finaux.<\/p>\n<p>[\/vc_column_text][vc_btn title=&#8221;Discutons&#8221; style=&#8221;custom&#8221; custom_background=&#8221;#f04e23&#8243; custom_text=&#8221;#ffffff&#8221; shape=&#8221;square&#8221; align=&#8221;center&#8221; css=&#8221;.vc_custom_1708425504408{padding-right: 10px !important;padding-left: 10px !important;}&#8221; el_class=&#8221;orange-button&#8221; link=&#8221;url:%23lets_talk|&#8221;][\/vc_column_inner][\/vc_row_inner][\/vc_column][\/vc_row][vc_row css=&#8221;.vc_custom_1708421341947{margin-top: 80px !important;margin-bottom: 30px !important;}&#8221;][vc_column css=&#8221;.vc_custom_1708418564967{padding-top: 0px !important;}&#8221;][vc_custom_heading text=&#8221;Pourquoi faire confiance \u00e0 COBMEX\u00ae pour fabriquer vos chandails d\u2019uniforme?&#8221; font_container=&#8221;tag:h2|font_size:34px|text_align:center|line_height:2.2rem&#8221; use_theme_fonts=&#8221;yes&#8221; css=&#8221;.vc_custom_1708425674035{margin-bottom: 30px !important;}&#8221;][vc_row_inner gap=&#8221;25&#8243; css=&#8221;.vc_custom_1708419937095{margin-top: 50px !important;}&#8221;][vc_column_inner width=&#8221;1\/3&#8243;][vc_single_image image=&#8221;121759&#8243; img_size=&#8221;150&#215;150&#8243; alignment=&#8221;center&#8221; el_class=&#8221;six-img&#8221;][vc_column_text]<\/p>\n<p style=\"text-align: center;\"><strong>R\u00e9gularit\u00e9 et qualit\u00e9<\/strong><\/p>\n<p style=\"text-align: center;\">Faites \u00e0 votre entreprise le cadeau d\u2019un partenaire qui accorde de l\u2019importance \u00e0 l\u2019excellence. Nos tricots sont fabriqu\u00e9s avec les mat\u00e9riaux les plus efficaces, les processus les plus avanc\u00e9s et des proc\u00e9dures de contr\u00f4le de la qualit\u00e9 rigoureuses, le tout dans le but de fournir des chandails d\u2019uniforme durables et confortables.<\/p>\n<p>[\/vc_column_text][\/vc_column_inner][vc_column_inner width=&#8221;1\/3&#8243;][vc_single_image image=&#8221;121774&#8243; img_size=&#8221;150&#215;150&#8243; alignment=&#8221;center&#8221; el_class=&#8221;six-img&#8221;][vc_column_text]<\/p>\n<p style=\"text-align: center;\"><strong>Services fiables<\/strong><\/p>\n<p style=\"text-align: center;\">Notre aimable \u00e9quipe de service \u00e0 la client\u00e8le fournit des r\u00e9ponses rapides \u00e0 toutes vos demandes pour vous soutenir \u00e0 chaque \u00e9tape et vous offrir un service personnalis\u00e9 et efficace.<\/p>\n<p>[\/vc_column_text][\/vc_column_inner][vc_column_inner width=&#8221;1\/3&#8243;][vc_single_image image=&#8221;121768&#8243; img_size=&#8221;150&#215;150&#8243; alignment=&#8221;center&#8221; el_class=&#8221;six-img&#8221;][vc_column_text]<\/p>\n<p style=\"text-align: center;\"><strong>Solutions personnalis\u00e9es<\/strong><\/p>\n<p style=\"text-align: center;\">Nos clients profitent d\u2019un acc\u00e8s complet \u00e0 notre \u00e9quipe sp\u00e9cialis\u00e9e de d\u00e9veloppement et de conception des produits, qui est arm\u00e9e des connaissances et de l\u2019exp\u00e9rience n\u00e9cessaires pour r\u00e9pondre \u00e0 tous vos besoins en mati\u00e8re de programme d\u2019uniformes.<\/p>\n<p>[\/vc_column_text][\/vc_column_inner][\/vc_row_inner][vc_row_inner gap=&#8221;25&#8243;][vc_column_inner width=&#8221;1\/3&#8243;][vc_single_image image=&#8221;121762&#8243; img_size=&#8221;150&#215;150&#8243; alignment=&#8221;center&#8221; el_class=&#8221;six-img&#8221;][vc_column_text]<\/p>\n<p style=\"text-align: center;\"><strong>D\u00e9lais de 24 heures<\/strong><\/p>\n<p style=\"text-align: center;\">Nous comprenons l\u2019importance d\u2019un service rapide et fiable. Les \u00e9quipes d\u00e9vou\u00e9es dans nos entrep\u00f4ts aux \u00c9tats-Unis et au Canada r\u00e9pondent aux commandes sous 24 heures, ce qui vous laisse la souplesse n\u00e9cessaire pour r\u00e9pondre aux demandes fluctuantes de vos clients.<\/p>\n<p>[\/vc_column_text][\/vc_column_inner][vc_column_inner width=&#8221;1\/3&#8243;][vc_single_image image=&#8221;121765&#8243; img_size=&#8221;150&#215;150&#8243; alignment=&#8221;center&#8221; el_class=&#8221;six-img&#8221;][vc_column_text]<\/p>\n<p style=\"text-align: center;\"><strong>Une cha\u00eene d\u2019approvisionnement fiable<\/strong><\/p>\n<p style=\"text-align: center;\">COBMEX\u00ae dispose de ses propres usines, ce qui nous offre un contr\u00f4le direct de notre cha\u00eene d\u2019approvisionnement. Nos chers distributeurs peuvent ainsi compter sur notre r\u00e9gularit\u00e9 et notre fiabilit\u00e9.<\/p>\n<p>[\/vc_column_text][\/vc_column_inner][vc_column_inner width=&#8221;1\/3&#8243;][vc_single_image image=&#8221;121771&#8243; img_size=&#8221;150&#215;150&#8243; alignment=&#8221;center&#8221; el_class=&#8221;six-img&#8221;][vc_column_text]<\/p>\n<p style=\"text-align: center;\"><strong>Une large vari\u00e9t\u00e9 et de faibles quantit\u00e9s minimales requises<\/strong><\/p>\n<p style=\"text-align: center;\">COBMEX\u00ae offre une grande vari\u00e9t\u00e9 d\u2019options adapt\u00e9es aux pr\u00e9f\u00e9rences de sa client\u00e8le, de sa gamme destin\u00e9e aux entreprises \u00e0 sa collection sp\u00e9cialis\u00e9e pour r\u00e9pondre aux besoins du secteur de la s\u00e9curit\u00e9 publique, en passant par les styles contemporains certifi\u00e9s OEKO-TEX\u00ae. Avec de faibles quantit\u00e9s minimales requises, nous vous permettons d\u2019acc\u00e9der \u00e0 un programme riche de mod\u00e8les standard.<\/p>\n<p>[\/vc_column_text][\/vc_column_inner][\/vc_row_inner][\/vc_column][\/vc_row][vc_row][vc_column][vc_custom_heading text=&#8221;T\u00e9moignages&#8221; font_container=&#8221;tag:h2|font_size:34px|text_align:center|line_height:24px&#8221; use_theme_fonts=&#8221;yes&#8221; css=&#8221;.vc_custom_1708421328645{margin-bottom: 50px !important;}&#8221;][\/vc_column][\/vc_row][vc_row gap=&#8221;20&#8243; equal_height=&#8221;yes&#8221; bg_type=&#8221;bg_color&#8221; css=&#8221;.vc_custom_1709846068050{margin-right: 50px !important;margin-bottom: 50px !important;margin-left: 50px !important;border-radius: 10px !important;}&#8221; el_class=&#8221;testimonial-section&#8221;][vc_column css=&#8221;.vc_custom_1709240872700{margin-right: 15px !important;padding-top: 25px !important;padding-right: 25px !important;padding-bottom: 25px !important;padding-left: 25px !important;background-color: #f0542a !important;border-radius: 25px !important;}&#8221; offset=&#8221;vc_col-lg-6 vc_col-md-6&#8243;][vc_column_text css=&#8221;.vc_custom_1708591774905{margin-bottom: 20px !important;}&#8221; el_class=&#8221;testimonial-content&#8221;]<em><span style=\"color: #ffffff;\">\u00ab Depuis 25 ans, COBMEX\u00ae a fourni des chandails d\u2019uniforme de haute qualit\u00e9 \u00e0 nos clients de la s\u00e9curit\u00e9 publique et des services postaux. L\u2019engagement de COBMEX\u00ae et son service \u00e0 la client\u00e8le exceptionnel nous permettent de r\u00e9pondre efficacement aux besoins de nos clients. \u00bb<\/span><\/em>[\/vc_column_text][vc_row_inner content_placement=&#8221;middle&#8221; css=&#8221;.vc_custom_1708728284880{border-radius: 5px !important;}&#8221;][vc_column_inner width=&#8221;1\/6&#8243;][vc_single_image image=&#8221;121573&#8243; img_size=&#8221;full&#8221; style=&#8221;vc_box_circle_2&#8243; css=&#8221;.vc_custom_1708421141962{margin-bottom: 0px !important;}&#8221; el_class=&#8221;head-img&#8221;][\/vc_column_inner][vc_column_inner width=&#8221;5\/6&#8243;][vc_column_text css=&#8221;.vc_custom_1708591787521{margin-bottom: 0px !important;}&#8221; el_class=&#8221;testimonial-content&#8221;]<strong><span style=\"color: #ffffff;\">Bob Getto<\/span><\/strong><br \/>\n<strong><span style=\"color: #ffffff;\">Pr\u00e9sident directeur g\u00e9n\u00e9ral de Fechheimer<\/span><\/strong>[\/vc_column_text][\/vc_column_inner][\/vc_row_inner][\/vc_column][vc_column css=&#8221;.vc_custom_1709240898644{margin-left: 15px !important;padding-top: 25px !important;padding-right: 25px !important;padding-bottom: 25px !important;padding-left: 25px !important;background-color: #f0542a !important;border-radius: 25px !important;}&#8221; offset=&#8221;vc_col-lg-6 vc_col-md-6&#8243;][vc_column_text css=&#8221;.vc_custom_1708591800239{margin-bottom: 20px !important;}&#8221; el_class=&#8221;testimonial-content&#8221;]<span style=\"color: #ffffff;\"><em>\u00ab La marque COBMEX\u00ae m\u2019\u00e9voque la famille et de belles relations. C\u2019est un groupe de personnes qui se sont r\u00e9unies et ont tiss\u00e9 ces liens merveilleux. Ces relations ne se limitent pas \u00e0 l\u2019int\u00e9rieur de l\u2019entreprise, elles s\u2019\u00e9tendent \u00e0 tous les interlocuteurs. \u00bb<\/em><\/span>[\/vc_column_text][vc_row_inner content_placement=&#8221;middle&#8221;][vc_column_inner width=&#8221;1\/6&#8243; css=&#8221;.vc_custom_1709240627705{padding-top: 35px !important;}&#8221;][vc_single_image image=&#8221;121576&#8243; img_size=&#8221;full&#8221; style=&#8221;vc_box_circle_2&#8243; css=&#8221;.vc_custom_1708422520098{margin-bottom: 0px !important;}&#8221; el_class=&#8221;head-img&#8221;][\/vc_column_inner][vc_column_inner width=&#8221;5\/6&#8243; css=&#8221;.vc_custom_1709240644024{padding-top: 35px !important;}&#8221;][vc_column_text css=&#8221;.vc_custom_1708591813906{margin-bottom: 0px !important;}&#8221; el_class=&#8221;testimonial-content&#8221;]<span style=\"color: #ffffff;\"><strong>Michael Smith<\/strong><\/span><br \/>\n<span style=\"color: #ffffff;\"><strong>Pr\u00e9sident d\u2019Unisync<\/strong><\/span>[\/vc_column_text][\/vc_column_inner][\/vc_row_inner][\/vc_column][\/vc_row][vc_row gap=&#8221;20&#8243; equal_height=&#8221;yes&#8221; bg_type=&#8221;bg_color&#8221; css=&#8221;.vc_custom_1709846062298{margin-right: 50px !important;margin-bottom: 50px !important;margin-left: 50px !important;border-radius: 10px !important;}&#8221; el_class=&#8221;testimonial-section&#8221;][vc_column css=&#8221;.vc_custom_1709240916380{margin-right: 15px !important;padding-top: 25px !important;padding-right: 25px !important;padding-bottom: 25px !important;padding-left: 25px !important;background-color: #f0542a !important;border-radius: 25px !important;}&#8221; offset=&#8221;vc_col-lg-6 vc_col-md-6&#8243;][vc_column_text css=&#8221;.vc_custom_1708591830739{margin-bottom: 20px !important;}&#8221; el_class=&#8221;testimonial-content&#8221;]<span style=\"color: #ffffff;\"><em>\u00ab COBMEX\u00ae, c\u2019est plus qu\u2019une entreprise. COBMEX\u00ae, c\u2019est une famille d\u00e9guis\u00e9e en entreprise. \u00bb<\/em><\/span>[\/vc_column_text][vc_row_inner content_placement=&#8221;middle&#8221; css=&#8221;.vc_custom_1708728284880{border-radius: 5px !important;}&#8221;][vc_column_inner width=&#8221;1\/6&#8243; css=&#8221;.vc_custom_1709240651888{padding-top: 35px !important;}&#8221;][vc_single_image image=&#8221;121579&#8243; img_size=&#8221;full&#8221; style=&#8221;vc_box_circle_2&#8243; css=&#8221;.vc_custom_1709139205835{margin-bottom: 0px !important;}&#8221; el_class=&#8221;head-img&#8221;][\/vc_column_inner][vc_column_inner width=&#8221;5\/6&#8243; css=&#8221;.vc_custom_1709240658684{padding-top: 35px !important;}&#8221;][vc_column_text css=&#8221;.vc_custom_1708591844019{margin-bottom: 0px !important;}&#8221; el_class=&#8221;testimonial-content&#8221;]<span style=\"color: #ffffff;\"><strong>Ron Pate<\/strong><\/span><br \/>\n<span style=\"color: #ffffff;\"><strong>Fondateur de R&amp;R Group<\/strong><\/span>[\/vc_column_text][\/vc_column_inner][\/vc_row_inner][\/vc_column][vc_column css=&#8221;.vc_custom_1709240947041{margin-left: 15px !important;padding-top: 25px !important;padding-right: 25px !important;padding-bottom: 25px !important;padding-left: 25px !important;background-color: #f0542a !important;border-radius: 25px !important;}&#8221; offset=&#8221;vc_col-lg-6 vc_col-md-6&#8243;][vc_column_text css=&#8221;.vc_custom_1710265530142{margin-bottom: 20px !important;}&#8221; el_class=&#8221;testimonial-content&#8221;]<span style=\"color: #ffffff;\"><em>\u00ab COBMEX\u00ae d\u00e9montre constamment qu&#8217;il n&#8217;est pas seulement un fournisseur de chandails, mais plut\u00f4t un fournisseur de solutions. La vaste connaissance de l&#8217;industrie, la comp\u00e9tence en tricot et le service exceptionnel de l&#8217;\u00e9quipe font de COBMEX\u00ae le meilleur endroit o\u00f9 aller lorsque j&#8217;ai besoin de solutions optimales pour les chandails d&#8217;uniformes. \u00bb<\/em><\/span>[\/vc_column_text][vc_row_inner content_placement=&#8221;middle&#8221;][vc_column_inner width=&#8221;1\/6&#8243; css=&#8221;.vc_custom_1709240667128{padding-top: 35px !important;}&#8221;][vc_single_image image=&#8221;121668&#8243; img_size=&#8221;full&#8221; style=&#8221;vc_box_circle_2&#8243; css=&#8221;.vc_custom_1709139219202{margin-bottom: 0px !important;}&#8221; el_class=&#8221;head-img&#8221;][\/vc_column_inner][vc_column_inner width=&#8221;5\/6&#8243; css=&#8221;.vc_custom_1709240674200{padding-top: 35px !important;}&#8221;][vc_column_text css=&#8221;.vc_custom_1709846654885{margin-bottom: 0px !important;}&#8221; el_class=&#8221;testimonial-content&#8221;]<span style=\"color: #ffffff;\"><strong>B. James Bottoms<\/strong><\/span><br \/>\n<span style=\"color: #ffffff;\"><strong>Vice-pr\u00e9sident ex\u00e9cutif charg\u00e9 de la strat\u00e9gie et du d\u00e9veloppement des affaires internationales chez Logistik<\/strong><\/span>[\/vc_column_text][\/vc_column_inner][\/vc_row_inner][\/vc_column][\/vc_row][vc_row][vc_column][vc_custom_heading text=&#8221;Vous avez d\u00e9cid\u00e9 de devenir partenaire de COBMEX\u00ae?&#8221; font_container=&#8221;tag:h2|font_size:34px|text_align:center|line_height:2.2rem&#8221; use_theme_fonts=&#8221;yes&#8221; css=&#8221;.vc_custom_1708425688350{margin-bottom: 50px !important;}&#8221;][\/vc_column][\/vc_row][vc_row full_width=&#8221;stretch_row_content_no_spaces&#8221; content_placement=&#8221;middle&#8221; bg_type=&#8221;image&#8221; parallax_style=&#8221;vcpb-default&#8221; bg_image_new=&#8221;id^121592|url^https:\/\/cobmex.com\/wp-content\/uploads\/2024\/02\/ready-img.jpg|caption^null|alt^null|title^ready-img|description^null&#8221;][vc_column]<div class=\"ult-spacer spacer-6a056ec39847c\" data-id=\"6a056ec39847c\" data-height=\"420\" data-height-mobile=\"250\" data-height-tab=\"300\" data-height-tab-portrait=\"300\" data-height-mobile-landscape=\"250\" style=\"clear:both;display:block;\"><\/div>[\/vc_column][\/vc_row][vc_row el_id=&#8221;lets_talk&#8221;][vc_column][vc_column_text]<\/p>\n<p style=\"text-align: center;\"><strong>Remplissez le formulaire ci-dessous pour obtenir des renseignements afin de devenir<\/strong><br \/>\n<strong>distributeur.<\/strong><\/p>\n<p>[\/vc_column_text][vc_row_inner][vc_column_inner width=&#8221;1\/5&#8243; offset=&#8221;vc_hidden-md vc_hidden-sm vc_hidden-xs&#8221;][\/vc_column_inner][vc_column_inner offset=&#8221;vc_col-lg-3\/5 vc_col-md-12 vc_col-xs-12&#8243;][vc_raw_html css=&#8221;&#8221;]JTVCcXVmb3JtJTIwaWQlM0QlMjIzMCUyMiUyMG5hbWUlM0QlMjJOZXclMjBCZWNvbWUlMjBhJTIwRGlzdHJpYnV0b3IlMjBGb3JtJTIwRlIlMjAtJTIwMiUyMiU1RA==[\/vc_raw_html][\/vc_column_inner][vc_column_inner width=&#8221;1\/5&#8243; offset=&#8221;vc_hidden-md vc_hidden-sm vc_hidden-xs&#8221;][\/vc_column_inner][\/vc_row_inner][vc_column_text]<\/p>\n<p style=\"text-align: center;\"><em>COBMEX\u00ae ne vend qu\u2019\u00e0 des distributeurs. Si vous \u00eates un utilisateur final, veuillez nous contacter et nous vous orienterons vers des fournisseurs dans votre r\u00e9gion.<\/em><\/p>\n<p>[\/vc_column_text][\/vc_column][\/vc_row]<\/p>\n<\/div>","protected":false},"excerpt":{"rendered":"<p>[vc_row full_width=&#8221;stretch_row&#8221; bg_type=&#8221;image&#8221; parallax_style=&#8221;vcpb-default&#8221; bg_image_new=&#8221;id^121525|url^https:\/\/cobmex.com\/wp-content\/uploads\/2024\/02\/distributordesign-v8_02.jpg|caption^null|alt^null|title^distributordesign v8_02|description^null&#8221; bg_image_repeat=&#8221;no-repeat&#8221; bg_image_posiiton=&#8221;100% 40%&#8221; css=&#8221;.vc_custom_1708426314282{margin-top: 0px !important;margin-bottom: 0px !important;padding-top: 0px !important;padding-bottom: 0px !important;}&#8221;][vc_column][vc_row_inner css=&#8221;.vc_custom_1708425420796{padding-top: 0px !important;padding-bottom: 0px !important;}&#8221;][vc_column_inner width=&#8221;5\/6&#8243; css=&#8221;.vc_custom_1708425438814{margin-top: 0px !important;margin-bottom: 0px !important;padding-top: 0px !important;padding-bottom: 0px !important;}&#8221;][vc_custom_heading text=&#8221;Devenir distributeur&#8221; font_container=&#8221;tag:h2|font_size:30px|text_align:left|color:%23ffffff|line_height:2.2rem&#8221; use_theme_fonts=&#8221;yes&#8221;][vc_column_text el_class=&#8221;distributor-description&#8221;]Avec plus de 25 ann\u00e9es d\u2019expertise dans la fabrication de chandails d\u2019uniforme de haute qualit\u00e9 pour les march\u00e9s&hellip;<\/p>\n","protected":false},"author":4,"featured_media":0,"parent":0,"menu_order":0,"comment_status":"closed","ping_status":"closed","template":"","meta":{"content-type":"","inline_featured_image":false,"footnotes":""},"class_list":["post-121683","page","type-page","status-publish","hentry","description-off"],"_links":{"self":[{"href":"https:\/\/cobmex.com\/fr\/wp-json\/wp\/v2\/pages\/121683","targetHints":{"allow":["GET"]}}],"collection":[{"href":"https:\/\/cobmex.com\/fr\/wp-json\/wp\/v2\/pages"}],"about":[{"href":"https:\/\/cobmex.com\/fr\/wp-json\/wp\/v2\/types\/page"}],"author":[{"embeddable":true,"href":"https:\/\/cobmex.com\/fr\/wp-json\/wp\/v2\/users\/4"}],"replies":[{"embeddable":true,"href":"https:\/\/cobmex.com\/fr\/wp-json\/wp\/v2\/comments?post=121683"}],"version-history":[{"count":0,"href":"https:\/\/cobmex.com\/fr\/wp-json\/wp\/v2\/pages\/121683\/revisions"}],"wp:attachment":[{"href":"https:\/\/cobmex.com\/fr\/wp-json\/wp\/v2\/media?parent=121683"}],"curies":[{"name":"wp","href":"https:\/\/api.w.org\/{rel}","templated":true}]}}