{"id":44851,"date":"2020-10-06T16:21:05","date_gmt":"2020-10-06T16:21:05","guid":{"rendered":"https:\/\/cobmex.com\/contemporain\/"},"modified":"2021-07-15T14:06:44","modified_gmt":"2021-07-15T14:06:44","slug":"contemporain","status":"publish","type":"page","link":"https:\/\/cobmex.com\/fr\/contemporain\/","title":{"rendered":"Contemporain"},"content":{"rendered":"<div class=\"wpb-content-wrapper\"><p>[vc_row][vc_column]<div id=\"ultimate-heading-639069e50105864d6\" class=\"uvc-heading ult-adjust-bottom-margin ultimate-heading-639069e50105864d6 uvc-3212 \" data-hspacer=\"no_spacer\"  data-halign=\"center\" style=\"text-align:center\"><div class=\"uvc-heading-spacer no_spacer\" style=\"top\"><\/div><div class=\"uvc-sub-heading ult-responsive\"  data-ultimate-target='.uvc-heading.ultimate-heading-639069e50105864d6 .uvc-sub-heading '  data-responsive-json-new='{\"font-size\":\"desktop:16px;\",\"line-height\":\"desktop:24px;\"}'  style=\"font-family:&#039;Libre Franklin&#039;;font-weight:300;color:#666666;\"><\/p>\n<p style=\"text-align: center;\">Notre nouvelle gamme intitul\u00e9e \u00ab Contemporain \u00bb est une collection de tricots d\u2019uniforme de qualit\u00e9 certifi\u00e9e STANDARD 100 by OEKO-TEX\u00ae. Elle propose diff\u00e9rents styles de tricots inspir\u00e9s des tendances actuelles de la vente au d\u00e9tail. Cr\u00e9\u00e9e avec go\u00fbt et passion par notre \u00e9quipe interne de concepteurs, cette collection est parfaite pour remettre au go\u00fbt du jour tous vos uniformes. La laine utilis\u00e9e est produite \u00e0 l\u2019aide d\u2019un processus de filage avanc\u00e9 et technique, et permet d\u2019allier style, confort et douceur. Cette collection r\u00e9pond aux besoins des employ\u00e9s en uniforme d\u2019aujourd\u2019hui.<\/p>\n<p><\/div><\/div><div class=\"ult-spacer spacer-69e5010586514\" data-id=\"69e5010586514\" data-height=\"40\" data-height-mobile=\"30\" data-height-tab=\"30\" data-height-tab-portrait=\"30\" data-height-mobile-landscape=\"30\" style=\"clear:both;display:block;\"><\/div>[\/vc_column][\/vc_row][vc_row full_height=&#8221;yes&#8221; columns_placement=&#8221;top&#8221;][vc_column]<style type=\"text\/css\" data-type=\"the7_shortcodes-inline-css\">.products-shortcode.products-masonry-shortcode-id-48b340ebec58fd6bbe42b2b6d541ed9d .star-rating,\n.products-shortcode.products-masonry-shortcode-id-48b340ebec58fd6bbe42b2b6d541ed9d .star-rating:before {\n  color: rgba(115,32,1,0.2);\n}\n.products-shortcode.products-masonry-shortcode-id-48b340ebec58fd6bbe42b2b6d541ed9d .entry-title,\n.products-shortcode.products-masonry-shortcode-id-48b340ebec58fd6bbe42b2b6d541ed9d .entry-title *,\n.products-shortcode.products-masonry-shortcode-id-48b340ebec58fd6bbe42b2b6d541ed9d .woocom-list-content .price,\n.products-shortcode.products-masonry-shortcode-id-48b340ebec58fd6bbe42b2b6d541ed9d .woocom-list-content .price * {\n  color: #732001;\n}\n.products-shortcode.products-masonry-shortcode-id-48b340ebec58fd6bbe42b2b6d541ed9d .filter {\n  margin-bottom: 50px;\n}\n.products-shortcode.products-masonry-shortcode-id-48b340ebec58fd6bbe42b2b6d541ed9d .filter a,\n.products-shortcode.products-masonry-shortcode-id-48b340ebec58fd6bbe42b2b6d541ed9d .filter a * {\n  color: #732001;\n  color: #999999;\n}\n.products-shortcode.products-masonry-shortcode-id-48b340ebec58fd6bbe42b2b6d541ed9d .filter:not(.filter-bg-decoration):not(.filter-underline-decoration) .filter-categories a:hover,\n.products-shortcode.products-masonry-shortcode-id-48b340ebec58fd6bbe42b2b6d541ed9d .filter:not(.filter-bg-decoration):not(.filter-underline-decoration) .filter-categories a.act {\n  color: #f04e23;\n  background: none;\n}\n.products-shortcode.products-masonry-shortcode-id-48b340ebec58fd6bbe42b2b6d541ed9d .filter-bg-decoration .filter-categories a:not(.act):hover {\n  color: #f04e23;\n  background: none;\n}\n.products-shortcode.products-masonry-shortcode-id-48b340ebec58fd6bbe42b2b6d541ed9d .filter-bg-decoration .filter-categories a.act {\n  color: #fff;\n}\n.products-shortcode.products-masonry-shortcode-id-48b340ebec58fd6bbe42b2b6d541ed9d .filter-bg-decoration .filter-categories a.act:after {\n  background: #f04e23;\n}\n.products-shortcode.products-masonry-shortcode-id-48b340ebec58fd6bbe42b2b6d541ed9d .filter-underline-decoration .filter-categories a:after {\n  background: #f04e23;\n}\n.products-shortcode.products-masonry-shortcode-id-48b340ebec58fd6bbe42b2b6d541ed9d .paginator a,\n.products-shortcode.products-masonry-shortcode-id-48b340ebec58fd6bbe42b2b6d541ed9d .paginator a * {\n  color: #999999;\n}\n.products-shortcode.products-masonry-shortcode-id-48b340ebec58fd6bbe42b2b6d541ed9d .paginator .button-load-more {\n  border-color: rgba(153,153,153,0.1);\n}\n.products-shortcode.products-masonry-shortcode-id-48b340ebec58fd6bbe42b2b6d541ed9d .paginator .button-load-more:hover {\n  border-color: rgba(153,153,153,0.21);\n}\n.products-shortcode.products-masonry-shortcode-id-48b340ebec58fd6bbe42b2b6d541ed9d .paginator:not(.paginator-more-button) a:after {\n  background: #f04e23;\n}\n.products-shortcode.products-masonry-shortcode-id-48b340ebec58fd6bbe42b2b6d541ed9d:not(.resize-by-browser-width) .dt-css-grid {\n  grid-row-gap: 30px;\n  grid-column-gap: 30px;\n  grid-template-columns: repeat(auto-fill,minmax(,1fr));\n}\n.cssgridlegacy.no-cssgrid .products-shortcode.products-masonry-shortcode-id-48b340ebec58fd6bbe42b2b6d541ed9d:not(.resize-by-browser-width) .dt-css-grid,\n.no-cssgridlegacy.no-cssgrid .products-shortcode.products-masonry-shortcode-id-48b340ebec58fd6bbe42b2b6d541ed9d:not(.resize-by-browser-width) .dt-css-grid {\n  display: flex;\n  flex-flow: row wrap;\n  margin: -15px;\n}\n.cssgridlegacy.no-cssgrid .products-shortcode.products-masonry-shortcode-id-48b340ebec58fd6bbe42b2b6d541ed9d:not(.resize-by-browser-width) .dt-css-grid .wf-cell,\n.no-cssgridlegacy.no-cssgrid .products-shortcode.products-masonry-shortcode-id-48b340ebec58fd6bbe42b2b6d541ed9d:not(.resize-by-browser-width) .dt-css-grid .wf-cell {\n  flex: 1 0 ;\n  max-width: 100%;\n  padding: 15px;\n  box-sizing: border-box;\n}\n.products-shortcode.products-masonry-shortcode-id-48b340ebec58fd6bbe42b2b6d541ed9d.resize-by-browser-width .dt-css-grid {\n  grid-template-columns: repeat(4,1fr);\n  grid-template-rows: auto;\n  grid-column-gap: 30px;\n  grid-row-gap: 30px;\n}\n.cssgridlegacy.no-cssgrid .products-shortcode.products-masonry-shortcode-id-48b340ebec58fd6bbe42b2b6d541ed9d.resize-by-browser-width .dt-css-grid,\n.no-cssgridlegacy.no-cssgrid .products-shortcode.products-masonry-shortcode-id-48b340ebec58fd6bbe42b2b6d541ed9d.resize-by-browser-width .dt-css-grid {\n  margin: -15px;\n}\n.cssgridlegacy.no-cssgrid .products-shortcode.products-masonry-shortcode-id-48b340ebec58fd6bbe42b2b6d541ed9d.resize-by-browser-width .dt-css-grid .wf-cell,\n.no-cssgridlegacy.no-cssgrid .products-shortcode.products-masonry-shortcode-id-48b340ebec58fd6bbe42b2b6d541ed9d.resize-by-browser-width .dt-css-grid .wf-cell {\n  width: 25%;\n  padding: 15px;\n}\n@media screen and (max-width: 1199px) {\n  .products-shortcode.products-masonry-shortcode-id-48b340ebec58fd6bbe42b2b6d541ed9d.resize-by-browser-width .dt-css-grid {\n    grid-template-columns: repeat(3,1fr);\n  }\n  .cssgridlegacy.no-cssgrid .products-shortcode.products-masonry-shortcode-id-48b340ebec58fd6bbe42b2b6d541ed9d.resize-by-browser-width .dt-css-grid .wf-cell,\n  .no-cssgridlegacy.no-cssgrid .products-shortcode.products-masonry-shortcode-id-48b340ebec58fd6bbe42b2b6d541ed9d.resize-by-browser-width .dt-css-grid .wf-cell {\n    width: 33.333333333333%;\n  }\n}\n@media screen and (max-width: 991px) {\n  .products-shortcode.products-masonry-shortcode-id-48b340ebec58fd6bbe42b2b6d541ed9d.resize-by-browser-width .dt-css-grid {\n    grid-template-columns: repeat(2,1fr);\n  }\n  .cssgridlegacy.no-cssgrid .products-shortcode.products-masonry-shortcode-id-48b340ebec58fd6bbe42b2b6d541ed9d.resize-by-browser-width .dt-css-grid .wf-cell,\n  .no-cssgridlegacy.no-cssgrid .products-shortcode.products-masonry-shortcode-id-48b340ebec58fd6bbe42b2b6d541ed9d.resize-by-browser-width .dt-css-grid .wf-cell {\n    width: 50%;\n  }\n}\n@media screen and (max-width: 767px) {\n  .products-shortcode.products-masonry-shortcode-id-48b340ebec58fd6bbe42b2b6d541ed9d.resize-by-browser-width .dt-css-grid {\n    grid-template-columns: repeat(2,1fr);\n  }\n  .cssgridlegacy.no-cssgrid .products-shortcode.products-masonry-shortcode-id-48b340ebec58fd6bbe42b2b6d541ed9d.resize-by-browser-width .dt-css-grid .wf-cell,\n  .no-cssgridlegacy.no-cssgrid .products-shortcode.products-masonry-shortcode-id-48b340ebec58fd6bbe42b2b6d541ed9d.resize-by-browser-width .dt-css-grid .wf-cell {\n    width: 50%;\n  }\n}<\/style><div class=\"products-shortcode products-masonry-shortcode-id-48b340ebec58fd6bbe42b2b6d541ed9d mode-grid cart-btn-below-img hide-description hide-rating jquery-filter dt-css-grid-wrap resize-by-browser-width loading-effect-none description-under-image content-align-centre wc-grid\" data-padding=\"15px\" data-cur-page=\"1\" data-post-limit=\"-1\" data-pagination-mode=\"none\" data-desktop-columns-num=\"4\" data-v-tablet-columns-num=\"2\" data-h-tablet-columns-num=\"3\" data-phone-columns-num=\"2\" data-width=\"0px\" data-columns=\"0\"><div class=\"dt-css-grid\" ><div class=\"visible wf-cell visible\" data-post-id=\"46444\" data-date=\"2020-01-12T06:03:37+00:00\" data-name=\"4309\"><article class=\"post project-odd visible description-off product type-product post-46444 status-publish first instock product_cat-cat-03-fr has-post-thumbnail shipping-taxable purchasable product-type-variable\" ><figure class=\"woocom-project\">\n\t<div class=\"woo-buttons-on-img\">\n\n\t\t<a href=\"https:\/\/cobmex.com\/fr\/produit\/4309\/\" class=\"alignnone layzr-bg\"><img decoding=\"async\" width=\"400\" height=\"494\" src=\"data:image\/svg+xml;charset=utf-8,%3Csvg xmlns%3D&#039;http%3A%2F%2Fwww.w3.org%2F2000%2Fsvg&#039; viewBox%3D&#039;0 0 400 494&#039;%2F%3E\" class=\"attachment-woocommerce_thumbnail size-woocommerce_thumbnail iso-lazy-load preload-me\" alt=\"charcoal open front knit cardigan \" data-src=\"https:\/\/cobmex.com\/wp-content\/uploads\/2020\/01\/4309Charcoal-400x494.jpg\" data-srcset=\"https:\/\/cobmex.com\/wp-content\/uploads\/2020\/01\/4309Charcoal-400x494.jpg 400w, https:\/\/cobmex.com\/wp-content\/uploads\/2020\/01\/4309Charcoal-300x370.jpg 300w, https:\/\/cobmex.com\/wp-content\/uploads\/2020\/01\/4309Charcoal-600x740.jpg 600w, https:\/\/cobmex.com\/wp-content\/uploads\/2020\/01\/4309Charcoal-768x948.jpg 768w, https:\/\/cobmex.com\/wp-content\/uploads\/2020\/01\/4309Charcoal-1245x1536.jpg 1245w, https:\/\/cobmex.com\/wp-content\/uploads\/2020\/01\/4309Charcoal-19x24.jpg 19w, https:\/\/cobmex.com\/wp-content\/uploads\/2020\/01\/4309Charcoal-29x36.jpg 29w, https:\/\/cobmex.com\/wp-content\/uploads\/2020\/01\/4309Charcoal-39x48.jpg 39w, https:\/\/cobmex.com\/wp-content\/uploads\/2020\/01\/4309Charcoal.jpg 1600w\" title=\"\"><\/a>\n\t<\/div>\n\t<figcaption class=\"woocom-list-content\">\n\n\t\t<div class=\"woo-buttons\"><a rel=\"dofollow\" href=\"https:\/\/cobmex.com\/fr\/produit\/4309\/\" data-quantity=\"1\" data-product_id=\"46444\" data-product_sku=\"\" class=\"button\">Choix des options<\/a>\t<span id=\"woocommerce_loop_add_to_cart_link_describedby_46444\" class=\"screen-reader-text\">\n\t\tCe produit a plusieurs variations. Les options peuvent \u00eatre choisies sur la page du produit\t<\/span>\n<\/div>\n\t<\/figcaption>\n<\/figure>\n<\/article><\/div><div class=\"visible wf-cell visible\" data-post-id=\"46476\" data-date=\"2020-01-13T20:09:43+00:00\" data-name=\"4310\"><article class=\"post project-odd visible description-off product type-product post-46476 status-publish instock product_cat-cat-03-fr has-post-thumbnail shipping-taxable purchasable product-type-variable\" ><figure class=\"woocom-project\">\n\t<div class=\"woo-buttons-on-img\">\n\n\t\t<a href=\"https:\/\/cobmex.com\/fr\/produit\/4310\/\" class=\"alignnone layzr-bg\"><img decoding=\"async\" width=\"400\" height=\"494\" src=\"data:image\/svg+xml;charset=utf-8,%3Csvg xmlns%3D&#039;http%3A%2F%2Fwww.w3.org%2F2000%2Fsvg&#039; viewBox%3D&#039;0 0 400 494&#039;%2F%3E\" class=\"attachment-woocommerce_thumbnail size-woocommerce_thumbnail iso-lazy-load preload-me\" alt=\"Woman in grey long v-neck button down cardigan \" data-src=\"https:\/\/cobmex.com\/wp-content\/uploads\/2020\/01\/4310Charcoal-400x494.jpg\" data-srcset=\"https:\/\/cobmex.com\/wp-content\/uploads\/2020\/01\/4310Charcoal-400x494.jpg 400w, https:\/\/cobmex.com\/wp-content\/uploads\/2020\/01\/4310Charcoal-300x370.jpg 300w, https:\/\/cobmex.com\/wp-content\/uploads\/2020\/01\/4310Charcoal-600x740.jpg 600w, https:\/\/cobmex.com\/wp-content\/uploads\/2020\/01\/4310Charcoal-768x948.jpg 768w, https:\/\/cobmex.com\/wp-content\/uploads\/2020\/01\/4310Charcoal-1245x1536.jpg 1245w, https:\/\/cobmex.com\/wp-content\/uploads\/2020\/01\/4310Charcoal-19x24.jpg 19w, https:\/\/cobmex.com\/wp-content\/uploads\/2020\/01\/4310Charcoal-29x36.jpg 29w, https:\/\/cobmex.com\/wp-content\/uploads\/2020\/01\/4310Charcoal-39x48.jpg 39w, https:\/\/cobmex.com\/wp-content\/uploads\/2020\/01\/4310Charcoal.jpg 1600w\" title=\"\"><\/a>\n\t<\/div>\n\t<figcaption class=\"woocom-list-content\">\n\n\t\t<div class=\"woo-buttons\"><a rel=\"dofollow\" href=\"https:\/\/cobmex.com\/fr\/produit\/4310\/\" data-quantity=\"1\" data-product_id=\"46476\" data-product_sku=\"\" class=\"button\">Choix des options<\/a>\t<span id=\"woocommerce_loop_add_to_cart_link_describedby_46476\" class=\"screen-reader-text\">\n\t\tCe produit a plusieurs variations. Les options peuvent \u00eatre choisies sur la page du produit\t<\/span>\n<\/div>\n\t<\/figcaption>\n<\/figure>\n<\/article><\/div><div class=\"visible wf-cell visible\" data-post-id=\"46213\" data-date=\"2020-01-13T20:09:39+00:00\" data-name=\"4409\"><article class=\"post project-odd visible description-off product type-product post-46213 status-publish instock product_cat-cat-03-fr has-post-thumbnail shipping-taxable purchasable product-type-variable\" ><figure class=\"woocom-project\">\n\t<div class=\"woo-buttons-on-img\">\n\n\t\t<a href=\"https:\/\/cobmex.com\/fr\/produit\/4409\/\" class=\"alignnone layzr-bg\"><img decoding=\"async\" width=\"400\" height=\"493\" src=\"data:image\/svg+xml;charset=utf-8,%3Csvg xmlns%3D&#039;http%3A%2F%2Fwww.w3.org%2F2000%2Fsvg&#039; viewBox%3D&#039;0 0 400 493&#039;%2F%3E\" class=\"attachment-woocommerce_thumbnail size-woocommerce_thumbnail iso-lazy-load preload-me\" alt=\"man in grey full zip knit sweater \" data-src=\"https:\/\/cobmex.com\/wp-content\/uploads\/2020\/01\/4409Charcoal-400x493.jpg\" data-srcset=\"https:\/\/cobmex.com\/wp-content\/uploads\/2020\/01\/4409Charcoal-400x493.jpg 400w, https:\/\/cobmex.com\/wp-content\/uploads\/2020\/01\/4409Charcoal-300x370.jpg 300w, https:\/\/cobmex.com\/wp-content\/uploads\/2020\/01\/4409Charcoal-600x740.jpg 600w, https:\/\/cobmex.com\/wp-content\/uploads\/2020\/01\/4409Charcoal-768x947.jpg 768w, https:\/\/cobmex.com\/wp-content\/uploads\/2020\/01\/4409Charcoal-1245x1536.jpg 1245w, https:\/\/cobmex.com\/wp-content\/uploads\/2020\/01\/4409Charcoal-19x24.jpg 19w, https:\/\/cobmex.com\/wp-content\/uploads\/2020\/01\/4409Charcoal-29x36.jpg 29w, https:\/\/cobmex.com\/wp-content\/uploads\/2020\/01\/4409Charcoal-39x48.jpg 39w, https:\/\/cobmex.com\/wp-content\/uploads\/2020\/01\/4409Charcoal.jpg 1280w\" title=\"\"><\/a>\n\t<\/div>\n\t<figcaption class=\"woocom-list-content\">\n\n\t\t<div class=\"woo-buttons\"><a rel=\"dofollow\" href=\"https:\/\/cobmex.com\/fr\/produit\/4409\/\" data-quantity=\"1\" data-product_id=\"46213\" data-product_sku=\"\" class=\"button\">Choix des options<\/a>\t<span id=\"woocommerce_loop_add_to_cart_link_describedby_46213\" class=\"screen-reader-text\">\n\t\tCe produit a plusieurs variations. Les options peuvent \u00eatre choisies sur la page du produit\t<\/span>\n<\/div>\n\t<\/figcaption>\n<\/figure>\n<\/article><\/div><div class=\"visible wf-cell visible\" data-post-id=\"45985\" data-date=\"2020-01-13T20:09:34+00:00\" data-name=\"4410\"><article class=\"post project-odd visible description-off product type-product post-45985 status-publish instock product_cat-cat-03-fr has-post-thumbnail shipping-taxable purchasable product-type-variable\" ><figure class=\"woocom-project\">\n\t<div class=\"woo-buttons-on-img\">\n\n\t\t<a href=\"https:\/\/cobmex.com\/fr\/produit\/4410\/\" class=\"alignnone layzr-bg\"><img decoding=\"async\" width=\"400\" height=\"494\" src=\"data:image\/svg+xml;charset=utf-8,%3Csvg xmlns%3D&#039;http%3A%2F%2Fwww.w3.org%2F2000%2Fsvg&#039; viewBox%3D&#039;0 0 400 494&#039;%2F%3E\" class=\"attachment-woocommerce_thumbnail size-woocommerce_thumbnail iso-lazy-load preload-me\" alt=\"Man in grey quarter zip pullover sweater \" data-src=\"https:\/\/cobmex.com\/wp-content\/uploads\/2020\/01\/4410Charcoal-400x494.jpg\" data-srcset=\"https:\/\/cobmex.com\/wp-content\/uploads\/2020\/01\/4410Charcoal-400x494.jpg 400w, https:\/\/cobmex.com\/wp-content\/uploads\/2020\/01\/4410Charcoal-300x370.jpg 300w, https:\/\/cobmex.com\/wp-content\/uploads\/2020\/01\/4410Charcoal-600x740.jpg 600w, https:\/\/cobmex.com\/wp-content\/uploads\/2020\/01\/4410Charcoal-768x948.jpg 768w, https:\/\/cobmex.com\/wp-content\/uploads\/2020\/01\/4410Charcoal-1245x1536.jpg 1245w, https:\/\/cobmex.com\/wp-content\/uploads\/2020\/01\/4410Charcoal-19x24.jpg 19w, https:\/\/cobmex.com\/wp-content\/uploads\/2020\/01\/4410Charcoal-29x36.jpg 29w, https:\/\/cobmex.com\/wp-content\/uploads\/2020\/01\/4410Charcoal-39x48.jpg 39w, https:\/\/cobmex.com\/wp-content\/uploads\/2020\/01\/4410Charcoal.jpg 1600w\" title=\"\"><\/a>\n\t<\/div>\n\t<figcaption class=\"woocom-list-content\">\n\n\t\t<div class=\"woo-buttons\"><a rel=\"dofollow\" href=\"https:\/\/cobmex.com\/fr\/produit\/4410\/\" data-quantity=\"1\" data-product_id=\"45985\" data-product_sku=\"\" class=\"button\">Choix des options<\/a>\t<span id=\"woocommerce_loop_add_to_cart_link_describedby_45985\" class=\"screen-reader-text\">\n\t\tCe produit a plusieurs variations. Les options peuvent \u00eatre choisies sur la page du produit\t<\/span>\n<\/div>\n\t<\/figcaption>\n<\/figure>\n<\/article><\/div><\/div><!-- iso-container|iso-grid --><\/div><div id=\"modal-trg-txt-wrap-9129\" class=\"ult-modal-input-wrapper ult-adjust-bottom-margin    \" data-keypress-control=\"keypress-control-enable\" data-overlay-control=\"overlay-control-enable\"><span data-class-id=\"content-69e501058cc1b8-47301353\"><\/span>\n\t\t\t\t<script type=\"text\/javascript\">\n\t\t\t\t(function($){\n\t\t\t\t\t$(document).ready(function(){\n\t\t\t\t\t\tvar selector = \"#covid-message\";\n\t\t\t\t\t\t$(selector).addClass(\"custom-ult-modal overlay-show\");\n\t\t\t\t\t\t$(selector).attr(\"data-class-id\", \"content-69e501058cc1b8-47301353\");\n\t\t\t\t\t\t$(selector).attr(\"data-overlay-class\", \"overlay-fade\");\n\t\t\t\t\t\t$(selector).attr(\"data-keypress-control\", \"keypress-control-enable\");\n\t\t\t\t\t\t$(selector).attr(\"data-overlay-control\", \"overlay-control-enable\");\n\t\t\t\t\t});\n\t\t\t\t})(jQuery);\n\t\t\t\t<\/script><\/div>\n<div class=\"ult-overlay content-69e501058cc1b8-47301353 \" data-class=\"content-69e501058cc1b8-47301353\" id=\"button-click-overlay\" style=\"background:rgba(0,0,0,0.9); display:none;\">\n\t<div class=\"ult_modal ult-fade ult-medium\">\n\t\t<div id=\"ult-modal-wrap-6356\" class=\"ult_modal-content ult-hide\" style=\"border-style:solid;border-width:2px;border-radius:0px;border-color:#333333;\">\n\t\t\t<div  data-ultimate-target='#ult-modal-wrap-6356 .ult_modal-body'  data-responsive-json-new='{\"font-size\":\"\",\"line-height\":\"\"}'  class=\"ult_modal-body ult-responsive ult-html\" style=\"background:#ffffff;\">\n\t\t\t<\/p>\n<h4 style=\"text-align: center;\">Notre r\u00e9ponse \u00e0 COVIDE-19<\/h4>\n<p>&nbsp;<\/p>\n<p>Nous esp\u00e9rons que vous resterez tous en s\u00e9curit\u00e9 et en bonne sant\u00e9 pendant cette p\u00e9riode difficile alors que nous naviguerons \u00e0 travers la pand\u00e9mie COVIDE-19. Nous sommes extr\u00eamement reconnaissants \u00e0 tous les travailleurs de la sant\u00e9 et aux premiers intervenants qui continuent d\u2019\u00eatre nos h\u00e9ros chaque jour.<\/p>\n<p>Chez Cobmex, nous continuons \u00e0 travailler avec diligence pour aider nos clients \u00e0 r\u00e9pondre \u00e0 leurs besoins quotidiens, mais aussi en \u00e9tant pr\u00e9par\u00e9s; nous pouvons aider tous nos clients et partenaires de la cha\u00eene d\u2019approvisionnement dans leurs efforts de r\u00e9ouverture. Nos installations am\u00e9ricaines et canadiennes continuent de fonctionner avec un personnel essentiel surveill\u00e9 de pr\u00e8s tout en encourageant un travail \u00e0 partir de la politique \u00e0 domicile pour les autres. Nous continuons de suivre de pr\u00e8s la situation et suivons toutes les normes gouvernementales en mati\u00e8re de sant\u00e9 et de s\u00e9curit\u00e9.<\/p>\n<p>Il ne fait aucun doute que le monde aura l\u2019air tr\u00e8s diff\u00e9rent lorsque nous sortirons de la crise actuelle COVIDE-19. La r\u00e9\u00e9valuation et la r\u00e9\u00e9valuation continues seront essentielles, mais rester fermes dans nos engagements et envers nos principes directeurs nous le permettra; en tant qu\u2019entreprise, en tant qu\u2019industrie, en tant que nation et en tant qu\u2019\u00eatres humains pour poursuivre l\u2019\u00e9volution et le suivi de nos v\u00e9rit\u00e9s.<\/p>\n<p>Chez Cobmex, comme toujours, notre priorit\u00e9 num\u00e9ro un est la sant\u00e9 et le bien-\u00eatre de notre personnel, de nos clients et de tous nos partenaires.<\/p>\n<p>Sinc\u00e8rement<\/p>\n<p><img decoding=\"async\" class=\"wp-image-3942 alignnone\" src=\"https:\/\/cobmex.com\/wp-content\/uploads\/2020\/05\/NEW-PHIL-SIG.png\" alt=\"\" width=\"116\" height=\"92\" title=\"\"><\/p>\n<p>Phil Newman<\/p>\n<p>Pr\u00e9sident, Cobmex Inc.\n\t\t\t<\/div>\n\t<\/div>\n\t<\/div>\n\t<div class=\"ult-overlay-close top-right\" style=\"width:40px;height:40px; \"><div class=\"ult-overlay-close-inside\">Close<\/div><\/div>\n<\/div>[\/vc_column][\/vc_row]<\/p>\n<\/div>","protected":false},"excerpt":{"rendered":"<p>[vc_row][vc_column][\/vc_column][\/vc_row][vc_row full_height=&#8221;yes&#8221; columns_placement=&#8221;top&#8221;][vc_column][\/vc_column][\/vc_row]<\/p>\n","protected":false},"author":1,"featured_media":0,"parent":0,"menu_order":0,"comment_status":"closed","ping_status":"closed","template":"","meta":{"content-type":"","inline_featured_image":false,"_metasync_otto_title":"","_metasync_otto_description":"","_metasync_otto_keywords":"","_metasync_otto_og_title":"","_metasync_otto_og_description":"","_metasync_otto_twitter_title":"","_metasync_otto_twitter_description":"","rank_math_title":"","rank_math_description":"","_yoast_wpseo_title":"","_yoast_wpseo_metadesc":"","_aioseo_title":"","_aioseo_description":"","_metasync_seo_title":"","_metasync_seo_desc":"","_metasync_otto_disabled":"","footnotes":""},"class_list":["post-44851","page","type-page","status-publish","hentry","description-off"],"_links":{"self":[{"href":"https:\/\/cobmex.com\/fr\/wp-json\/wp\/v2\/pages\/44851","targetHints":{"allow":["GET"]}}],"collection":[{"href":"https:\/\/cobmex.com\/fr\/wp-json\/wp\/v2\/pages"}],"about":[{"href":"https:\/\/cobmex.com\/fr\/wp-json\/wp\/v2\/types\/page"}],"author":[{"embeddable":true,"href":"https:\/\/cobmex.com\/fr\/wp-json\/wp\/v2\/users\/1"}],"replies":[{"embeddable":true,"href":"https:\/\/cobmex.com\/fr\/wp-json\/wp\/v2\/comments?post=44851"}],"version-history":[{"count":0,"href":"https:\/\/cobmex.com\/fr\/wp-json\/wp\/v2\/pages\/44851\/revisions"}],"wp:attachment":[{"href":"https:\/\/cobmex.com\/fr\/wp-json\/wp\/v2\/media?parent=44851"}],"curies":[{"name":"wp","href":"https:\/\/api.w.org\/{rel}","templated":true}]}}