{"id":45036,"date":"2020-10-06T17:43:20","date_gmt":"2020-10-06T17:43:20","guid":{"rendered":"https:\/\/cobmex.com\/cobmex-cares\/"},"modified":"2024-08-02T21:04:43","modified_gmt":"2024-08-02T21:04:43","slug":"responsabilite-sociale-denterprise","status":"publish","type":"page","link":"https:\/\/cobmex.com\/fr\/responsabilite-sociale-denterprise\/","title":{"rendered":"RESPONSABILIT\u00c9 SOCIALE D\u2019ENTREPRISE"},"content":{"rendered":"<div class=\"wpb-content-wrapper\"><p>[vc_row][vc_column]<div class=\"ult-spacer spacer-69e9dc263746a\" data-id=\"69e9dc263746a\" data-height=\"80\" data-height-mobile=\"80\" data-height-tab=\"80\" data-height-tab-portrait=\"\" data-height-mobile-landscape=\"\" style=\"clear:both;display:block;\"><\/div><div id=\"ultimate-heading-988869e9dc26374d0\" class=\"uvc-heading ult-adjust-bottom-margin ultimate-heading-988869e9dc26374d0 uvc-4255 \" data-hspacer=\"no_spacer\"  data-halign=\"left\" style=\"text-align:left\"><div class=\"uvc-heading-spacer no_spacer\" style=\"top\"><\/div><div class=\"uvc-main-heading ult-responsive\"  data-ultimate-target='.uvc-heading.ultimate-heading-988869e9dc26374d0 h2'  data-responsive-json-new='{\"font-size\":\"desktop:20px;\",\"line-height\":\"desktop:30px;\"}' ><h2 style=\"font-family:&#039;Montserrat&#039;;font-weight:500;color:#000000;margin-top:30px;\">Chez Cobmex, nos principes directeurs sont bas\u00e9s sur nos valeurs fondamentales;<\/h2><\/div><div class=\"uvc-sub-heading ult-responsive\"  data-ultimate-target='.uvc-heading.ultimate-heading-988869e9dc26374d0 .uvc-sub-heading '  data-responsive-json-new='{\"font-size\":\"desktop:25px;\",\"line-height\":\"desktop:48px;\"}'  style=\"font-family:&#039;Montserrat&#039;;font-weight:600;color:#f04e23;\">Respect, int\u00e9grit\u00e9, responsabilit\u00e9, passion et innovation<\/div><\/div><div id=\"ultimate-heading-25969e9dc2637555\" class=\"uvc-heading ult-adjust-bottom-margin ultimate-heading-25969e9dc2637555 uvc-7243 \" data-hspacer=\"no_spacer\"  data-halign=\"left\" style=\"text-align:left\"><div class=\"uvc-heading-spacer no_spacer\" style=\"top\"><\/div><div class=\"uvc-sub-heading ult-responsive\"  data-ultimate-target='.uvc-heading.ultimate-heading-25969e9dc2637555 .uvc-sub-heading '  data-responsive-json-new='{\"font-size\":\"desktop:18px;\",\"line-height\":\"desktop:30px;\"}'  style=\"font-family:&#039;Libre Franklin&#039;;font-weight:300;\">Nous administrons diverses politiques pour tous les employ\u00e9s dans nos bureaux et usines mondiaux afin de nous assurer que nous sommes responsables et tenus responsables dans l\u2019ensemble de notre entreprise. Gr\u00e2ce \u00e0 ces politiques, nous nous effor\u00e7ons de maintenir une communication ouverte, la transparence et d\u2019utiliser les meilleures pratiques.<\/p>\n<p>Nous avons un engagement envers nos clients, nos partenaires de la cha\u00eene d\u2019approvisionnement et notre personnel.<\/p>\n<p>Notre philosophie a toujours \u00e9t\u00e9 d\u2019offrir une qualit\u00e9 coh\u00e9rente, l\u2019innovation et l\u2019abordabilit\u00e9 tout en maintenant les plus hauts niveaux de conformit\u00e9 sociale et \u00e9thique dans tous les aspects de notre entreprise.<\/div><\/div><div class=\"ult-spacer spacer-69e9dc2637584\" data-id=\"69e9dc2637584\" data-height=\"30\" data-height-mobile=\"30\" data-height-tab=\"30\" data-height-tab-portrait=\"\" data-height-mobile-landscape=\"\" style=\"clear:both;display:block;\"><\/div>[vc_row_inner][vc_column_inner width=&#8221;3\/12&#8243;][vc_single_image image=&#8221;34258&#8243; img_size=&#8221;196&#215;205&#8243; alignment=&#8221;center&#8221; image_hovers=&#8221;false&#8221;][\/vc_column_inner][vc_column_inner width=&#8221;9\/12&#8243;]<div id=\"ultimate-heading-708869e9dc26375ab\" class=\"uvc-heading ult-adjust-bottom-margin ultimate-heading-708869e9dc26375ab uvc-1156 \" data-hspacer=\"no_spacer\"  data-halign=\"left\" style=\"text-align:left\"><div class=\"uvc-heading-spacer no_spacer\" style=\"top\"><\/div><div class=\"uvc-main-heading ult-responsive\"  data-ultimate-target='.uvc-heading.ultimate-heading-708869e9dc26375ab h4'  data-responsive-json-new='{\"font-size\":\"desktop:25px;\",\"line-height\":\"desktop:48px;\"}' ><h4 style=\"font-family:&#039;Montserrat&#039;;font-weight:600;color:#f04e23;\">NOS PILIERS<\/h4><\/div><div class=\"uvc-sub-heading ult-responsive\"  data-ultimate-target='.uvc-heading.ultimate-heading-708869e9dc26375ab .uvc-sub-heading '  data-responsive-json-new='{\"font-size\":\"desktop:20px;mobile:17px;\",\"line-height\":\"desktop:30px;mobile:27px;\"}'  style=\"font-family:&#039;Montserrat&#039;;font-weight:500;color:#000000;margin-bottom:40px;\"><\/p>\n<div class=\"blackborder\" style=\"width: 10px; height: 120px; float: left; background-color: #000; margin-right: 10px;\"><\/div>\n<p>CONFORMIT\u00c9 SOCIALE ET \u00c9THIQUE<br \/>\nDurabilit\u00e9<br \/>\nPARTICIPATION ET D\u00c9VELOPPEMENT COMMUNAUTAIRES<br \/>\nSANT\u00c9 ET BIEN-\u00caTRE<\/div><\/div>[\/vc_column_inner][\/vc_row_inner][\/vc_column][\/vc_row][vc_row equal_height=&#8221;yes&#8221; content_placement=&#8221;middle&#8221;][vc_column width=&#8221;10\/12&#8243; offset=&#8221;vc_hidden-xs&#8221;]<div id=\"ultimate-heading-247969e9dc26375e1\" class=\"uvc-heading ult-adjust-bottom-margin ultimate-heading-247969e9dc26375e1 uvc-4521 \" data-hspacer=\"no_spacer\"  data-halign=\"left\" style=\"text-align:left\"><div class=\"uvc-heading-spacer no_spacer\" style=\"top\"><\/div><div class=\"uvc-main-heading ult-responsive\"  data-ultimate-target='.uvc-heading.ultimate-heading-247969e9dc26375e1 h4'  data-responsive-json-new='{\"font-size\":\"\",\"line-height\":\"desktop:48px;\"}' ><h4 style=\"font-family:&#039;Montserrat&#039;;font-weight:500;color:#000000;\">\u00c9THIQUE SOCIALE<\/h4><\/div><div class=\"uvc-sub-heading ult-responsive\"  data-ultimate-target='.uvc-heading.ultimate-heading-247969e9dc26375e1 .uvc-sub-heading '  data-responsive-json-new='{\"font-size\":\"desktop:18px;\",\"line-height\":\"desktop:30px;\"}'  style=\"font-family:&#039;Libre Franklin&#039;;font-weight:300;margin-bottom:40px;\"><i class=\"fas fa-check\" style=\"color: #f04e23;\"><\/i> Espaces de travail s\u00fbrs, responsables et socialement conformes dans toutes les usines<br \/>\n<i class=\"fas fa-check\" style=\"color: #f04e23;\"><\/i> Les usines d\u00e9passent toutes les lois r\u00e9gissant et l\u2019environnement<br \/>\n<i class=\"fas fa-check\" style=\"color: #f04e23;\"><\/i> R\u00e9mun\u00e9ration des employ\u00e9s de l\u2019usine au-dessus des normes de l\u2019industrie<br \/>\n<i class=\"fas fa-check\" style=\"color: #f04e23;\"><\/i> Poss\u00e9der et s\u2019associer avec des usines qui r\u00e9pondent et d\u00e9passent les normes \u00e9thiques et sociales de conformit\u00e9 <a href=\"https:\/\/www.sedex.com\/\" target=\"_blank\" rel=\"noopener noreferrer\">SMETA &#8211; 4 Pilier<\/a><\/div><\/div>[\/vc_column][vc_column width=&#8221;2\/12&#8243; offset=&#8221;vc_hidden-xs&#8221;][vc_single_image image=&#8221;34252&#8243; img_size=&#8221;138&#215;135&#8243; alignment=&#8221;center&#8221; image_hovers=&#8221;false&#8221;][\/vc_column][\/vc_row][vc_row equal_height=&#8221;yes&#8221; content_placement=&#8221;middle&#8221;][vc_column width=&#8221;2\/12&#8243; offset=&#8221;vc_hidden-lg vc_hidden-md vc_hidden-sm&#8221;][vc_single_image image=&#8221;34252&#8243; img_size=&#8221;138&#215;135&#8243; alignment=&#8221;center&#8221; image_hovers=&#8221;false&#8221;][\/vc_column][vc_column width=&#8221;10\/12&#8243; offset=&#8221;vc_hidden-lg vc_hidden-md vc_hidden-sm&#8221;]<div id=\"ultimate-heading-599469e9dc2637615\" class=\"uvc-heading ult-adjust-bottom-margin ultimate-heading-599469e9dc2637615 uvc-8892 \" data-hspacer=\"no_spacer\"  data-halign=\"left\" style=\"text-align:left\"><div class=\"uvc-heading-spacer no_spacer\" style=\"top\"><\/div><div class=\"uvc-main-heading ult-responsive\"  data-ultimate-target='.uvc-heading.ultimate-heading-599469e9dc2637615 h4'  data-responsive-json-new='{\"font-size\":\"\",\"line-height\":\"desktop:48px;\"}' ><h4 style=\"font-family:&#039;Montserrat&#039;;font-weight:500;color:#000000;\">\u00c9THIQUE SOCIALE<\/h4><\/div><div class=\"uvc-sub-heading ult-responsive\"  data-ultimate-target='.uvc-heading.ultimate-heading-599469e9dc2637615 .uvc-sub-heading '  data-responsive-json-new='{\"font-size\":\"desktop:18px;\",\"line-height\":\"desktop:30px;\"}'  style=\"font-family:&#039;Libre Franklin&#039;;font-weight:300;margin-bottom:40px;\"><i class=\"fas fa-check\" style=\"color: #f04e23;\"><\/i> Espaces de travail s\u00fbrs, responsables et socialement conformes dans toutes les usines<br \/>\n<i class=\"fas fa-check\" style=\"color: #f04e23;\"><\/i> Les usines d\u00e9passent toutes les lois r\u00e9gissant et l\u2019environnement<br \/>\n<i class=\"fas fa-check\" style=\"color: #f04e23;\"><\/i> R\u00e9mun\u00e9ration des employ\u00e9s de l\u2019usine au-dessus des normes de l\u2019industrie<br \/>\n<i class=\"fas fa-check\" style=\"color: #f04e23;\"><\/i> Poss\u00e9der et s\u2019associer avec des usines qui r\u00e9pondent et d\u00e9passent les normes \u00e9thiques et sociales de conformit\u00e9 <a href=\"https:\/\/www.sedex.com\/\" target=\"_blank\" rel=\"noopener noreferrer\">SMETA &#8211; 4 Pilier<\/a><\/div><\/div>[\/vc_column][\/vc_row][vc_row][vc_column][vc_separator][\/vc_column][\/vc_row][vc_row equal_height=&#8221;yes&#8221; content_placement=&#8221;middle&#8221;][vc_column width=&#8221;2\/12&#8243;][vc_single_image image=&#8221;34248&#8243; img_size=&#8221;112&#215;158&#8243; alignment=&#8221;center&#8221; image_hovers=&#8221;false&#8221;][\/vc_column][vc_column width=&#8221;10\/12&#8243;]<div id=\"ultimate-heading-139669e9dc2637647\" class=\"uvc-heading ult-adjust-bottom-margin ultimate-heading-139669e9dc2637647 uvc-7377 \" data-hspacer=\"no_spacer\"  data-halign=\"left\" style=\"text-align:left\"><div class=\"uvc-heading-spacer no_spacer\" style=\"top\"><\/div><div class=\"uvc-main-heading ult-responsive\"  data-ultimate-target='.uvc-heading.ultimate-heading-139669e9dc2637647 h4'  data-responsive-json-new='{\"font-size\":\"\",\"line-height\":\"desktop:48px;\"}' ><h4 style=\"font-family:&#039;Montserrat&#039;;font-weight:500;color:#000000;\">DURABILIT\u00c9<\/h4><\/div><div class=\"uvc-sub-heading ult-responsive\"  data-ultimate-target='.uvc-heading.ultimate-heading-139669e9dc2637647 .uvc-sub-heading '  data-responsive-json-new='{\"font-size\":\"desktop:18px;\",\"line-height\":\"desktop:30px;\"}'  style=\"font-family:&#039;Libre Franklin&#039;;font-weight:300;margin-bottom:40px;\"><i class=\"fas fa-check\" style=\"color: #f04e23;\"><\/i> Source de nouvelles mati\u00e8res premi\u00e8res certifi\u00e9es <a href=\"https:\/\/www.oeko-tex.com\/en\/label-check\" target=\"_blank\" rel=\"noopener noreferrer\">OEKO-TEX\u00ae<\/a><br \/>\n<i class=\"fas fa-check\" style=\"color: #f04e23;\"><\/i> Meilleures pratiques environnementales au travail par l\u2019\u00e9ducation et la formation<br \/>\n<i class=\"fas fa-check\" style=\"color: #f04e23;\"><\/i> Engagement \u00e0 utiliser moins de papier, remplacer les produits jetables par des produits r\u00e9utilisables, \u00e9viter l\u2019utilisation du plastique, trouver des alternatives plus vertes pour les emballages actuels et g\u00e9rer de fa\u00e7on responsable les d\u00e9chets<br \/>\n<i class=\"fas fa-check\" style=\"color: #f04e23;\"><\/i> Promouvoir une utilisation efficace des ressources dans toutes les installations, y compris l\u2019eau et l\u2019\u00e9nergie<\/div><\/div>[\/vc_column][\/vc_row][vc_row][vc_column][vc_separator][\/vc_column][\/vc_row][vc_row equal_height=&#8221;yes&#8221; content_placement=&#8221;middle&#8221;][vc_column width=&#8221;10\/12&#8243; offset=&#8221;vc_hidden-xs&#8221;]<div id=\"ultimate-heading-292769e9dc2637674\" class=\"uvc-heading ult-adjust-bottom-margin ultimate-heading-292769e9dc2637674 uvc-7912 \" data-hspacer=\"no_spacer\"  data-halign=\"left\" style=\"text-align:left\"><div class=\"uvc-heading-spacer no_spacer\" style=\"top\"><\/div><div class=\"uvc-main-heading ult-responsive\"  data-ultimate-target='.uvc-heading.ultimate-heading-292769e9dc2637674 h4'  data-responsive-json-new='{\"font-size\":\"\",\"line-height\":\"desktop:48px;\"}' ><h4 style=\"font-family:&#039;Montserrat&#039;;font-weight:500;color:#000000;\">CHEZ COBMEX, NOUS SOMMES TOUS CONCERN\u00c9S \u2014 NOTRE FORMULE POUR CHANGER LES CHOSES<\/h4><\/div><div class=\"uvc-sub-heading ult-responsive\"  data-ultimate-target='.uvc-heading.ultimate-heading-292769e9dc2637674 .uvc-sub-heading '  data-responsive-json-new='{\"font-size\":\"desktop:18px;\",\"line-height\":\"desktop:30px;\"}'  style=\"font-family:&#039;Libre Franklin&#039;;font-weight:300;margin-bottom:40px;\"><i class=\"fas fa-check\" style=\"color: #f04e23;\"><\/i> Soutenir les organisations locales et internationales qui travaillent avec les communaut\u00e9s vuln\u00e9rables pour r\u00e9duire la pauvret\u00e9<br \/>\n<i class=\"fas fa-check\" style=\"color: #f04e23;\"><\/i> Dons r\u00e9guliers de chandails aux \u00e9coles et aux refuges<br \/>\n<i class=\"fas fa-check\" style=\"color: #f04e23;\"><\/i> Soutenir les programmes pour enfants et les organismes de bienfaisance<br \/>\n<i class=\"fas fa-check\" style=\"color: #f04e23;\"><\/i> Fournir du financement pour la recherche sur le cancer<\/div><\/div>[\/vc_column][vc_column width=&#8221;2\/12&#8243; offset=&#8221;vc_hidden-xs&#8221;][vc_single_image image=&#8221;34250&#8243; img_size=&#8221;138&#215;104&#8243; alignment=&#8221;center&#8221; image_hovers=&#8221;false&#8221;][\/vc_column][\/vc_row][vc_row equal_height=&#8221;yes&#8221; content_placement=&#8221;middle&#8221;][vc_column width=&#8221;2\/12&#8243; offset=&#8221;vc_hidden-lg vc_hidden-md vc_hidden-sm&#8221;][vc_single_image image=&#8221;34250&#8243; img_size=&#8221;138&#215;104&#8243; alignment=&#8221;center&#8221; image_hovers=&#8221;false&#8221;][\/vc_column][vc_column width=&#8221;10\/12&#8243; offset=&#8221;vc_hidden-lg vc_hidden-md vc_hidden-sm&#8221;]<div id=\"ultimate-heading-22069e9dc26376a2\" class=\"uvc-heading ult-adjust-bottom-margin ultimate-heading-22069e9dc26376a2 uvc-5616 \" data-hspacer=\"no_spacer\"  data-halign=\"left\" style=\"text-align:left\"><div class=\"uvc-heading-spacer no_spacer\" style=\"top\"><\/div><div class=\"uvc-main-heading ult-responsive\"  data-ultimate-target='.uvc-heading.ultimate-heading-22069e9dc26376a2 h4'  data-responsive-json-new='{\"font-size\":\"\",\"line-height\":\"desktop:48px;\"}' ><h4 style=\"font-family:&#039;Montserrat&#039;;font-weight:500;color:#000000;\">CHEZ COBMEX, NOUS SOMMES TOUS CONCERN\u00c9S \u2014 NOTRE FORMULE POUR CHANGER LES CHOSES<\/h4><\/div><div class=\"uvc-sub-heading ult-responsive\"  data-ultimate-target='.uvc-heading.ultimate-heading-22069e9dc26376a2 .uvc-sub-heading '  data-responsive-json-new='{\"font-size\":\"desktop:18px;\",\"line-height\":\"desktop:30px;\"}'  style=\"font-family:&#039;Libre Franklin&#039;;font-weight:300;margin-bottom:40px;\"><i class=\"fas fa-check\" style=\"color: #f04e23;\"><\/i> Soutenir les organisations locales et internationales qui travaillent avec les communaut\u00e9s vuln\u00e9rables pour r\u00e9duire la pauvret\u00e9<br \/>\n<i class=\"fas fa-check\" style=\"color: #f04e23;\"><\/i> Dons r\u00e9guliers de chandails aux \u00e9coles et aux refuges<br \/>\n<i class=\"fas fa-check\" style=\"color: #f04e23;\"><\/i> Soutenir les programmes pour enfants et les organismes de bienfaisance<br \/>\n<i class=\"fas fa-check\" style=\"color: #f04e23;\"><\/i> Fournir du financement pour la recherche sur le cancer<\/div><\/div>[\/vc_column][\/vc_row][vc_row][vc_column][vc_separator][\/vc_column][\/vc_row][vc_row equal_height=&#8221;yes&#8221; content_placement=&#8221;middle&#8221;][vc_column width=&#8221;2\/12&#8243;][vc_single_image image=&#8221;34254&#8243; img_size=&#8221;138&#215;135&#8243; alignment=&#8221;center&#8221; image_hovers=&#8221;false&#8221;][\/vc_column][vc_column width=&#8221;10\/12&#8243;]<div id=\"ultimate-heading-404569e9dc26376ce\" class=\"uvc-heading ult-adjust-bottom-margin ultimate-heading-404569e9dc26376ce uvc-1879 \" data-hspacer=\"no_spacer\"  data-halign=\"left\" style=\"text-align:left\"><div class=\"uvc-heading-spacer no_spacer\" style=\"top\"><\/div><div class=\"uvc-main-heading ult-responsive\"  data-ultimate-target='.uvc-heading.ultimate-heading-404569e9dc26376ce h4'  data-responsive-json-new='{\"font-size\":\"\",\"line-height\":\"desktop:48px;\"}' ><h4 style=\"font-family:&#039;Montserrat&#039;;font-weight:500;color:#000000;\">SANT\u00c9 ET BIEN-\u00caTRE<\/h4><\/div><div class=\"uvc-sub-heading ult-responsive\"  data-ultimate-target='.uvc-heading.ultimate-heading-404569e9dc26376ce .uvc-sub-heading '  data-responsive-json-new='{\"font-size\":\"desktop:18px;\",\"line-height\":\"desktop:30px;\"}'  style=\"font-family:&#039;Libre Franklin&#039;;font-weight:300;margin-bottom:40px;\"><i class=\"fas fa-check\" style=\"color: #f04e23;\"><\/i> Cultivate a culture of open communication, encouragement and respect<br \/>\n<i class=\"fas fa-check\" style=\"color: #f04e23;\"><\/i> Diversity and inclusivity are an integral part of our hiring practices<br \/>\n<i class=\"fas fa-check\" style=\"color: #f04e23;\"><\/i> Promote healthy eating at work through a Healthy Snack Program<br \/>\n<i class=\"fas fa-check\" style=\"color: #f04e23;\"><\/i> Employee access to Telus Health, a \u201cunified total well-being platform\u201d<br \/>\n<i class=\"fas fa-check\" style=\"color: #f04e23;\"><\/i> Weekly yoga and meditation sessions at the office offered to employees<\/div><\/div>[\/vc_column][\/vc_row][vc_row][vc_column width=&#8221;1\/4&#8243;][\/vc_column][vc_column width=&#8221;1\/2&#8243;][vc_video link=&#8221;https:\/\/vimeo.com\/993607348&#8243; el_width=&#8221;80&#8243; align=&#8221;center&#8221; css=&#8221;&#8221;][\/vc_column][vc_column width=&#8221;1\/4&#8243;][\/vc_column][\/vc_row]<\/p>\n<\/div>","protected":false},"excerpt":{"rendered":"<p>[vc_row][vc_column][vc_row_inner][vc_column_inner width=&#8221;3\/12&#8243;][vc_single_image image=&#8221;34258&#8243; img_size=&#8221;196&#215;205&#8243; alignment=&#8221;center&#8221; image_hovers=&#8221;false&#8221;][\/vc_column_inner][vc_column_inner width=&#8221;9\/12&#8243;][\/vc_column_inner][\/vc_row_inner][\/vc_column][\/vc_row][vc_row equal_height=&#8221;yes&#8221; content_placement=&#8221;middle&#8221;][vc_column width=&#8221;10\/12&#8243; offset=&#8221;vc_hidden-xs&#8221;][\/vc_column][vc_column width=&#8221;2\/12&#8243; offset=&#8221;vc_hidden-xs&#8221;][vc_single_image image=&#8221;34252&#8243; img_size=&#8221;138&#215;135&#8243; alignment=&#8221;center&#8221; image_hovers=&#8221;false&#8221;][\/vc_column][\/vc_row][vc_row equal_height=&#8221;yes&#8221; content_placement=&#8221;middle&#8221;][vc_column width=&#8221;2\/12&#8243; offset=&#8221;vc_hidden-lg vc_hidden-md vc_hidden-sm&#8221;][vc_single_image image=&#8221;34252&#8243; img_size=&#8221;138&#215;135&#8243; alignment=&#8221;center&#8221; image_hovers=&#8221;false&#8221;][\/vc_column][vc_column width=&#8221;10\/12&#8243; offset=&#8221;vc_hidden-lg vc_hidden-md vc_hidden-sm&#8221;][\/vc_column][\/vc_row][vc_row][vc_column][vc_separator][\/vc_column][\/vc_row][vc_row equal_height=&#8221;yes&#8221; content_placement=&#8221;middle&#8221;][vc_column width=&#8221;2\/12&#8243;][vc_single_image image=&#8221;34248&#8243; img_size=&#8221;112&#215;158&#8243; alignment=&#8221;center&#8221; image_hovers=&#8221;false&#8221;][\/vc_column][vc_column width=&#8221;10\/12&#8243;][\/vc_column][\/vc_row][vc_row][vc_column][vc_separator][\/vc_column][\/vc_row][vc_row equal_height=&#8221;yes&#8221; content_placement=&#8221;middle&#8221;][vc_column width=&#8221;10\/12&#8243; offset=&#8221;vc_hidden-xs&#8221;][\/vc_column][vc_column width=&#8221;2\/12&#8243; offset=&#8221;vc_hidden-xs&#8221;][vc_single_image image=&#8221;34250&#8243; img_size=&#8221;138&#215;104&#8243; alignment=&#8221;center&#8221; image_hovers=&#8221;false&#8221;][\/vc_column][\/vc_row][vc_row equal_height=&#8221;yes&#8221; content_placement=&#8221;middle&#8221;][vc_column width=&#8221;2\/12&#8243; offset=&#8221;vc_hidden-lg vc_hidden-md vc_hidden-sm&#8221;][vc_single_image&hellip;<\/p>\n","protected":false},"author":1,"featured_media":0,"parent":0,"menu_order":0,"comment_status":"closed","ping_status":"closed","template":"","meta":{"content-type":"","inline_featured_image":false,"_metasync_otto_title":"","_metasync_otto_description":"","_metasync_otto_keywords":"","_metasync_otto_og_title":"","_metasync_otto_og_description":"","_metasync_otto_twitter_title":"","_metasync_otto_twitter_description":"","rank_math_title":"","rank_math_description":"En 1998, nous avons eu une id\u00e9e qui allait devenir une mission \u2013 d\u00e9velopper le meilleur pull uniforme sur le march\u00e9. Aujourd\u2019hui, Cobmex Apparel Inc. est le principal fournisseur de tricots des industries uniformes de la s\u00e9curit\u00e9 publique et de la s\u00e9curit\u00e9 publique en Am\u00e9rique du Nord.","_yoast_wpseo_title":"","_yoast_wpseo_metadesc":"","_aioseo_title":"","_aioseo_description":"","_metasync_seo_title":"","_metasync_seo_desc":"","_metasync_otto_disabled":"","footnotes":""},"class_list":["post-45036","page","type-page","status-publish","hentry","description-off"],"_links":{"self":[{"href":"https:\/\/cobmex.com\/fr\/wp-json\/wp\/v2\/pages\/45036","targetHints":{"allow":["GET"]}}],"collection":[{"href":"https:\/\/cobmex.com\/fr\/wp-json\/wp\/v2\/pages"}],"about":[{"href":"https:\/\/cobmex.com\/fr\/wp-json\/wp\/v2\/types\/page"}],"author":[{"embeddable":true,"href":"https:\/\/cobmex.com\/fr\/wp-json\/wp\/v2\/users\/1"}],"replies":[{"embeddable":true,"href":"https:\/\/cobmex.com\/fr\/wp-json\/wp\/v2\/comments?post=45036"}],"version-history":[{"count":0,"href":"https:\/\/cobmex.com\/fr\/wp-json\/wp\/v2\/pages\/45036\/revisions"}],"wp:attachment":[{"href":"https:\/\/cobmex.com\/fr\/wp-json\/wp\/v2\/media?parent=45036"}],"curies":[{"name":"wp","href":"https:\/\/api.w.org\/{rel}","templated":true}]}}