{"id":45112,"date":"2020-10-06T18:03:35","date_gmt":"2020-10-06T18:03:35","guid":{"rendered":"https:\/\/cobmex.com\/postal\/"},"modified":"2021-03-29T16:19:57","modified_gmt":"2021-03-29T16:19:57","slug":"postal","status":"publish","type":"page","link":"https:\/\/cobmex.com\/fr\/postal\/","title":{"rendered":"Postal"},"content":{"rendered":"<div class=\"wpb-content-wrapper\"><p>[vc_row][vc_column]<div id=\"ultimate-heading-802269d09a83f02e6\" class=\"uvc-heading ult-adjust-bottom-margin ultimate-heading-802269d09a83f02e6 uvc-2419 \" data-hspacer=\"no_spacer\"  data-halign=\"center\" style=\"text-align:center\"><div class=\"uvc-heading-spacer no_spacer\" style=\"top\"><\/div><div class=\"uvc-sub-heading ult-responsive\"  data-ultimate-target='.uvc-heading.ultimate-heading-802269d09a83f02e6 .uvc-sub-heading '  data-responsive-json-new='{\"font-size\":\"desktop:16px;\",\"line-height\":\"desktop:24px;\"}'  style=\"font-family:&#039;Libre Franklin&#039;;font-weight:300;color:#666666;\"><\/p>\n<p style=\"text-align: center;\">Notre collection Postes est certifi\u00e9e par le Service postal des \u00c9tats-Unis. Les pi\u00e8ces sont confectionn\u00e9es \u00e0 l\u2019aide de notre laine d\u2019acrylique Durapil Ultra\u2122, qui garantit un tricot haute performance et durable.<\/p>\n<p><\/div><\/div><div class=\"ult-spacer spacer-69d09a83f032d\" data-id=\"69d09a83f032d\" data-height=\"30\" data-height-mobile=\"30\" data-height-tab=\"30\" data-height-tab-portrait=\"30\" data-height-mobile-landscape=\"30\" style=\"clear:both;display:block;\"><\/div>[\/vc_column][\/vc_row][vc_row][vc_column]<style type=\"text\/css\" data-type=\"the7_shortcodes-inline-css\">.products-shortcode.products-masonry-shortcode-id-217d04198fd6cd60a340f828bb5e432a .star-rating,\n.products-shortcode.products-masonry-shortcode-id-217d04198fd6cd60a340f828bb5e432a .star-rating:before {\n  color: rgba(115,32,1,0.2);\n}\n.products-shortcode.products-masonry-shortcode-id-217d04198fd6cd60a340f828bb5e432a .entry-title,\n.products-shortcode.products-masonry-shortcode-id-217d04198fd6cd60a340f828bb5e432a .entry-title *,\n.products-shortcode.products-masonry-shortcode-id-217d04198fd6cd60a340f828bb5e432a .woocom-list-content .price,\n.products-shortcode.products-masonry-shortcode-id-217d04198fd6cd60a340f828bb5e432a .woocom-list-content .price * {\n  color: #732001;\n}\n.products-shortcode.products-masonry-shortcode-id-217d04198fd6cd60a340f828bb5e432a .filter {\n  margin-bottom: 50px;\n}\n.products-shortcode.products-masonry-shortcode-id-217d04198fd6cd60a340f828bb5e432a .filter a,\n.products-shortcode.products-masonry-shortcode-id-217d04198fd6cd60a340f828bb5e432a .filter a * {\n  color: #732001;\n  color: #999999;\n}\n.products-shortcode.products-masonry-shortcode-id-217d04198fd6cd60a340f828bb5e432a .filter:not(.filter-bg-decoration):not(.filter-underline-decoration) .filter-categories a:hover,\n.products-shortcode.products-masonry-shortcode-id-217d04198fd6cd60a340f828bb5e432a .filter:not(.filter-bg-decoration):not(.filter-underline-decoration) .filter-categories a.act {\n  color: #f04e23;\n  background: none;\n}\n.products-shortcode.products-masonry-shortcode-id-217d04198fd6cd60a340f828bb5e432a .filter-bg-decoration .filter-categories a:not(.act):hover {\n  color: #f04e23;\n  background: none;\n}\n.products-shortcode.products-masonry-shortcode-id-217d04198fd6cd60a340f828bb5e432a .filter-bg-decoration .filter-categories a.act {\n  color: #fff;\n}\n.products-shortcode.products-masonry-shortcode-id-217d04198fd6cd60a340f828bb5e432a .filter-bg-decoration .filter-categories a.act:after {\n  background: #f04e23;\n}\n.products-shortcode.products-masonry-shortcode-id-217d04198fd6cd60a340f828bb5e432a .filter-underline-decoration .filter-categories a:after {\n  background: #f04e23;\n}\n.products-shortcode.products-masonry-shortcode-id-217d04198fd6cd60a340f828bb5e432a .paginator a,\n.products-shortcode.products-masonry-shortcode-id-217d04198fd6cd60a340f828bb5e432a .paginator a * {\n  color: #999999;\n}\n.products-shortcode.products-masonry-shortcode-id-217d04198fd6cd60a340f828bb5e432a .paginator .button-load-more {\n  border-color: rgba(153,153,153,0.1);\n}\n.products-shortcode.products-masonry-shortcode-id-217d04198fd6cd60a340f828bb5e432a .paginator .button-load-more:hover {\n  border-color: rgba(153,153,153,0.21);\n}\n.products-shortcode.products-masonry-shortcode-id-217d04198fd6cd60a340f828bb5e432a .paginator:not(.paginator-more-button) a:after {\n  background: #f04e23;\n}\n.products-shortcode.products-masonry-shortcode-id-217d04198fd6cd60a340f828bb5e432a:not(.resize-by-browser-width) .dt-css-grid {\n  grid-row-gap: 30px;\n  grid-column-gap: 30px;\n  grid-template-columns: repeat(auto-fill,minmax(,1fr));\n}\n.cssgridlegacy.no-cssgrid .products-shortcode.products-masonry-shortcode-id-217d04198fd6cd60a340f828bb5e432a:not(.resize-by-browser-width) .dt-css-grid,\n.no-cssgridlegacy.no-cssgrid .products-shortcode.products-masonry-shortcode-id-217d04198fd6cd60a340f828bb5e432a:not(.resize-by-browser-width) .dt-css-grid {\n  display: flex;\n  flex-flow: row wrap;\n  margin: -15px;\n}\n.cssgridlegacy.no-cssgrid .products-shortcode.products-masonry-shortcode-id-217d04198fd6cd60a340f828bb5e432a:not(.resize-by-browser-width) .dt-css-grid .wf-cell,\n.no-cssgridlegacy.no-cssgrid .products-shortcode.products-masonry-shortcode-id-217d04198fd6cd60a340f828bb5e432a:not(.resize-by-browser-width) .dt-css-grid .wf-cell {\n  flex: 1 0 ;\n  max-width: 100%;\n  padding: 15px;\n  box-sizing: border-box;\n}\n.products-shortcode.products-masonry-shortcode-id-217d04198fd6cd60a340f828bb5e432a.resize-by-browser-width .dt-css-grid {\n  grid-template-columns: repeat(4,1fr);\n  grid-template-rows: auto;\n  grid-column-gap: 30px;\n  grid-row-gap: 30px;\n}\n.cssgridlegacy.no-cssgrid .products-shortcode.products-masonry-shortcode-id-217d04198fd6cd60a340f828bb5e432a.resize-by-browser-width .dt-css-grid,\n.no-cssgridlegacy.no-cssgrid .products-shortcode.products-masonry-shortcode-id-217d04198fd6cd60a340f828bb5e432a.resize-by-browser-width .dt-css-grid {\n  margin: -15px;\n}\n.cssgridlegacy.no-cssgrid .products-shortcode.products-masonry-shortcode-id-217d04198fd6cd60a340f828bb5e432a.resize-by-browser-width .dt-css-grid .wf-cell,\n.no-cssgridlegacy.no-cssgrid .products-shortcode.products-masonry-shortcode-id-217d04198fd6cd60a340f828bb5e432a.resize-by-browser-width .dt-css-grid .wf-cell {\n  width: 25%;\n  padding: 15px;\n}\n@media screen and (max-width: 1199px) {\n  .products-shortcode.products-masonry-shortcode-id-217d04198fd6cd60a340f828bb5e432a.resize-by-browser-width .dt-css-grid {\n    grid-template-columns: repeat(3,1fr);\n  }\n  .cssgridlegacy.no-cssgrid .products-shortcode.products-masonry-shortcode-id-217d04198fd6cd60a340f828bb5e432a.resize-by-browser-width .dt-css-grid .wf-cell,\n  .no-cssgridlegacy.no-cssgrid .products-shortcode.products-masonry-shortcode-id-217d04198fd6cd60a340f828bb5e432a.resize-by-browser-width .dt-css-grid .wf-cell {\n    width: 33.333333333333%;\n  }\n}\n@media screen and (max-width: 991px) {\n  .products-shortcode.products-masonry-shortcode-id-217d04198fd6cd60a340f828bb5e432a.resize-by-browser-width .dt-css-grid {\n    grid-template-columns: repeat(2,1fr);\n  }\n  .cssgridlegacy.no-cssgrid .products-shortcode.products-masonry-shortcode-id-217d04198fd6cd60a340f828bb5e432a.resize-by-browser-width .dt-css-grid .wf-cell,\n  .no-cssgridlegacy.no-cssgrid .products-shortcode.products-masonry-shortcode-id-217d04198fd6cd60a340f828bb5e432a.resize-by-browser-width .dt-css-grid .wf-cell {\n    width: 50%;\n  }\n}\n@media screen and (max-width: 767px) {\n  .products-shortcode.products-masonry-shortcode-id-217d04198fd6cd60a340f828bb5e432a.resize-by-browser-width .dt-css-grid {\n    grid-template-columns: repeat(2,1fr);\n  }\n  .cssgridlegacy.no-cssgrid .products-shortcode.products-masonry-shortcode-id-217d04198fd6cd60a340f828bb5e432a.resize-by-browser-width .dt-css-grid .wf-cell,\n  .no-cssgridlegacy.no-cssgrid .products-shortcode.products-masonry-shortcode-id-217d04198fd6cd60a340f828bb5e432a.resize-by-browser-width .dt-css-grid .wf-cell {\n    width: 50%;\n  }\n}<\/style><div class=\"products-shortcode products-masonry-shortcode-id-217d04198fd6cd60a340f828bb5e432a mode-grid cart-btn-below-img hide-description hide-rating jquery-filter dt-css-grid-wrap resize-by-browser-width loading-effect-none description-under-image content-align-centre wc-grid\" data-padding=\"15px\" data-cur-page=\"1\" data-post-limit=\"-1\" data-pagination-mode=\"none\" data-desktop-columns-num=\"4\" data-v-tablet-columns-num=\"2\" data-h-tablet-columns-num=\"3\" data-phone-columns-num=\"2\" data-width=\"0px\" data-columns=\"0\"><div class=\"dt-css-grid\" ><\/div><!-- iso-container|iso-grid --><\/div><div id=\"modal-trg-txt-wrap-7558\" class=\"ult-modal-input-wrapper ult-adjust-bottom-margin    \" data-keypress-control=\"keypress-control-enable\" data-overlay-control=\"overlay-control-enable\"><span data-class-id=\"content-69d09a83f14487-35031428\"><\/span>\n\t\t\t\t<script type=\"text\/javascript\">\n\t\t\t\t(function($){\n\t\t\t\t\t$(document).ready(function(){\n\t\t\t\t\t\tvar selector = \"#covid-message\";\n\t\t\t\t\t\t$(selector).addClass(\"custom-ult-modal overlay-show\");\n\t\t\t\t\t\t$(selector).attr(\"data-class-id\", \"content-69d09a83f14487-35031428\");\n\t\t\t\t\t\t$(selector).attr(\"data-overlay-class\", \"overlay-fade\");\n\t\t\t\t\t\t$(selector).attr(\"data-keypress-control\", \"keypress-control-enable\");\n\t\t\t\t\t\t$(selector).attr(\"data-overlay-control\", \"overlay-control-enable\");\n\t\t\t\t\t});\n\t\t\t\t})(jQuery);\n\t\t\t\t<\/script><\/div>\n<div class=\"ult-overlay content-69d09a83f14487-35031428 \" data-class=\"content-69d09a83f14487-35031428\" id=\"button-click-overlay\" style=\"background:rgba(0,0,0,0.9); display:none;\">\n\t<div class=\"ult_modal ult-fade ult-medium\">\n\t\t<div id=\"ult-modal-wrap-4258\" class=\"ult_modal-content ult-hide\" style=\"border-style:solid;border-width:2px;border-radius:0px;border-color:#333333;\">\n\t\t\t<div  data-ultimate-target='#ult-modal-wrap-4258 .ult_modal-body'  data-responsive-json-new='{\"font-size\":\"\",\"line-height\":\"\"}'  class=\"ult_modal-body ult-responsive ult-html\" style=\"background:#ffffff;\">\n\t\t\t<\/p>\n<h4 style=\"text-align: center;\">Notre r\u00e9ponse \u00e0 COVIDE-19<\/h4>\n<p>&nbsp;<\/p>\n<p>Nous esp\u00e9rons que vous resterez tous en s\u00e9curit\u00e9 et en bonne sant\u00e9 pendant cette p\u00e9riode difficile alors que nous naviguerons \u00e0 travers la pand\u00e9mie COVIDE-19. Nous sommes extr\u00eamement reconnaissants \u00e0 tous les travailleurs de la sant\u00e9 et aux premiers intervenants qui continuent d\u2019\u00eatre nos h\u00e9ros chaque jour.<\/p>\n<p>Chez Cobmex, nous continuons \u00e0 travailler avec diligence pour aider nos clients \u00e0 r\u00e9pondre \u00e0 leurs besoins quotidiens, mais aussi en \u00e9tant pr\u00e9par\u00e9s; nous pouvons aider tous nos clients et partenaires de la cha\u00eene d\u2019approvisionnement dans leurs efforts de r\u00e9ouverture. Nos installations am\u00e9ricaines et canadiennes continuent de fonctionner avec un personnel essentiel surveill\u00e9 de pr\u00e8s tout en encourageant un travail \u00e0 partir de la politique \u00e0 domicile pour les autres. Nous continuons de suivre de pr\u00e8s la situation et suivons toutes les normes gouvernementales en mati\u00e8re de sant\u00e9 et de s\u00e9curit\u00e9.<\/p>\n<p>Il ne fait aucun doute que le monde aura l\u2019air tr\u00e8s diff\u00e9rent lorsque nous sortirons de la crise actuelle COVIDE-19. La r\u00e9\u00e9valuation et la r\u00e9\u00e9valuation continues seront essentielles, mais rester fermes dans nos engagements et envers nos principes directeurs nous le permettra; en tant qu\u2019entreprise, en tant qu\u2019industrie, en tant que nation et en tant qu\u2019\u00eatres humains pour poursuivre l\u2019\u00e9volution et le suivi de nos v\u00e9rit\u00e9s.<\/p>\n<p>Chez Cobmex, comme toujours, notre priorit\u00e9 num\u00e9ro un est la sant\u00e9 et le bien-\u00eatre de notre personnel, de nos clients et de tous nos partenaires.<\/p>\n<p>Sinc\u00e8rement<\/p>\n<p><img decoding=\"async\" class=\"wp-image-3942 alignnone\" src=\"https:\/\/cobmex.com\/wp-content\/uploads\/2020\/05\/NEW-PHIL-SIG.png\" alt=\"\" width=\"116\" height=\"92\" title=\"\"><\/p>\n<p>Phil Newman<\/p>\n<p>Pr\u00e9sident, Cobmex Inc.\n\t\t\t<\/div>\n\t<\/div>\n\t<\/div>\n\t<div class=\"ult-overlay-close top-right\" style=\"width:40px;height:40px; \"><div class=\"ult-overlay-close-inside\">Close<\/div><\/div>\n<\/div>[\/vc_column][\/vc_row]<\/p>\n<\/div>","protected":false},"excerpt":{"rendered":"<p>[vc_row][vc_column][\/vc_column][\/vc_row][vc_row][vc_column][\/vc_column][\/vc_row]<\/p>\n","protected":false},"author":1,"featured_media":0,"parent":0,"menu_order":0,"comment_status":"closed","ping_status":"closed","template":"","meta":{"content-type":"","inline_featured_image":false,"_metasync_otto_title":"","_metasync_otto_description":"","_metasync_otto_keywords":"","_metasync_otto_og_title":"","_metasync_otto_og_description":"","_metasync_otto_twitter_title":"","_metasync_otto_twitter_description":"","rank_math_title":"","rank_math_description":"","_yoast_wpseo_title":"","_yoast_wpseo_metadesc":"","_aioseo_title":"","_aioseo_description":"","_metasync_seo_title":"","_metasync_seo_desc":"","_metasync_otto_disabled":"","footnotes":""},"class_list":["post-45112","page","type-page","status-publish","hentry","description-off"],"_links":{"self":[{"href":"https:\/\/cobmex.com\/fr\/wp-json\/wp\/v2\/pages\/45112","targetHints":{"allow":["GET"]}}],"collection":[{"href":"https:\/\/cobmex.com\/fr\/wp-json\/wp\/v2\/pages"}],"about":[{"href":"https:\/\/cobmex.com\/fr\/wp-json\/wp\/v2\/types\/page"}],"author":[{"embeddable":true,"href":"https:\/\/cobmex.com\/fr\/wp-json\/wp\/v2\/users\/1"}],"replies":[{"embeddable":true,"href":"https:\/\/cobmex.com\/fr\/wp-json\/wp\/v2\/comments?post=45112"}],"version-history":[{"count":0,"href":"https:\/\/cobmex.com\/fr\/wp-json\/wp\/v2\/pages\/45112\/revisions"}],"wp:attachment":[{"href":"https:\/\/cobmex.com\/fr\/wp-json\/wp\/v2\/media?parent=45112"}],"curies":[{"name":"wp","href":"https:\/\/api.w.org\/{rel}","templated":true}]}}