{"id":45219,"date":"2020-10-06T18:15:08","date_gmt":"2020-10-06T18:15:08","guid":{"rendered":"https:\/\/cobmex.com\/equipe\/"},"modified":"2021-04-14T15:31:39","modified_gmt":"2021-04-14T15:31:39","slug":"equipe","status":"publish","type":"page","link":"https:\/\/cobmex.com\/fr\/equipe\/","title":{"rendered":"\u00c9quipe"},"content":{"rendered":"<div class=\"wpb-content-wrapper\"><p>[vc_row][vc_column]<div class=\"ult-spacer spacer-69e055e129994\" data-id=\"69e055e129994\" data-height=\"30\" data-height-mobile=\"30\" data-height-tab=\"30\" data-height-tab-portrait=\"\" data-height-mobile-landscape=\"\" style=\"clear:both;display:block;\"><\/div>[vc_column_text]<div id=\"awsm-team-4173\" class=\"awsm-grid-wrapper\">\r\n\t\t\r\n\t\t\t<div class=\"awsm-grid list-style style-1 grid-2-col \">\r\n\t\t\t\t\t\t<div id=\"awsm-member-4173-49937\" class=\"awsm-grid-card awsm-team-item awsm-scale-anm awsm-all\">\r\n\t\t\t\t   <figure>\r\n\t\t\t\t\t <img decoding=\"async\" width=\"500\" height=\"500\" src=\"https:\/\/cobmex.com\/wp-content\/uploads\/2020\/07\/Phil-cropped-500x500.jpg\" class=\"attachment-awsm_team size-awsm_team wp-post-image\" alt=\"Phil Newman\" title=\"\">\t\t\t\t\t\t <figcaption>\r\n\t\t\t\t\t\t\t<div class=\"awsm-personal-info\"><h3>Phil Newman<\/h3><span>CEO<\/span><\/div>\r\n\t\t\t\t\t\t\t<div class=\"awsm-contact-info\">\r\n\t\t\t\t\t\t\t\t<p>Originaire du Royaume-Uni, Phil a grandi \u00e0 Montr\u00e9al, au Canada, apr\u00e8s y avoir d\u00e9m\u00e9nag\u00e9 lorsqu\u2019il \u00e9tait enfant. En 1979, son dipl\u00f4me de l\u2019Universit\u00e9 Concordia en poche, il commence \u00e0 travailler dans l\u2019industrie du v\u00eatement. \u00c0 l\u2019\u00e9poque, Montr\u00e9al \u00e9tait l\u2019\u00e9picentre de la mode canadienne. Comme nombre de ses coll\u00e8gues, il passe le d\u00e9but de sa carri\u00e8re \u00e0 l\u2019usine pour apprendre \u00e0 conna\u00eetre les tissus et les bases de la fabrication des v\u00eatements. Alors que l\u2019industrie se d\u00e9veloppe \u00e0 l\u2019\u00e9chelle mondiale, Phil commence \u00e0 voyager en Asie, en Europe et en Am\u00e9rique du Nord; on le trouve souvent dans des usines en train d\u2019apprendre les subtilit\u00e9s de la fabrication des chandails, de la fibre au produit fini. Il augmente ensuite ses revenus en dirigeant des \u00e9quipes de sour\u00e7age, de conception, de commercialisation et de vente au sein d\u2019une c\u00e9l\u00e8bre entreprise d\u2019importation de v\u00eatements de marque pendant plus de 15 ans. En 1998, il fonde COBMEX\u00ae, une compagnie d\u2019import-export sp\u00e9cialis\u00e9e dans la fourniture de tricots pour les entreprises. Ces vingt derni\u00e8res ann\u00e9es, COBMEX\u00ae a \u00e9volu\u00e9 jusqu\u2019\u00e0 devenir chef de file des chandails d\u2019uniforme sur les march\u00e9s des v\u00eatements de s\u00e9curit\u00e9 publique et d\u2019entreprise. Aujourd\u2019hui, COBMEX\u00ae est fi\u00e8re de diriger des entreprises dans 5 pays.<\/p>\n<p>Phil appr\u00e9cie un petit verre de vin de temps \u00e0 autre. Amateur de rock\u2019n\u2019roll, il aime en jouer, entour\u00e9 de son impressionnante collection de guitares.<\/p>\n\t\t\t\t\t\t\t<\/div>\r\n\t\t\t\t\t\t <\/figcaption>\r\n\t\t\t\t   <\/figure>\r\n\t\t\t\t<\/div>\r\n\t\t\t\t\t\t\t<div id=\"awsm-member-4173-49929\" class=\"awsm-grid-card awsm-team-item awsm-scale-anm awsm-all\">\r\n\t\t\t\t   <figure>\r\n\t\t\t\t\t <img decoding=\"async\" width=\"500\" height=\"500\" src=\"https:\/\/cobmex.com\/wp-content\/uploads\/2020\/07\/Jon-2025-Headshot-500x500.jpg\" class=\"attachment-awsm_team size-awsm_team wp-post-image\" alt=\"\" title=\"\">\t\t\t\t\t\t <figcaption>\r\n\t\t\t\t\t\t\t<div class=\"awsm-personal-info\"><h3>Jonathan Edberg<\/h3><span>Pr\u00e9sident et chef de l'exploitation<\/span><\/div>\r\n\t\t\t\t\t\t\t<div class=\"awsm-contact-info\">\r\n\t\t\t\t\t\t\t\t<p>Originaire de Toronto, au Canada, Jon a grandi entour\u00e9 de famille et d\u2019amis qui \u00e9taient dans l\u2019industrie du v\u00eatement. Apr\u00e8s l\u2019obtention de son dipl\u00f4me de l\u2019\u00e9cole secondaire en 2003, Jon prend le temps de voyager \u00e0 l\u2019\u00e9tranger avec des amis. \u00c0 l\u2019\u00e9t\u00e9 2004, il rentre \u00e0 Toronto et trouve un emploi temps partiel chez COBMEX\u00ae en tant qu\u2019associ\u00e9 d\u2019entrep\u00f4t. \u00c0 cette \u00e9poque, il s\u2019interroge sur son choix de carri\u00e8re (il a toujours voulu \u00eatre avocat). Loin du plan de carri\u00e8re qu\u2019il avait imagin\u00e9, sa fascination pour l\u2019industrie du v\u00eatement a rapidement pris le dessus, en particulier pour l\u2019industrie des uniformes. C\u2019est l\u00e0 que d\u00e9bute sa carri\u00e8re dans l\u2019industrie du v\u00eatement. Jon gravit rapidement les \u00e9chelons chez Cobmex, passant de repr\u00e9sentant commercial \u00e0 directeur des ventes, pour devenir en 2020 notre vice-pr\u00e9sident directeur.<\/p>\n<p>La vision et le savoir-faire de Phil ont guid\u00e9 Jon pendant ses premi\u00e8res ann\u00e9es chez COBMEX\u00ae. Il a alors commenc\u00e9 \u00e0 comprendre le processus de fabrication dans toute sa complexit\u00e9 et \u00e0 conna\u00eetre chaque fibre de chaque uniforme produit par COBMEX\u00ae. Rapidement, il accompagne Phil lors de ses voyages en Asie, en Europe et en Am\u00e9rique du Nord et s\u2019initie autant aux aspects commerciaux qu\u2019au processus de fabrication de l\u2019entreprise. Jon devient une v\u00e9ritable force motrice chez COBMEX\u00ae en d\u00e9passant les objectifs de vente et en \u00e9largissant la client\u00e8le de COBMEX\u00ae \u00e0 un niveau mondial, tout en continuant de d\u00e9velopper l\u2019assise manufacturi\u00e8re de l\u2019entreprise. En 2018, Jon re\u00e7oit le prix \u00ab Rising Star, Young Leader \u00bb d\u00e9cern\u00e9 chaque ann\u00e9e par la North American Association of Uniform Manufacturers and Distributors. En tant que plus jeune membre de l\u2019\u00e9quipe ex\u00e9cutive, il lui reste beaucoup de chemin \u00e0 parcourir; ce n\u2019est que le d\u00e9but pour lui d\u2019une carri\u00e8re riche et bien remplie.<\/p>\n<p>Passionn\u00e9 de cuisine et de voyage, Jon est aussi bien connu pour son incroyable capacit\u00e9 \u00e0 cr\u00e9er du lien avec les autres!<\/p>\n\t\t\t\t\t\t\t<\/div>\r\n\t\t\t\t\t\t <\/figcaption>\r\n\t\t\t\t   <\/figure>\r\n\t\t\t\t<\/div>\r\n\t\t\t\t\t\t\t<div id=\"awsm-member-4173-49927\" class=\"awsm-grid-card awsm-team-item awsm-scale-anm awsm-all\">\r\n\t\t\t\t   <figure>\r\n\t\t\t\t\t <img decoding=\"async\" width=\"500\" height=\"500\" src=\"https:\/\/cobmex.com\/wp-content\/uploads\/2020\/07\/Ernest-500x500.jpg\" class=\"attachment-awsm_team size-awsm_team wp-post-image\" alt=\"Ernest\" title=\"\">\t\t\t\t\t\t <figcaption>\r\n\t\t\t\t\t\t\t<div class=\"awsm-personal-info\"><h3>Ernest Fernandes<\/h3><span>VICE-PR\u00c9SIDENT PRINCIPAL \u2014 FINANCES<\/span><\/div>\r\n\t\t\t\t\t\t\t<div class=\"awsm-contact-info\">\r\n\t\t\t\t\t\t\t\t<p>Originaire de Mumbai, c\u2019est l\u00e0 qu\u2019Ernest grandit avant de se rendre au Canada en 1983. Fort de 25 ans d\u2019exp\u00e9rience dans l\u2019industrie de la mode, Enerst rejoint l\u2019\u00e9quipe de COBMEX\u00ae en 2011, \u00e0 un moment d\u00e9cisif de la croissance de l\u2019entreprise. Il y \u00e9labore une strat\u00e9gie visant \u00e0 renforcer la base financi\u00e8re des op\u00e9rations, ce qui permet alors \u00e0 Cobmex de se d\u00e9velopper pour devenir ce qu\u2019elle est aujourd\u2019hui. Ernest g\u00e8re l\u2019aspect financier et la comptabilit\u00e9 chez COBMEX\u00ae. Quand Ernest pense aux neuf ans qui se sont \u00e9coul\u00e9s, il est tr\u00e8s fier d\u2019avoir pu contribuer aux r\u00e9alisations de COBMEX\u00ae avec toute l\u2019\u00e9quipe.<\/p>\n<p>\u00ab Je suis tr\u00e8s reconnaissant \u00e0 Phil de m\u2019avoir donn\u00e9 ma chance et je me sens chanceux d\u2019avoir rejoint la \u201cfamille\u201d Cobmex il y a neuf ans. COBMEX\u00ae est constitu\u00e9e de personnes tr\u00e8s diff\u00e9rentes. Ensemble, nous formons comme une famille. Pour moi, COBMEX\u00ae est l\u2019aventure d\u2019une vie. \u00bb<\/p>\n<p>En dehors de ses heures de travail, vous trouverez probablement Ernest en train de lire, de faire du yoga, d\u2019\u00e9couter du Leonard Cohen ou de voyager.<\/p>\n\t\t\t\t\t\t\t<\/div>\r\n\t\t\t\t\t\t <\/figcaption>\r\n\t\t\t\t   <\/figure>\r\n\t\t\t\t<\/div>\r\n\t\t\t\t\t\t\t<div id=\"awsm-member-4173-49922\" class=\"awsm-grid-card awsm-team-item awsm-scale-anm awsm-all\">\r\n\t\t\t\t   <figure>\r\n\t\t\t\t\t <img decoding=\"async\" width=\"500\" height=\"500\" src=\"https:\/\/cobmex.com\/wp-content\/uploads\/2020\/07\/Lady-500x500.jpg\" class=\"attachment-awsm_team size-awsm_team wp-post-image\" alt=\"Hilda\" title=\"\">\t\t\t\t\t\t <figcaption>\r\n\t\t\t\t\t\t\t<div class=\"awsm-personal-info\"><h3>Hilda Martinez<\/h3><span>DIRECTRICE G\u00c9N\u00c9RALE \u2014 EXPORTATIONS PSC<\/span><\/div>\r\n\t\t\t\t\t\t\t<div class=\"awsm-contact-info\">\r\n\t\t\t\t\t\t\t\t<p>En tant que membre le plus ancien de l\u2019\u00e9quipe de direction, Hilda s\u2019est trouv\u00e9e aux premi\u00e8res loges pour suivre l\u2019\u00e9volution de COBMEX\u00ae, de ses d\u00e9buts \u00e0 aujourd\u2019hui. N\u00e9e \u00e0 Guadalajara, au Mexique, Hilda joue un r\u00f4le essentiel dans les op\u00e9rations de l\u2019entreprise au Mexique depuis 1997. En 2005, COBMEX\u00ae a d\u00e9m\u00e9nag\u00e9 son si\u00e8ge social mexicain de Guadalajara \u00e0 la tr\u00e8s belle ville d\u2019Aguascalientes, o\u00f9 Hilda a r\u00e9ussi \u00e0 mettre en place une op\u00e9ration qui est partie de deux petits entrepreneurs et quelques employ\u00e9s pour \u00e9voluer en une infrastructure qui comprend une cha\u00eene de production exclusive totalement verticale, mais \u00e9galement un r\u00e9seau d\u2019unit\u00e9s de fabrication semi-propri\u00e9taires qui emploie 250 personnes. La capacit\u00e9 d\u2019Hilda \u00e0 encourager la croissance et sa passion pour notre industrie ont jou\u00e9 un r\u00f4le d\u00e9terminant dans le positionnement de COBMEX\u00ae en tant que ressource de fabrication de premier plan au Mexique.<\/p>\n<p>Hilda aime cuisiner et passer du temps avec sa famille, qui compte ses deux fr\u00e8res et ses sept s\u0153urs, ses dix ni\u00e8ces et ses huit neveux, ainsi que ses cinq petites-ni\u00e8ces et trois petits-neveux.<\/p>\n\t\t\t\t\t\t\t<\/div>\r\n\t\t\t\t\t\t <\/figcaption>\r\n\t\t\t\t   <\/figure>\r\n\t\t\t\t<\/div>\r\n\t\t\t\t\t<\/div>\r\n\t\t<\/div>\r\n[\/vc_column_text][\/vc_column][\/vc_row][vc_row][vc_column]<div id=\"modal-trg-txt-wrap-8941\" class=\"ult-modal-input-wrapper ult-adjust-bottom-margin    \" data-keypress-control=\"keypress-control-enable\" data-overlay-control=\"overlay-control-enable\"><span data-class-id=\"content-69e055e1390b32-09520063\"><\/span>\n\t\t\t\t<script type=\"text\/javascript\">\n\t\t\t\t(function($){\n\t\t\t\t\t$(document).ready(function(){\n\t\t\t\t\t\tvar selector = \"#covid-message\";\n\t\t\t\t\t\t$(selector).addClass(\"custom-ult-modal overlay-show\");\n\t\t\t\t\t\t$(selector).attr(\"data-class-id\", \"content-69e055e1390b32-09520063\");\n\t\t\t\t\t\t$(selector).attr(\"data-overlay-class\", \"overlay-fade\");\n\t\t\t\t\t\t$(selector).attr(\"data-keypress-control\", \"keypress-control-enable\");\n\t\t\t\t\t\t$(selector).attr(\"data-overlay-control\", \"overlay-control-enable\");\n\t\t\t\t\t});\n\t\t\t\t})(jQuery);\n\t\t\t\t<\/script><\/div>\n<div class=\"ult-overlay content-69e055e1390b32-09520063 \" data-class=\"content-69e055e1390b32-09520063\" id=\"button-click-overlay\" style=\"background:rgba(12,1,0,0.9); display:none;\">\n\t<div class=\"ult_modal ult-fade ult-medium\">\n\t\t<div id=\"ult-modal-wrap-3746\" class=\"ult_modal-content ult-hide\" style=\"border-style:solid;border-width:2px;border-radius:0px;border-color:#333333;\">\n\t\t\t<div  data-ultimate-target='#ult-modal-wrap-3746 .ult_modal-body'  data-responsive-json-new='{\"font-size\":\"\",\"line-height\":\"\"}'  class=\"ult_modal-body ult-responsive ult-html\" style=\"background:#ffffff;\">\n\t\t\t<\/p>\n<h4 style=\"text-align: center;\">Notre r\u00e9ponse \u00e0 COVIDE-19<\/h4>\n<p>&nbsp;<\/p>\n<p>Nous esp\u00e9rons que vous resterez tous en s\u00e9curit\u00e9 et en bonne sant\u00e9 pendant cette p\u00e9riode difficile alors que nous naviguerons \u00e0 travers la pand\u00e9mie COVIDE-19. Nous sommes extr\u00eamement reconnaissants \u00e0 tous les travailleurs de la sant\u00e9 et aux premiers intervenants qui continuent d\u2019\u00eatre nos h\u00e9ros chaque jour.<\/p>\n<p>Chez Cobmex, nous continuons \u00e0 travailler avec diligence pour aider nos clients \u00e0 r\u00e9pondre \u00e0 leurs besoins quotidiens, mais aussi en \u00e9tant pr\u00e9par\u00e9s; nous pouvons aider tous nos clients et partenaires de la cha\u00eene d\u2019approvisionnement dans leurs efforts de r\u00e9ouverture. Nos installations am\u00e9ricaines et canadiennes continuent de fonctionner avec un personnel essentiel surveill\u00e9 de pr\u00e8s tout en encourageant un travail \u00e0 partir de la politique \u00e0 domicile pour les autres. Nous continuons de suivre de pr\u00e8s la situation et suivons toutes les normes gouvernementales en mati\u00e8re de sant\u00e9 et de s\u00e9curit\u00e9.<\/p>\n<p>Il ne fait aucun doute que le monde aura l\u2019air tr\u00e8s diff\u00e9rent lorsque nous sortirons de la crise actuelle COVIDE-19. La r\u00e9\u00e9valuation et la r\u00e9\u00e9valuation continues seront essentielles, mais rester fermes dans nos engagements et envers nos principes directeurs nous le permettra; en tant qu\u2019entreprise, en tant qu\u2019industrie, en tant que nation et en tant qu\u2019\u00eatres humains pour poursuivre l\u2019\u00e9volution et le suivi de nos v\u00e9rit\u00e9s.<\/p>\n<p>Chez Cobmex, comme toujours, notre priorit\u00e9 num\u00e9ro un est la sant\u00e9 et le bien-\u00eatre de notre personnel, de nos clients et de tous nos partenaires.<\/p>\n<p>Sinc\u00e8rement<\/p>\n<p><img decoding=\"async\" class=\"wp-image-3942 alignnone\" src=\"https:\/\/cobmex.com\/wp-content\/uploads\/2020\/05\/NEW-PHIL-SIG.png\" alt=\"\" width=\"116\" height=\"92\" title=\"\"><\/p>\n<p>Phil Newman<\/p>\n<p>Pr\u00e9sident, Cobmex Inc.\n\t\t\t<\/div>\n\t<\/div>\n\t<\/div>\n\t<div class=\"ult-overlay-close top-right\" style=\"width:40px;height:40px; \"><div class=\"ult-overlay-close-inside\">Close<\/div><\/div>\n<\/div>[\/vc_column][\/vc_row]<\/p>\n<\/div>","protected":false},"excerpt":{"rendered":"<p>[vc_row][vc_column][vc_column_text][\/vc_column_text][\/vc_column][\/vc_row][vc_row][vc_column][\/vc_column][\/vc_row]<\/p>\n","protected":false},"author":1,"featured_media":0,"parent":0,"menu_order":0,"comment_status":"closed","ping_status":"closed","template":"","meta":{"content-type":"","inline_featured_image":false,"_metasync_otto_title":"","_metasync_otto_description":"","_metasync_otto_keywords":"","_metasync_otto_og_title":"","_metasync_otto_og_description":"","_metasync_otto_twitter_title":"","_metasync_otto_twitter_description":"","rank_math_title":"","rank_math_description":"","_yoast_wpseo_title":"","_yoast_wpseo_metadesc":"","_aioseo_title":"","_aioseo_description":"","_metasync_seo_title":"","_metasync_seo_desc":"","_metasync_otto_disabled":"","footnotes":""},"class_list":["post-45219","page","type-page","status-publish","hentry","description-off"],"_links":{"self":[{"href":"https:\/\/cobmex.com\/fr\/wp-json\/wp\/v2\/pages\/45219","targetHints":{"allow":["GET"]}}],"collection":[{"href":"https:\/\/cobmex.com\/fr\/wp-json\/wp\/v2\/pages"}],"about":[{"href":"https:\/\/cobmex.com\/fr\/wp-json\/wp\/v2\/types\/page"}],"author":[{"embeddable":true,"href":"https:\/\/cobmex.com\/fr\/wp-json\/wp\/v2\/users\/1"}],"replies":[{"embeddable":true,"href":"https:\/\/cobmex.com\/fr\/wp-json\/wp\/v2\/comments?post=45219"}],"version-history":[{"count":0,"href":"https:\/\/cobmex.com\/fr\/wp-json\/wp\/v2\/pages\/45219\/revisions"}],"wp:attachment":[{"href":"https:\/\/cobmex.com\/fr\/wp-json\/wp\/v2\/media?parent=45219"}],"curies":[{"name":"wp","href":"https:\/\/api.w.org\/{rel}","templated":true}]}}