{"id":62783,"date":"2021-06-24T21:52:49","date_gmt":"2021-06-24T21:52:49","guid":{"rendered":"https:\/\/cobmex.com\/?page_id=62783"},"modified":"2024-08-02T21:01:04","modified_gmt":"2024-08-02T21:01:04","slug":"a-propos","status":"publish","type":"page","link":"https:\/\/cobmex.com\/fr\/a-propos\/","title":{"rendered":"\u00c0 PROPOS"},"content":{"rendered":"<div class=\"wpb-content-wrapper\"><p>[vc_row][vc_column]<div class=\"ult-spacer spacer-69fa078386745\" data-id=\"69fa078386745\" data-height=\"40\" data-height-mobile=\"40\" data-height-tab=\"40\" data-height-tab-portrait=\"\" data-height-mobile-landscape=\"\" style=\"clear:both;display:block;\"><\/div>[vc_row_inner][vc_column_inner width=&#8221;1\/2&#8243;]<div id=\"ultimate-heading-303669fa07838679d\" class=\"uvc-heading ult-adjust-bottom-margin ultimate-heading-303669fa07838679d uvc-4412 \" data-hspacer=\"line_only\"  data-halign=\"center\" style=\"text-align:center\"><div class=\"uvc-main-heading ult-responsive\"  data-ultimate-target='.uvc-heading.ultimate-heading-303669fa07838679d h2'  data-responsive-json-new='{\"font-size\":\"desktop:25px;\",\"line-height\":\"desktop:30px;\"}' ><h2 style=\"font-family:&#039;Montserrat&#039;;font-weight:500;color:#f04e23;\">Ce Que Nous Faisons<\/h2><\/div><div class=\"uvc-heading-spacer line_only\" style=\"margin-top:20px;margin-bottom:50px;height:2px;\"><span class=\"uvc-headings-line\" style=\"border-style:solid;border-bottom-width:2px;border-color:#f04e23;width:180px;\"><\/span><\/div><\/div>[vc_video link=&#8221;https:\/\/vimeo.com\/993598567&#8243; align=&#8221;center&#8221; css=&#8221;&#8221;][\/vc_column_inner][vc_column_inner width=&#8221;1\/2&#8243;]<div id=\"ultimate-heading-321969fa078386801\" class=\"uvc-heading ult-adjust-bottom-margin ultimate-heading-321969fa078386801 uvc-7985 \" data-hspacer=\"line_only\"  data-halign=\"center\" style=\"text-align:center\"><div class=\"uvc-main-heading ult-responsive\"  data-ultimate-target='.uvc-heading.ultimate-heading-321969fa078386801 h2'  data-responsive-json-new='{\"font-size\":\"desktop:25px;\",\"line-height\":\"desktop:30px;\"}' ><h2 style=\"font-family:&#039;Montserrat&#039;;font-weight:500;color:#f04e23;\">Bienvenue chez COBMEX\u00ae<\/h2><\/div><div class=\"uvc-heading-spacer line_only\" style=\"margin-top:20px;margin-bottom:50px;height:2px;\"><span class=\"uvc-headings-line\" style=\"border-style:solid;border-bottom-width:2px;border-color:#f04e23;width:180px;\"><\/span><\/div><\/div>[vc_video link=&#8221;https:\/\/vimeo.com\/975633696?dnt=1&#8243; align=&#8221;center&#8221; css=&#8221;&#8221;][\/vc_column_inner][\/vc_row_inner]<div id=\"ultimate-heading-778069fa078386832\" class=\"uvc-heading ult-adjust-bottom-margin ultimate-heading-778069fa078386832 uvc-1139 myinfobox\" data-hspacer=\"no_spacer\"  data-halign=\"center\" style=\"text-align:center\"><div class=\"uvc-heading-spacer no_spacer\" style=\"top\"><\/div><div class=\"uvc-sub-heading ult-responsive\"  data-ultimate-target='.uvc-heading.ultimate-heading-778069fa078386832 .uvc-sub-heading '  data-responsive-json-new='{\"font-size\":\"desktop:18px;\",\"line-height\":\"desktop:30px;\"}'  style=\"font-family:&#039;Libre Franklin&#039;;font-weight:300;\"><br \/>\n<strong>The Uniformer \u2014 Entretien avec Phil Newman, PDG de COBMEX\u00ae<\/strong><\/p>\n<p>The Uniformer s\u2019est entretenu avec Phil au sujet du leadership, de la motivation des employ\u00e9s et de la n\u00e9cessit\u00e9 de maintenir la culture d\u2019entreprise de COBMEX\u00ae au centre de toutes ses activit\u00e9s. Phil raconte comment l\u2019industrie de l\u2019uniforme l\u2019a attir\u00e9 apr\u00e8s un certain nombre d\u2019ann\u00e9es dans le monde de la mode et il ne l\u2019a jamais regrett\u00e9.<br \/>\n<\/div><\/div><div class=\"ult-spacer spacer-69fa078386855\" data-id=\"69fa078386855\" data-height=\"20\" data-height-mobile=\"20\" data-height-tab=\"20\" data-height-tab-portrait=\"\" data-height-mobile-landscape=\"\" style=\"clear:both;display:block;\"><\/div>[vc_column_text]<iframe style=\"border: none; min-width: min(100%, 430px);\" title=\"The Uniformer - A talk with Phil Newman, CEO of Cobmex\" src=\"https:\/\/www.podbean.com\/player-v2\/?i=xwxiv-ffe840-pb&amp;from=embed&amp;share=1&amp;download=1&amp;skin=8&amp;btn-skin=2&amp;size=150\" width=\"100%\" height=\"150\" scrolling=\"no\" data-name=\"pb-iframe-player\"><\/iframe>[\/vc_column_text]<div id=\"ultimate-heading-84969fa078386870\" class=\"uvc-heading ult-adjust-bottom-margin ultimate-heading-84969fa078386870 uvc-3895 \" data-hspacer=\"no_spacer\"  data-halign=\"center\" style=\"text-align:center\"><div class=\"uvc-heading-spacer no_spacer\" style=\"top\"><\/div><div class=\"uvc-sub-heading ult-responsive\"  data-ultimate-target='.uvc-heading.ultimate-heading-84969fa078386870 .uvc-sub-heading '  data-responsive-json-new='{\"font-size\":\"desktop:18px;\",\"line-height\":\"desktop:30px;\"}'  style=\"font-family:&#039;Libre Franklin&#039;;font-weight:300;\"><br \/>\n<strong>En 1998, nous avons eu une id\u00e9e qui a fini par devenir notre mission : \u00e9laborer un tricot d\u2019uniforme de qualit\u00e9 in\u00e9gal\u00e9e sur le march\u00e9. Aujourd\u2019hui, COBMEX\u00ae Apparel Inc. est le principal fournisseur de tricots pour les industries de l\u2019uniforme d\u2019entreprise et de s\u00e9curit\u00e9 publique en Am\u00e9rique du Nord.<\/strong><\/p>\n<p>\u00c0 titre de fabricant de tricots pour uniformes privil\u00e9gi\u00e9 par certains des plus grands distributeurs mondiaux, nos chandails sont fi\u00e8rement port\u00e9s par les intervenants et intervenantes de nombreux secteurs, parmi lesquels la vente au d\u00e9tail, la restauration, les soins de sant\u00e9, les organismes gouvernementaux, les compagnies a\u00e9riennes et plus encore.<\/p>\n<p>Chez COBMEX\u00ae, nous sommes sp\u00e9cialistes des tricots, et uniquement des tricots. Cela signifie que nous \u00e9laborons, approvisionnons et fabriquons dans leur int\u00e9gralit\u00e9 des v\u00eatements appartenant \u00e0 la cat\u00e9gorie de produits la plus complexe de l\u2019industrie de l\u2019uniforme. Le souhait de combiner style et fonctionnalit\u00e9 fait partie int\u00e9grante de l\u2019esprit de notre entreprise. Nous, les Cobmexeurs, sommes r\u00e9unis autour de la passion, la cr\u00e9ativit\u00e9 et l\u2019innovation, des valeurs indissociables de notre culture. Depuis le d\u00e9but, nous sommes engag\u00e9s envers nos clients, nos partenaires de la cha\u00eene d\u2019approvisionnement et nous-m\u00eames. Notre philosophie a toujours \u00e9t\u00e9 simple et elle le restera.<br \/>\n<\/div><\/div><div class=\"ult-spacer spacer-69fa07838688e\" data-id=\"69fa07838688e\" data-height=\"40\" data-height-mobile=\"40\" data-height-tab=\"40\" data-height-tab-portrait=\"\" data-height-mobile-landscape=\"\" style=\"clear:both;display:block;\"><\/div>[\/vc_column][\/vc_row][vc_row][vc_column][vc_separator][\/vc_column][\/vc_row][vc_row equal_height=&#8221;yes&#8221; content_placement=&#8221;middle&#8221;][vc_column width=&#8221;3\/12&#8243; css=&#8221;.vc_custom_1597242087727{margin-top: 30px !important;margin-bottom: 50px !important;}&#8221;]<div id=\"ultimate-heading-440969fa0783868a8\" class=\"uvc-heading ult-adjust-bottom-margin ultimate-heading-440969fa0783868a8 uvc-8449 semi-box\" data-hspacer=\"no_spacer\"  data-halign=\"right\" style=\"text-align:right\"><div class=\"uvc-heading-spacer no_spacer\" style=\"top\"><\/div><div class=\"uvc-main-heading ult-responsive\"  data-ultimate-target='.uvc-heading.ultimate-heading-440969fa0783868a8 h2'  data-responsive-json-new='{\"font-size\":\"desktop:45px;tablet:45px;tablet_portrait:25px;\",\"line-height\":\"desktop:40px;tablet:45px;tablet_portrait:25px;\"}' ><h2 style=\"font-family:&#039;Montserrat&#039;;font-weight:600;color:#f04e23;\">NOS CONVICTIONS<\/h2><\/div><\/div>[\/vc_column][vc_column width=&#8221;1\/12&#8243; offset=&#8221;vc_hidden-sm vc_hidden-xs&#8221;][\/vc_column][vc_column width=&#8221;8\/12&#8243; offset=&#8221;vc_col-sm-offset-0&#8243; el_class=&#8221;col-md-12&#8243;]<div id=\"ultimate-heading-437169fa0783868d6\" class=\"uvc-heading ult-adjust-bottom-margin ultimate-heading-437169fa0783868d6 uvc-5774 \" data-hspacer=\"no_spacer\"  data-halign=\"center\" style=\"text-align:center\"><div class=\"uvc-heading-spacer no_spacer\" style=\"top\"><\/div><div class=\"uvc-main-heading ult-responsive\"  data-ultimate-target='.uvc-heading.ultimate-heading-437169fa0783868d6 h2'  data-responsive-json-new='{\"font-size\":\"desktop:25px;\",\"line-height\":\"desktop:32px;\"}' ><h2 style=\"font-family:&#039;Montserrat&#039;;font-weight:600;color:#f04e23;\">Objectif<\/h2><\/div><div class=\"uvc-sub-heading ult-responsive\"  data-ultimate-target='.uvc-heading.ultimate-heading-437169fa0783868d6 .uvc-sub-heading '  data-responsive-json-new='{\"font-size\":\"desktop:17px;\",\"line-height\":\"desktop:23px;\"}'  style=\"font-family:&#039;Libre Franklin&#039;;font-weight:normal;color:#4c4c4c;\"><\/p>\n<p style=\"text-align: center;\">Aider nos clients \u00e0 entretenir un sentiment de fiert\u00e9, ainsi qu\u2019une r\u00e9elle passion et un go\u00fbt pour la performance chez leurs employ\u00e9s.<\/p>\n<p><\/div><\/div><div class=\"ult-spacer spacer-69fa0783868fd\" data-id=\"69fa0783868fd\" data-height=\"30\" data-height-mobile=\"30\" data-height-tab=\"30\" data-height-tab-portrait=\"30\" data-height-mobile-landscape=\"30\" style=\"clear:both;display:block;\"><\/div><div id=\"ultimate-heading-444269fa078386917\" class=\"uvc-heading ult-adjust-bottom-margin ultimate-heading-444269fa078386917 uvc-7633 \" data-hspacer=\"no_spacer\"  data-halign=\"center\" style=\"text-align:center\"><div class=\"uvc-heading-spacer no_spacer\" style=\"top\"><\/div><div class=\"uvc-main-heading ult-responsive\"  data-ultimate-target='.uvc-heading.ultimate-heading-444269fa078386917 h2'  data-responsive-json-new='{\"font-size\":\"desktop:25px;\",\"line-height\":\"desktop:32px;\"}' ><h2 style=\"font-family:&#039;Montserrat&#039;;font-weight:600;color:#f04e23;\">Vision<\/h2><\/div><div class=\"uvc-sub-heading ult-responsive\"  data-ultimate-target='.uvc-heading.ultimate-heading-444269fa078386917 .uvc-sub-heading '  data-responsive-json-new='{\"font-size\":\"desktop:17px;\",\"line-height\":\"desktop:23px;\"}'  style=\"font-family:&#039;Libre Franklin&#039;;font-weight:normal;color:#4c4c4c;\"><\/p>\n<p style=\"text-align: center;\">\u00catre le fournisseur de tricots le plus respect\u00e9 sur le march\u00e9 mondial en servant nos clients avec enthousiasme, quel que soit leur lieu de travail ou leur terrain de jeu.<\/p>\n<p><\/div><\/div><div class=\"ult-spacer spacer-69fa07838693b\" data-id=\"69fa07838693b\" data-height=\"30\" data-height-mobile=\"30\" data-height-tab=\"30\" data-height-tab-portrait=\"30\" data-height-mobile-landscape=\"30\" style=\"clear:both;display:block;\"><\/div><div id=\"ultimate-heading-770669fa078386953\" class=\"uvc-heading ult-adjust-bottom-margin ultimate-heading-770669fa078386953 uvc-2190 \" data-hspacer=\"no_spacer\"  data-halign=\"center\" style=\"text-align:center\"><div class=\"uvc-heading-spacer no_spacer\" style=\"top\"><\/div><div class=\"uvc-main-heading ult-responsive\"  data-ultimate-target='.uvc-heading.ultimate-heading-770669fa078386953 h2'  data-responsive-json-new='{\"font-size\":\"desktop:25px;\",\"line-height\":\"desktop:32px;\"}' ><h2 style=\"font-family:&#039;Montserrat&#039;;font-weight:600;color:#f04e23;\">Mission<\/h2><\/div><div class=\"uvc-sub-heading ult-responsive\"  data-ultimate-target='.uvc-heading.ultimate-heading-770669fa078386953 .uvc-sub-heading '  data-responsive-json-new='{\"font-size\":\"desktop:17px;\",\"line-height\":\"desktop:23px;\"}'  style=\"font-family:&#039;Libre Franklin&#039;;font-weight:normal;color:#4c4c4c;\"><\/p>\n<div id=\"ultimate-heading-706166ad476cade3f\" class=\"uvc-heading ult-adjust-bottom-margin ultimate-heading-706166ad476cade3f uvc-4557 \" data-hspacer=\"no_spacer\" data-halign=\"center\">\n<div class=\"uvc-sub-heading ult-responsive\" data-ultimate-target=\".uvc-heading.ultimate-heading-706166ad476cade3f .uvc-sub-heading \" data-responsive-json-new=\"{&quot;font-size&quot;:&quot;desktop:17px;&quot;,&quot;line-height&quot;:&quot;desktop:23px;&quot;}\">\n<p style=\"text-align: center;\">Fournir les tricots les plus performants au march\u00e9 mondial, en int\u00e9grant passion, design, innovation et la viabilit\u00e9 environnementale.<\/p>\n<p style=\"text-align: center;\">\n<\/div>\n<\/div>\n<p><\/div><\/div><div class=\"ult-spacer spacer-69fa078386976\" data-id=\"69fa078386976\" data-height=\"30\" data-height-mobile=\"30\" data-height-tab=\"30\" data-height-tab-portrait=\"30\" data-height-mobile-landscape=\"30\" style=\"clear:both;display:block;\"><\/div><div id=\"ultimate-heading-499969fa07838698d\" class=\"uvc-heading ult-adjust-bottom-margin ultimate-heading-499969fa07838698d uvc-4703 \" data-hspacer=\"no_spacer\"  data-halign=\"center\" style=\"text-align:center\"><div class=\"uvc-heading-spacer no_spacer\" style=\"top\"><\/div><div class=\"uvc-main-heading ult-responsive\"  data-ultimate-target='.uvc-heading.ultimate-heading-499969fa07838698d h2'  data-responsive-json-new='{\"font-size\":\"desktop:25px;\",\"line-height\":\"desktop:32px;\"}' ><h2 style=\"font-family:&#039;Montserrat&#039;;font-weight:600;color:#f04e23;\">Valeurs fondamentales<\/h2><\/div><div class=\"uvc-sub-heading ult-responsive\"  data-ultimate-target='.uvc-heading.ultimate-heading-499969fa07838698d .uvc-sub-heading '  data-responsive-json-new='{\"font-size\":\"desktop:17px;\",\"line-height\":\"desktop:23px;\"}'  style=\"font-family:&#039;Libre Franklin&#039;;font-weight:normal;color:#4c4c4c;\"><\/p>\n<p style=\"text-align: center;\">Respect, int\u00e9grit\u00e9, responsabilit\u00e9, passion, innovation.<\/p>\n<p><\/div><\/div>[\/vc_column][\/vc_row][vc_row][vc_column]<div class=\"ult-spacer spacer-69fa0783869ae\" data-id=\"69fa0783869ae\" data-height=\"40\" data-height-mobile=\"40\" data-height-tab=\"40\" data-height-tab-portrait=\"\" data-height-mobile-landscape=\"\" style=\"clear:both;display:block;\"><\/div>[vc_separator][\/vc_column][\/vc_row][vc_row][vc_column][vc_row_inner][vc_column_inner width=&#8221;7\/12&#8243;]<div id=\"ultimate-heading-204869fa0783869c8\" class=\"uvc-heading ult-adjust-bottom-margin ultimate-heading-204869fa0783869c8 uvc-7591 \" data-hspacer=\"no_spacer\"  data-halign=\"left\" style=\"text-align:left\"><div class=\"uvc-heading-spacer no_spacer\" style=\"top\"><\/div><div class=\"uvc-main-heading ult-responsive\"  data-ultimate-target='.uvc-heading.ultimate-heading-204869fa0783869c8 h4'  data-responsive-json-new='{\"font-size\":\"\",\"line-height\":\"desktop:48px;\"}' ><h4 style=\"font-family:&#039;Montserrat&#039;;font-weight:500;color:#f04e23;margin-top:30px;\">Notre promesse :<\/h4><\/div><div class=\"uvc-sub-heading ult-responsive\"  data-ultimate-target='.uvc-heading.ultimate-heading-204869fa0783869c8 .uvc-sub-heading '  data-responsive-json-new='{\"font-size\":\"desktop:18px;\",\"line-height\":\"desktop:30px;\"}'  style=\"font-family:&#039;Libre Franklin&#039;;font-weight:300;\"><\/p>\n<ul style=\"text-align: left;\">\n<li>Assurer une communication rapide, directe et transparente<\/li>\n<li>Vous fournir une qualit\u00e9 et une innovation constantes \u00e0 prix abordable gr\u00e2ce \u00e0 notre engagement envers nos centres de production et nos partenaires de la cha\u00eene d\u2019approvisionnement au niveau mondial.<\/li>\n<li>Respecter nos revendeurs et nos distributeurs en ne contournant jamais le r\u00e9seau de distribution pour travailler avec un \u00ab utilisateur final \u00bb.<\/li>\n<li>Respecter les normes les plus strictes en mati\u00e8re de conformit\u00e9 environnementale et sociale.<\/li>\n<li>Laisser la compassion et la bienveillance nous guider au quotidien.<\/li>\n<\/ul>\n<p><\/div><\/div>[\/vc_column_inner][vc_column_inner width=&#8221;5\/12&#8243;]<div class=\"ult-spacer spacer-69fa0783869ec\" data-id=\"69fa0783869ec\" data-height=\"50\" data-height-mobile=\"50\" data-height-tab=\"50\" data-height-tab-portrait=\"\" data-height-mobile-landscape=\"\" style=\"clear:both;display:block;\"><\/div>[vc_video link=&#8221;https:\/\/vimeo.com\/993605745&#8243; align=&#8221;center&#8221; css=&#8221;&#8221;][\/vc_column_inner][\/vc_row_inner][vc_row_inner][vc_column_inner]<div id=\"ultimate-heading-834369fa078386a06\" class=\"uvc-heading ult-adjust-bottom-margin ultimate-heading-834369fa078386a06 uvc-5227 \" data-hspacer=\"no_spacer\"  data-halign=\"left\" style=\"text-align:left\"><div class=\"uvc-heading-spacer no_spacer\" style=\"top\"><\/div><div class=\"uvc-sub-heading ult-responsive\"  data-ultimate-target='.uvc-heading.ultimate-heading-834369fa078386a06 .uvc-sub-heading '  data-responsive-json-new='{\"font-size\":\"desktop:18px;\",\"line-height\":\"desktop:30px;\"}'  style=\"font-family:&#039;Libre Franklin&#039;;font-weight:300;\"><br \/>\nC\u2019est en suivant ces principes fondamentaux dans notre entreprise que nous sommes arriv\u00e9s l\u00e0 o\u00f9 nous sommes aujourd\u2019hui, avec des bureaux au Canada, aux \u00c9tats-Unis et au Royaume-Uni. Nous poss\u00e9dons des usines autoris\u00e9es par l\u2019ACEUM au Mexique et entretenons un partenariat de longue date avec des usines certifi\u00e9es par l\u2019audit SMETA \u00e0 4 piliers en Chine et au Cambodge. Nous continuons d\u2019\u00e9voluer et d\u2019innover en mettant tout particuli\u00e8rement l\u2019accent sur le respect des normes sociales et environnementales.<\/p>\n<p>Les \u00e9v\u00e9nements actuels et ceux des deux derni\u00e8res ann\u00e9es ont entra\u00een\u00e9 de profonds changements<br \/>\net aura des cons\u00e9quences certaines sur la plupart des industries. Chez COBMEX\u00ae, nous reconnaissons la n\u00e9cessit\u00e9 vitale de la r\u00e9\u00e9valuation continue tout en restant fermement attach\u00e9s \u00e0 nos engagements et \u00e0 nos principes fondamentaux. Cela nous permettra sans aucun doute de continuer \u00e0 \u00e9voluer tout en restant fid\u00e8les \u00e0 nos principes en tant qu\u2019entreprise, en tant qu\u2019industrie, en tant que pays et au niveau mondial.<\/p>\n<p>&nbsp;<\/p>\n<p>Au fil de cette aventure \u00e0 nos c\u00f4t\u00e9s, nous esp\u00e9rons que vous allez d\u00e9couvrir toute la port\u00e9e de ce qu\u2019est \u00eatre Beautifully Technical\u00a0<sup>TM<\/sup>\u00a0avec COBMEX\u00ae.<\/p>\n<p>&nbsp;<\/p>\n<p>Merci de votre visite,<\/p>\n<p>Phil Newman<\/p>\n<p>Pr\u00e9sident, COBMEX\u00ae Apparel Inc.<\/div><\/div>[\/vc_column_inner][\/vc_row_inner][\/vc_column][\/vc_row][vc_row][vc_column]<div class=\"ult-spacer spacer-69fa078386a1d\" data-id=\"69fa078386a1d\" data-height=\"40\" data-height-mobile=\"40\" data-height-tab=\"40\" data-height-tab-portrait=\"\" data-height-mobile-landscape=\"\" style=\"clear:both;display:block;\"><\/div>[vc_separator]<div class=\"ult-spacer spacer-69fa078386a2c\" data-id=\"69fa078386a2c\" data-height=\"40\" data-height-mobile=\"40\" data-height-tab=\"40\" data-height-tab-portrait=\"\" data-height-mobile-landscape=\"\" style=\"clear:both;display:block;\"><\/div><div class=\"dt-fancy-separator h3-size style-thick\" style=\"width: 80%;\"><div class=\"dt-fancy-title\" style=\"color: #f04e23;\"><span class=\"separator-holder separator-left\" style=\"border-color: #f04e23;\"><\/span>COBMEX EST FIER D&amp;apos;\u00caTRE UN MEMBRE DE<span class=\"separator-holder separator-right\" style=\"border-color: #f04e23;\"><\/span><\/div><\/div><div class=\"ult-spacer spacer-69fa078386a60\" data-id=\"69fa078386a60\" data-height=\"60\" data-height-mobile=\"60\" data-height-tab=\"60\" data-height-tab-portrait=\"\" data-height-mobile-landscape=\"\" style=\"clear:both;display:block;\"><\/div>[vc_row_inner][vc_column_inner width=&#8221;1\/4&#8243;][vc_single_image image=&#8221;121482&#8243; img_size=&#8221;175 by 167&#8243; alignment=&#8221;center&#8221; onclick=&#8221;custom_link&#8221; img_link_target=&#8221;_blank&#8221; image_hovers=&#8221;false&#8221; link=&#8221;https:\/\/www.asicentral.com\/&#8221;][\/vc_column_inner][vc_column_inner width=&#8221;1\/4&#8243;][vc_single_image image=&#8221;34350&#8243; img_size=&#8221;175 by 167&#8243; alignment=&#8221;center&#8221; onclick=&#8221;custom_link&#8221; img_link_target=&#8221;_blank&#8221; image_hovers=&#8221;false&#8221; link=&#8221;https:\/\/www.apparel.ca\/&#8221;][\/vc_column_inner][vc_column_inner width=&#8221;1\/4&#8243;][vc_single_image image=&#8221;34354&#8243; img_size=&#8221;175 by 167&#8243; alignment=&#8221;center&#8221; onclick=&#8221;custom_link&#8221; img_link_target=&#8221;_blank&#8221; image_hovers=&#8221;false&#8221; link=&#8221;https:\/\/pciaw.org\/&#8221;][\/vc_column_inner][vc_column_inner width=&#8221;1\/4&#8243;][vc_single_image image=&#8221;59085&#8243; img_size=&#8221;175 by 167&#8243; alignment=&#8221;center&#8221; onclick=&#8221;custom_link&#8221; img_link_target=&#8221;_blank&#8221; image_hovers=&#8221;false&#8221; link=&#8221;https:\/\/www.naumd.com\/&#8221;][\/vc_column_inner][\/vc_row_inner][\/vc_column][\/vc_row]<\/p>\n<\/div>","protected":false},"excerpt":{"rendered":"<p>[vc_row][vc_column][vc_row_inner][vc_column_inner width=&#8221;1\/2&#8243;][vc_video link=&#8221;https:\/\/vimeo.com\/993598567&#8243; align=&#8221;center&#8221; css=&#8221;&#8221;][\/vc_column_inner][vc_column_inner width=&#8221;1\/2&#8243;][vc_video link=&#8221;https:\/\/vimeo.com\/975633696?dnt=1&#8243; align=&#8221;center&#8221; css=&#8221;&#8221;][\/vc_column_inner][\/vc_row_inner][vc_column_text][\/vc_column_text][\/vc_column][\/vc_row][vc_row][vc_column][vc_separator][\/vc_column][\/vc_row][vc_row equal_height=&#8221;yes&#8221; content_placement=&#8221;middle&#8221;][vc_column width=&#8221;3\/12&#8243; css=&#8221;.vc_custom_1597242087727{margin-top: 30px !important;margin-bottom: 50px !important;}&#8221;][\/vc_column][vc_column width=&#8221;1\/12&#8243; offset=&#8221;vc_hidden-sm vc_hidden-xs&#8221;][\/vc_column][vc_column width=&#8221;8\/12&#8243; offset=&#8221;vc_col-sm-offset-0&#8243; el_class=&#8221;col-md-12&#8243;][\/vc_column][\/vc_row][vc_row][vc_column][vc_separator][\/vc_column][\/vc_row][vc_row][vc_column][vc_row_inner][vc_column_inner width=&#8221;7\/12&#8243;][\/vc_column_inner][vc_column_inner width=&#8221;5\/12&#8243;][vc_video link=&#8221;https:\/\/vimeo.com\/993605745&#8243; align=&#8221;center&#8221; css=&#8221;&#8221;][\/vc_column_inner][\/vc_row_inner][vc_row_inner][vc_column_inner][\/vc_column_inner][\/vc_row_inner][\/vc_column][\/vc_row][vc_row][vc_column][vc_separator][vc_row_inner][vc_column_inner width=&#8221;1\/4&#8243;][vc_single_image image=&#8221;121482&#8243; img_size=&#8221;175 by 167&#8243; alignment=&#8221;center&#8221; onclick=&#8221;custom_link&#8221; img_link_target=&#8221;_blank&#8221; image_hovers=&#8221;false&#8221; link=&#8221;https:\/\/www.asicentral.com\/&#8221;][\/vc_column_inner][vc_column_inner width=&#8221;1\/4&#8243;][vc_single_image image=&#8221;34350&#8243; img_size=&#8221;175 by 167&#8243; alignment=&#8221;center&#8221; onclick=&#8221;custom_link&#8221; img_link_target=&#8221;_blank&#8221; image_hovers=&#8221;false&#8221; link=&#8221;https:\/\/www.apparel.ca\/&#8221;][\/vc_column_inner][vc_column_inner width=&#8221;1\/4&#8243;][vc_single_image image=&#8221;34354&#8243; img_size=&#8221;175 by 167&#8243; alignment=&#8221;center&#8221; onclick=&#8221;custom_link&#8221;&hellip;<\/p>\n","protected":false},"author":1,"featured_media":0,"parent":0,"menu_order":0,"comment_status":"closed","ping_status":"closed","template":"","meta":{"content-type":"","inline_featured_image":false,"_metasync_otto_title":"","_metasync_otto_description":"","_metasync_otto_keywords":"","_metasync_otto_og_title":"","_metasync_otto_og_description":"","_metasync_otto_twitter_title":"","_metasync_otto_twitter_description":"","rank_math_title":"","rank_math_description":"","_yoast_wpseo_title":"","_yoast_wpseo_metadesc":"","_aioseo_title":null,"_aioseo_description":null,"_metasync_seo_title":"","_metasync_seo_desc":"","_metasync_breadcrumb_title":"","_metasync_primary_category":0,"_metasync_primary_product_cat":0,"_metasync_otto_disabled":"","_metasync_hreflang":"","_metasync_plugin_sync_ts":"","_metasync_robots_advanced":"","footnotes":""},"class_list":["post-62783","page","type-page","status-publish","hentry","description-off"],"_links":{"self":[{"href":"https:\/\/cobmex.com\/fr\/wp-json\/wp\/v2\/pages\/62783","targetHints":{"allow":["GET"]}}],"collection":[{"href":"https:\/\/cobmex.com\/fr\/wp-json\/wp\/v2\/pages"}],"about":[{"href":"https:\/\/cobmex.com\/fr\/wp-json\/wp\/v2\/types\/page"}],"author":[{"embeddable":true,"href":"https:\/\/cobmex.com\/fr\/wp-json\/wp\/v2\/users\/1"}],"replies":[{"embeddable":true,"href":"https:\/\/cobmex.com\/fr\/wp-json\/wp\/v2\/comments?post=62783"}],"version-history":[{"count":0,"href":"https:\/\/cobmex.com\/fr\/wp-json\/wp\/v2\/pages\/62783\/revisions"}],"wp:attachment":[{"href":"https:\/\/cobmex.com\/fr\/wp-json\/wp\/v2\/media?parent=62783"}],"curies":[{"name":"wp","href":"https:\/\/api.w.org\/{rel}","templated":true}]}}