{"id":45960,"date":"2020-10-05T15:25:55","date_gmt":"2020-10-06T22:25:10","guid":{"rendered":"https:\/\/cobmex.com\/product\/1210\/"},"modified":"2023-05-24T18:59:32","modified_gmt":"2023-05-24T18:59:32","slug":"1210","status":"publish","type":"product","link":"https:\/\/cobmex.com\/fr\/produit\/1210\/","title":{"rendered":"1210"},"content":{"rendered":"","protected":false},"excerpt":{"rendered":"<p>Masque non m\u00e9dical r\u00e9utilisable \u00e0 filtre en nanofibres offrant 3 couches protectrices (paquet de 3)<\/p>\n<div style=\"padding: 5px 8px; background-color: #f04e23; display: inline; font-size: 11px; border-radius: 3px;\"><a style=\"color: white; text-decoration: none;\" href=\"https:\/\/cobmex.com\/fr\/masques-reutilisables\/\">EN SAVOIR PLUS<\/a><\/div>\n<div class=\"divider\"><\/div>\n<p><strong>Tailles disponibles<\/strong><br \/>\nTaille unique (r\u00e9glable)<\/p>\n<div class=\"divider\"><\/div>\n<p><strong>Coloris disponibles<\/strong><br \/>\n<img decoding=\"async\" style=\"margin-top: 5px;\" src=\"https:\/\/cobmex.com\/wp-content\/uploads\/2021\/03\/Noir-thumb.jpg\" \/><\/p>\n<div class=\"divider\"><\/div>\n<p><strong>Composition<\/strong><br \/>\n<span style=\"color: #f04e23;\">Couche externe<\/span><br \/>\n76 % Nylon, 24 % \u00c9lasthane<br \/>\n<span style=\"color: #f04e23;\">Couche interm\u00e9diaire (filtre en nanofibres)<\/span><br \/>\n65 % Polyester, 35 % Nylon<br \/>\n<span style=\"color: #f04e23;\">Couche interne<\/span><br \/>\n95% Algod\u00f3n, 5% Poli\u00e9ster<\/p>\n","protected":false},"featured_media":43695,"template":"","meta":{"content-type":"","inline_featured_image":false,"_metasync_otto_title":"","_metasync_otto_description":"","_metasync_otto_keywords":"","_metasync_otto_og_title":"","_metasync_otto_og_description":"","_metasync_otto_twitter_title":"","_metasync_otto_twitter_description":"","rank_math_title":"","rank_math_description":"","_yoast_wpseo_title":"","_yoast_wpseo_metadesc":"","_aioseo_title":null,"_aioseo_description":null,"_metasync_seo_title":"","_metasync_seo_desc":"","_metasync_otto_disabled":""},"product_brand":[],"product_cat":[124],"product_tag":[],"class_list":{"0":"post-45960","1":"product","2":"type-product","3":"status-publish","4":"has-post-thumbnail","6":"product_cat-cat-05-fr","7":"pa_color-noir","8":"description-off","10":"first","11":"instock","12":"shipping-taxable","13":"product-type-simple"},"gallery_images":[43805,43808],"_links":{"self":[{"href":"https:\/\/cobmex.com\/fr\/wp-json\/wp\/v2\/product\/45960","targetHints":{"allow":["GET"]}}],"collection":[{"href":"https:\/\/cobmex.com\/fr\/wp-json\/wp\/v2\/product"}],"about":[{"href":"https:\/\/cobmex.com\/fr\/wp-json\/wp\/v2\/types\/product"}],"wp:featuredmedia":[{"embeddable":true,"href":"https:\/\/cobmex.com\/fr\/wp-json\/wp\/v2\/media\/43695"}],"wp:attachment":[{"href":"https:\/\/cobmex.com\/fr\/wp-json\/wp\/v2\/media?parent=45960"}],"wp:term":[{"taxonomy":"product_brand","embeddable":true,"href":"https:\/\/cobmex.com\/fr\/wp-json\/wp\/v2\/product_brand?post=45960"},{"taxonomy":"product_cat","embeddable":true,"href":"https:\/\/cobmex.com\/fr\/wp-json\/wp\/v2\/product_cat?post=45960"},{"taxonomy":"product_tag","embeddable":true,"href":"https:\/\/cobmex.com\/fr\/wp-json\/wp\/v2\/product_tag?post=45960"}],"curies":[{"name":"wp","href":"https:\/\/api.w.org\/{rel}","templated":true}]}}