{"id":46032,"date":"2019-11-10T05:16:58","date_gmt":"2019-11-10T05:16:58","guid":{"rendered":"https:\/\/cobmex.com\/product\/2009\/"},"modified":"2022-11-02T15:21:11","modified_gmt":"2022-11-02T15:21:11","slug":"2009-3","status":"publish","type":"product","link":"https:\/\/cobmex.com\/fr\/produit\/2009-3\/","title":{"rendered":"2009"},"content":{"rendered":"<p>Tricot \u00e0 manches longues en similicachemire avec col en V<\/p>\n<div class=\"divider\"><\/div>\n<p><strong>Tailles disponibles<\/strong><br \/>\nDe TP \u00e0 5TG<\/p>\n<div class=\"divider\"><\/div>\n<p><strong>Couleurs disponibles<\/strong><\/p>\n<p><img decoding=\"async\" style=\"height: 23px;\" src=\"https:\/\/cobmex.com\/wp-content\/uploads\/\/2020\/01\/360-degrees.svg\" alt=\"\" title=\"\"> <span style=\"font-size: 11px; vertical-align: 7px; color: #f04e23;\">Vid\u00e9o disponible en <strong>Bleu marine<\/strong><\/span><\/p>\n","protected":false},"excerpt":{"rendered":"<div class=\"divider\"><\/div>\n<p><strong>Mat\u00e9riaux<\/strong><br \/>\n[css3_tooltip header=\"100% acrylique Durapil Ultra\u2122\" content=\"Durapil Ultra\u2122 de Cobmex est le traitement anti-boulochage le plus avanc\u00e9 technologiquement appliqu\u00e9 au fil acrylique. Des tests rigoureux en laboratoire et des \u00e9tudes de march\u00e9 ont montr\u00e9 une durabilit\u00e9 et un contr\u00f4le du boulochage sans pr\u00e9c\u00e9dent qui se traduisent par des v\u00eatements qui durent plus longtemps et continuent \u00e0 \u00eatre agr\u00e9ables au toucher. En suivant les instructions de lavage et d'entretien de ces v\u00eatements, on s'assure de leur qualit\u00e9 durable, usure apr\u00e8s usure et lavage apr\u00e8s lavage. C'est l'assurance Cobmex.\" position=\"top\" tag=\"a\" width=\"220px\" custom_css=\"color: #F04E23 !important; font-size: 15px !important;\" custom_content_css=\"background-color: #F04E23 !important;\" style=\"style_29\" delay=\"0\" cursor=\"pointer\" event=\"hover\"]100% acrylique Durapil Ultra\u2122[\/css3_tooltip]<\/p>\n<p><img decoding=\"async\" class=\"durapil-ultra-size\" src=\"https:\/\/cobmex.com\/wp-content\/uploads\/2020\/10\/durapil-ultra.svg\" \/><\/p>\n","protected":false},"featured_media":119297,"template":"","meta":{"content-type":"","inline_featured_image":false,"_metasync_otto_title":"","_metasync_otto_description":"","_metasync_otto_keywords":"","_metasync_otto_og_title":"","_metasync_otto_og_description":"","_metasync_otto_twitter_title":"","_metasync_otto_twitter_description":"","rank_math_title":"","rank_math_description":"","_yoast_wpseo_title":"","_yoast_wpseo_metadesc":"","_aioseo_title":"","_aioseo_description":"","_metasync_seo_title":"","_metasync_seo_desc":"","_metasync_otto_disabled":""},"product_brand":[],"product_cat":[72,75],"product_tag":[],"class_list":{"0":"post-46032","1":"product","2":"type-product","3":"status-publish","4":"has-post-thumbnail","6":"product_cat-cat-01-fr","7":"product_cat-tricots-a-jauge-fine","8":"pa_color-bleu-marine","9":"pa_color-gris-fonce","10":"pa_color-noir","11":"description-off","13":"first","14":"instock","15":"shipping-taxable","16":"purchasable","17":"product-type-variable"},"gallery_images":[3456,3457],"_links":{"self":[{"href":"https:\/\/cobmex.com\/fr\/wp-json\/wp\/v2\/product\/46032","targetHints":{"allow":["GET"]}}],"collection":[{"href":"https:\/\/cobmex.com\/fr\/wp-json\/wp\/v2\/product"}],"about":[{"href":"https:\/\/cobmex.com\/fr\/wp-json\/wp\/v2\/types\/product"}],"wp:featuredmedia":[{"embeddable":true,"href":"https:\/\/cobmex.com\/fr\/wp-json\/wp\/v2\/media\/119297"}],"wp:attachment":[{"href":"https:\/\/cobmex.com\/fr\/wp-json\/wp\/v2\/media?parent=46032"}],"wp:term":[{"taxonomy":"product_brand","embeddable":true,"href":"https:\/\/cobmex.com\/fr\/wp-json\/wp\/v2\/product_brand?post=46032"},{"taxonomy":"product_cat","embeddable":true,"href":"https:\/\/cobmex.com\/fr\/wp-json\/wp\/v2\/product_cat?post=46032"},{"taxonomy":"product_tag","embeddable":true,"href":"https:\/\/cobmex.com\/fr\/wp-json\/wp\/v2\/product_tag?post=46032"}],"curies":[{"name":"wp","href":"https:\/\/api.w.org\/{rel}","templated":true}]}}