{"id":46213,"date":"2020-01-13T20:09:39","date_gmt":"2020-10-07T00:52:20","guid":{"rendered":"https:\/\/cobmex.com\/product\/4409\/"},"modified":"2022-02-10T16:17:11","modified_gmt":"2022-02-10T16:17:11","slug":"4409","status":"publish","type":"product","link":"https:\/\/cobmex.com\/fr\/produit\/4409\/","title":{"rendered":"4409"},"content":{"rendered":"<p>Blouson aviateur \u00e0 fermeture \u00e9clair compl\u00e8te avec poches pour homme<\/p>\n<div class=\"divider\"><\/div>\n<p><strong>Tallas disponibles<\/strong><br \/>\nDe TP \u00e0 TG4<\/p>\n<div class=\"divider\"><\/div>\n<p><strong>Couleurs disponibles<\/strong><\/p>\n<p><img decoding=\"async\" style=\"height: 23px;\" src=\"https:\/\/cobmex.com\/wp-content\/uploads\/\/360-degrees.svg\" alt=\"\" title=\"\"> <span style=\"font-size: 11px; vertical-align: 7px; color: #f04e23;\">Vid\u00e9o disponible en couleur <strong>charbon de<\/strong> bois<\/span><\/p>\n","protected":false},"excerpt":{"rendered":"<div class=\"divider\"><\/div>\n<p><strong>Mat\u00e9riaux<\/strong><br \/>\n[css3_tooltip header=\"OEKO-TEX\" content='STANDARD 100 by OEKO-TEX\u00ae is one of the world\"s best-known labels for textiles tested for harmful substances. It stands for customer confidence and high product safety. Find out here what STANDARD 100 means and why it is worth checking for this label when buying textiles.' position=\"top\" tag=\"a\" width=\"220px\" custom_css=\"color: #F04E23 !important; font-size: 15px !important;\" custom_content_css=\"background-color: #F04E23 !important;\" style=\"style_29\" delay=\"0\" cursor=\"pointer\" event=\"hover\"]88% Acrylique, 12% Nylon[\/css3_tooltip]<\/p>\n<p><img decoding=\"async\" style=\"height: 50px;\" src=\"https:\/\/cobmex.com\/wp-content\/uploads\/2020\/01\/oeko-tex.svg\" \/><\/p>\n","protected":false},"featured_media":119303,"template":"","meta":{"content-type":"","inline_featured_image":false,"_metasync_otto_title":"","_metasync_otto_description":"","_metasync_otto_keywords":"","_metasync_otto_og_title":"","_metasync_otto_og_description":"","_metasync_otto_twitter_title":"","_metasync_otto_twitter_description":"","rank_math_title":"","rank_math_description":"","_yoast_wpseo_title":"","_yoast_wpseo_metadesc":"","_aioseo_title":"","_aioseo_description":"","_metasync_seo_title":"","_metasync_seo_desc":"","_metasync_otto_disabled":""},"product_brand":[],"product_cat":[71],"product_tag":[],"class_list":{"0":"post-46213","1":"product","2":"type-product","3":"status-publish","4":"has-post-thumbnail","6":"product_cat-cat-03-fr","7":"pa_color-charbon","8":"pa_color-noir-dencre","9":"pa_color-noir-profond","10":"description-off","12":"first","13":"instock","14":"shipping-taxable","15":"purchasable","16":"product-type-variable"},"gallery_images":[58830,3602],"_links":{"self":[{"href":"https:\/\/cobmex.com\/fr\/wp-json\/wp\/v2\/product\/46213","targetHints":{"allow":["GET"]}}],"collection":[{"href":"https:\/\/cobmex.com\/fr\/wp-json\/wp\/v2\/product"}],"about":[{"href":"https:\/\/cobmex.com\/fr\/wp-json\/wp\/v2\/types\/product"}],"wp:featuredmedia":[{"embeddable":true,"href":"https:\/\/cobmex.com\/fr\/wp-json\/wp\/v2\/media\/119303"}],"wp:attachment":[{"href":"https:\/\/cobmex.com\/fr\/wp-json\/wp\/v2\/media?parent=46213"}],"wp:term":[{"taxonomy":"product_brand","embeddable":true,"href":"https:\/\/cobmex.com\/fr\/wp-json\/wp\/v2\/product_brand?post=46213"},{"taxonomy":"product_cat","embeddable":true,"href":"https:\/\/cobmex.com\/fr\/wp-json\/wp\/v2\/product_cat?post=46213"},{"taxonomy":"product_tag","embeddable":true,"href":"https:\/\/cobmex.com\/fr\/wp-json\/wp\/v2\/product_tag?post=46213"}],"curies":[{"name":"wp","href":"https:\/\/api.w.org\/{rel}","templated":true}]}}