{"id":46345,"date":"2020-01-12T05:54:45","date_gmt":"2020-01-12T05:54:45","guid":{"rendered":"https:\/\/cobmex.com\/product\/8082\/"},"modified":"2022-12-15T20:55:16","modified_gmt":"2022-12-15T20:55:16","slug":"8082","status":"publish","type":"product","link":"https:\/\/cobmex.com\/fr\/produit\/8082\/","title":{"rendered":"8082"},"content":{"rendered":"<p>Tricot style commando en tissu c\u00f4tel\u00e9 avec col en V et \u00e9paulettes \u00e0 fermeture marque VELCRO<sup>\u00ae<\/sup>, empi\u00e8cements aux \u00e9paules et aux coudes<\/p>\n<div class=\"divider\"><\/div>\n<p><strong>Tailles disponibles<\/strong><br \/>\nDe TP \u00e0 5TG<\/p>\n<div class=\"divider\"><\/div>\n<p><strong>Couleurs disponibles<\/strong><\/p>\n<p><img decoding=\"async\" style=\"height: 23px;\" src=\"https:\/\/cobmex.com\/wp-content\/uploads\/\/2020\/01\/360-degrees.svg\" alt=\"\" title=\"\"> <span style=\"font-size: 11px; vertical-align: 7px; color: #f04e23;\">Vid\u00e9o disponible en <strong>Bleu marine fonc\u00e9 <\/strong><\/span><\/p>\n","protected":false},"excerpt":{"rendered":"<div class=\"divider\"><\/div>\n<p><strong>Mat\u00e9riaux<\/strong><br \/>\n70% acrylique Durapil\u2122, 30% Laine<\/p>\n<p><img decoding=\"async\" class=\"durapil-size\" src=\"https:\/\/cobmex.com\/wp-content\/uploads\/2020\/10\/durapil.svg\" \/><\/p>\n","protected":false},"featured_media":119330,"template":"","meta":{"content-type":"","inline_featured_image":false,"_metasync_otto_title":"","_metasync_otto_description":"","_metasync_otto_keywords":"","_metasync_otto_og_title":"","_metasync_otto_og_description":"","_metasync_otto_twitter_title":"","_metasync_otto_twitter_description":"","rank_math_title":"","rank_math_description":"","_yoast_wpseo_title":"","_yoast_wpseo_metadesc":"","_aioseo_title":"","_aioseo_description":"","_metasync_seo_title":"","_metasync_seo_desc":"","_metasync_otto_disabled":""},"product_brand":[],"product_cat":[79,77],"product_tag":[],"class_list":{"0":"post-46345","1":"product","2":"type-product","3":"status-publish","4":"has-post-thumbnail","6":"product_cat-commando-fr","7":"product_cat-cat-02-fr","8":"pa_color-bleu-marine-fonce","9":"pa_color-noir","10":"description-off","12":"first","13":"instock","14":"shipping-taxable","15":"purchasable","16":"product-type-variable"},"gallery_images":[3560,3561],"_links":{"self":[{"href":"https:\/\/cobmex.com\/fr\/wp-json\/wp\/v2\/product\/46345","targetHints":{"allow":["GET"]}}],"collection":[{"href":"https:\/\/cobmex.com\/fr\/wp-json\/wp\/v2\/product"}],"about":[{"href":"https:\/\/cobmex.com\/fr\/wp-json\/wp\/v2\/types\/product"}],"wp:featuredmedia":[{"embeddable":true,"href":"https:\/\/cobmex.com\/fr\/wp-json\/wp\/v2\/media\/119330"}],"wp:attachment":[{"href":"https:\/\/cobmex.com\/fr\/wp-json\/wp\/v2\/media?parent=46345"}],"wp:term":[{"taxonomy":"product_brand","embeddable":true,"href":"https:\/\/cobmex.com\/fr\/wp-json\/wp\/v2\/product_brand?post=46345"},{"taxonomy":"product_cat","embeddable":true,"href":"https:\/\/cobmex.com\/fr\/wp-json\/wp\/v2\/product_cat?post=46345"},{"taxonomy":"product_tag","embeddable":true,"href":"https:\/\/cobmex.com\/fr\/wp-json\/wp\/v2\/product_tag?post=46345"}],"curies":[{"name":"wp","href":"https:\/\/api.w.org\/{rel}","templated":true}]}}