{"id":46376,"date":"2020-01-12T05:57:24","date_gmt":"2020-10-07T01:10:50","guid":{"rendered":"https:\/\/cobmex.com\/product\/4012\/"},"modified":"2022-12-15T20:56:33","modified_gmt":"2022-12-15T20:56:33","slug":"4012","status":"publish","type":"product","link":"https:\/\/cobmex.com\/fr\/produit\/4012\/","title":{"rendered":"4012"},"content":{"rendered":"<p>Tricot \u00e0 glissi\u00e8re style commando avec col ras du cou et \u00e9paulettes \u00e0 fermeture marque VELCRO<sup>\u00ae<\/sup>, empi\u00e8cements aux \u00e9paules et aux coudes<\/p>\n<div class=\"divider\"><\/div>\n<p><strong>Tailles disponibles<\/strong><br \/>\nDe TP \u00e0 5TG<\/p>\n<div class=\"divider\"><\/div>\n<p><strong>Couleurs disponibles<\/strong><\/p>\n<p><img decoding=\"async\" style=\"height: 23px;\" src=\"https:\/\/cobmex.com\/wp-content\/uploads\/\/2020\/01\/360-degrees.svg\" alt=\"\" title=\"\"> <span style=\"font-size: 11px; vertical-align: 7px; color: #f04e23;\">Vid\u00e9o disponible en <strong>Noir <\/strong><\/span><\/p>\n","protected":false},"excerpt":{"rendered":"<div class=\"divider\"><\/div>\n<p><strong>Mat\u00e9riaux<\/strong><br \/>\n[css3_tooltip header=\"100% acrylique Durapil\u2122\" content=\"Cobmex Durapil\u2122 est un traitement appliqu\u00e9 \u00e0 un fil acrylique de haute qualit\u00e9 pour une durabilit\u00e9 et un contr\u00f4le de la pilule sup\u00e9rieurs. Des tests ind\u00e9pendants montrent que Durapil\u2122 de Cobmex surpasse les autres principaux tissus de contr\u00f4le de la pilule. En collaboration avec les principaux producteurs nord-am\u00e9ricains de textiles de chimio, nous avons commenc\u00e9 par utiliser un fil acrylique \u00e0 longues fibres. Un fil \u00e0 longue fibre sera toujours plus performant qu'un fil \u00e0 courte fibre, qui est actuellement utilis\u00e9 sur le march\u00e9 des uniformes. Le fil \u00e0 longue fibre est plus performant parce que la fibre est plus longue et que, lors du processus de filage, le fil est torsad\u00e9 en anneau. Le r\u00e9sultat est Durapil\u2122. Du seul fait de ce proc\u00e9d\u00e9, Durapil\u2122 est plus r\u00e9sistant et pr\u00e9sente moins de boulochage.\" position=\"top\" tag=\"a\" width=\"300px\" custom_css=\"color: #F04E23 !important; font-size: 15px !important;\" custom_content_css=\"background-color: #F04E23 !important;\" style=\"style_29\" delay=\"0\" cursor=\"pointer\" event=\"hover\"]100% acrylique Durapil\u2122[\/css3_tooltip]<\/p>\n<p><img decoding=\"async\" class=\"durapil-size\" src=\"https:\/\/cobmex.com\/wp-content\/uploads\/2020\/10\/durapil.svg\" \/><\/p>\n","protected":false},"featured_media":119245,"template":"","meta":{"content-type":"","inline_featured_image":false,"_metasync_otto_title":"","_metasync_otto_description":"","_metasync_otto_keywords":"","_metasync_otto_og_title":"","_metasync_otto_og_description":"","_metasync_otto_twitter_title":"","_metasync_otto_twitter_description":"","rank_math_title":"","rank_math_description":"","_yoast_wpseo_title":"","_yoast_wpseo_metadesc":"","_aioseo_title":"","_aioseo_description":"","_metasync_seo_title":"","_metasync_seo_desc":"","_metasync_otto_disabled":""},"product_brand":[],"product_cat":[79,77],"product_tag":[],"class_list":{"0":"post-46376","1":"product","2":"type-product","3":"status-publish","4":"has-post-thumbnail","6":"product_cat-commando-fr","7":"product_cat-cat-02-fr","8":"pa_color-bleu-marine-fonce","9":"pa_color-noir","10":"description-off","12":"first","13":"instock","14":"shipping-taxable","15":"purchasable","16":"product-type-variable"},"gallery_images":[3552,3553],"_links":{"self":[{"href":"https:\/\/cobmex.com\/fr\/wp-json\/wp\/v2\/product\/46376","targetHints":{"allow":["GET"]}}],"collection":[{"href":"https:\/\/cobmex.com\/fr\/wp-json\/wp\/v2\/product"}],"about":[{"href":"https:\/\/cobmex.com\/fr\/wp-json\/wp\/v2\/types\/product"}],"wp:featuredmedia":[{"embeddable":true,"href":"https:\/\/cobmex.com\/fr\/wp-json\/wp\/v2\/media\/119245"}],"wp:attachment":[{"href":"https:\/\/cobmex.com\/fr\/wp-json\/wp\/v2\/media?parent=46376"}],"wp:term":[{"taxonomy":"product_brand","embeddable":true,"href":"https:\/\/cobmex.com\/fr\/wp-json\/wp\/v2\/product_brand?post=46376"},{"taxonomy":"product_cat","embeddable":true,"href":"https:\/\/cobmex.com\/fr\/wp-json\/wp\/v2\/product_cat?post=46376"},{"taxonomy":"product_tag","embeddable":true,"href":"https:\/\/cobmex.com\/fr\/wp-json\/wp\/v2\/product_tag?post=46376"}],"curies":[{"name":"wp","href":"https:\/\/api.w.org\/{rel}","templated":true}]}}