{"id":46467,"date":"2020-01-13T19:46:48","date_gmt":"2020-10-07T01:12:10","guid":{"rendered":"https:\/\/cobmex.com\/product\/ps1431\/"},"modified":"2021-07-27T20:19:43","modified_gmt":"2021-07-27T20:19:43","slug":"us1431","status":"publish","type":"product","link":"https:\/\/cobmex.com\/fr\/produit\/us1431\/","title":{"rendered":"US1431"},"content":{"rendered":"<p>Cardigan \u00e0 manches longues pour employ\u00e9 de commerce de d\u00e9tail<\/p>\n<div class=\"divider\"><\/div>\n<p><strong>Tailles disponibles<\/strong><br \/>\nDe TP \u00e0 5TG<\/p>\n<div class=\"divider\"><\/div>\n<p><strong>Couleurs disponibles<\/strong><\/p>\n","protected":false},"excerpt":{"rendered":"<div class=\"divider\"><\/div>\n<p><strong>Mat\u00e9riaux<\/strong><br \/>\n100% Acrylique<\/p>\n","protected":false},"featured_media":33896,"template":"","meta":{"content-type":"","inline_featured_image":false,"_metasync_otto_title":"","_metasync_otto_description":"","_metasync_otto_keywords":"","_metasync_otto_og_title":"","_metasync_otto_og_description":"","_metasync_otto_twitter_title":"","_metasync_otto_twitter_description":"","rank_math_title":"","rank_math_description":"","_yoast_wpseo_title":"","_yoast_wpseo_metadesc":"","_aioseo_title":"","_aioseo_description":"","_metasync_seo_title":"","_metasync_seo_desc":"","_metasync_otto_disabled":""},"product_brand":[],"product_cat":[18],"product_tag":[],"class_list":{"0":"post-46467","1":"product","2":"type-product","3":"status-publish","4":"has-post-thumbnail","6":"product_cat-cat-01","7":"description-off","9":"first","10":"instock","11":"shipping-taxable","12":"purchasable","13":"product-type-variable"},"gallery_images":[120894,120891,120897],"_links":{"self":[{"href":"https:\/\/cobmex.com\/fr\/wp-json\/wp\/v2\/product\/46467","targetHints":{"allow":["GET"]}}],"collection":[{"href":"https:\/\/cobmex.com\/fr\/wp-json\/wp\/v2\/product"}],"about":[{"href":"https:\/\/cobmex.com\/fr\/wp-json\/wp\/v2\/types\/product"}],"wp:featuredmedia":[{"embeddable":true,"href":"https:\/\/cobmex.com\/fr\/wp-json\/wp\/v2\/media\/33896"}],"wp:attachment":[{"href":"https:\/\/cobmex.com\/fr\/wp-json\/wp\/v2\/media?parent=46467"}],"wp:term":[{"taxonomy":"product_brand","embeddable":true,"href":"https:\/\/cobmex.com\/fr\/wp-json\/wp\/v2\/product_brand?post=46467"},{"taxonomy":"product_cat","embeddable":true,"href":"https:\/\/cobmex.com\/fr\/wp-json\/wp\/v2\/product_cat?post=46467"},{"taxonomy":"product_tag","embeddable":true,"href":"https:\/\/cobmex.com\/fr\/wp-json\/wp\/v2\/product_tag?post=46467"}],"curies":[{"name":"wp","href":"https:\/\/api.w.org\/{rel}","templated":true}]}}